{"id":1763,"date":"2021-01-01T15:02:14","date_gmt":"2021-01-01T15:02:14","guid":{"rendered":"https:\/\/migrate.worlddancemovement.com\/?page_id=1763"},"modified":"2021-01-23T20:06:03","modified_gmt":"2021-01-23T20:06:03","slug":"wes-veldink","status":"publish","type":"page","link":"https:\/\/worlddancemovement.com\/it_it\/faculty\/wes-veldink\/","title":{"rendered":"WES VELDINK"},"content":{"rendered":"<div data-elementor-type=\"wp-page\" data-elementor-id=\"1763\" class=\"elementor elementor-1763\" data-elementor-post-type=\"page\">\n\t\t\t\t\t\t<section class=\"elementor-section elementor-top-section elementor-element elementor-element-94ec49d elementor-section-full_width elementor-section-height-min-height elementor-section-height-default elementor-section-items-middle\" data-id=\"94ec49d\" data-element_type=\"section\" data-e-type=\"section\" data-settings=\"{&quot;background_background&quot;:&quot;classic&quot;}\">\n\t\t\t\t\t\t\t<div class=\"elementor-background-overlay\"><\/div>\n\t\t\t\t\t\t\t<div class=\"elementor-container elementor-column-gap-no\">\n\t\t\t\t\t<div class=\"elementor-column elementor-col-100 elementor-top-column elementor-element elementor-element-8268956\" data-id=\"8268956\" data-element_type=\"column\" data-e-type=\"column\">\n\t\t\t<div class=\"elementor-widget-wrap elementor-element-populated\">\n\t\t\t\t\t\t<div class=\"elementor-element elementor-element-5016628 elementor-widget elementor-widget-heading\" data-id=\"5016628\" data-element_type=\"widget\" data-e-type=\"widget\" data-widget_type=\"heading.default\">\n\t\t\t\t<div class=\"elementor-widget-container\">\n\t\t\t\t\t<h2 class=\"elementor-heading-title elementor-size-default\">WES VELDINK\n<\/h2>\t\t\t\t<\/div>\n\t\t\t\t<\/div>\n\t\t\t\t<div class=\"elementor-element elementor-element-a86216f elementor-widget-divider--view-line elementor-widget elementor-widget-divider\" data-id=\"a86216f\" data-element_type=\"widget\" data-e-type=\"widget\" data-widget_type=\"divider.default\">\n\t\t\t\t<div class=\"elementor-widget-container\">\n\t\t\t\t\t\t\t<div class=\"elementor-divider\">\n\t\t\t<span class=\"elementor-divider-separator\">\n\t\t\t\t\t\t<\/span>\n\t\t<\/div>\n\t\t\t\t\t\t<\/div>\n\t\t\t\t<\/div>\n\t\t\t\t\t<\/div>\n\t\t<\/div>\n\t\t\t\t\t<\/div>\n\t\t<\/section>\n\t\t\t\t<section class=\"elementor-section elementor-top-section elementor-element elementor-element-a2d6cca elementor-section-full_width elementor-section-height-default elementor-section-height-default\" data-id=\"a2d6cca\" data-element_type=\"section\" data-e-type=\"section\">\n\t\t\t\t\t\t<div class=\"elementor-container elementor-column-gap-default\">\n\t\t\t\t\t<div class=\"elementor-column elementor-col-100 elementor-top-column elementor-element elementor-element-a45c6d3\" data-id=\"a45c6d3\" data-element_type=\"column\" data-e-type=\"column\">\n\t\t\t<div class=\"elementor-widget-wrap elementor-element-populated\">\n\t\t\t\t\t\t<div class=\"elementor-element elementor-element-f854b1f elementor-widget elementor-widget-heading\" data-id=\"f854b1f\" data-element_type=\"widget\" data-e-type=\"widget\" data-widget_type=\"heading.default\">\n\t\t\t\t<div class=\"elementor-widget-container\">\n\t\t\t\t\t<h2 class=\"elementor-heading-title elementor-size-default\">USA \/ Classe: Contemporaneo\n\n\n\n\n\n\n\n\n\n\n\n<\/h2>\t\t\t\t<\/div>\n\t\t\t\t<\/div>\n\t\t\t\t<div class=\"elementor-element elementor-element-09d8b9c elementor-blockquote--skin-border elementor-widget elementor-widget-blockquote\" data-id=\"09d8b9c\" data-element_type=\"widget\" data-e-type=\"widget\" data-widget_type=\"blockquote.default\">\n\t\t\t\t<div class=\"elementor-widget-container\">\n\t\t\t\t\t\t\t<blockquote class=\"elementor-blockquote\">\n\t\t\t<p class=\"elementor-blockquote__content\">\n\t\t\t\t&quot;Wes Veldink e i suoi ballerini si muovono con una qualit\u00e0 feroce e sexy che sprigiona passione, lussuria e rabbia. La rinfrescante onest\u00e0 dei loro movimenti accompagna il pubblico in un viaggio emotivo attraverso le valli del proprio desiderio.&quot;\t\t\t<\/p>\n\t\t\t\t\t\t\t<div class=\"e-q-footer\">\n\t\t\t\t\t\t\t\t\t\t\t<cite class=\"elementor-blockquote__author\">\u00a0-Sara Jarrett, redattore capo della rivista Dance Spirit<\/cite>\n\t\t\t\t\t\t\t\t\t\t\t\t\t\t<\/div>\n\t\t\t\t\t<\/blockquote>\n\t\t\t\t\t\t<\/div>\n\t\t\t\t<\/div>\n\t\t\t\t<div class=\"elementor-element elementor-element-3947f8e elementor-widget elementor-widget-text-editor\" data-id=\"3947f8e\" data-element_type=\"widget\" data-e-type=\"widget\" data-widget_type=\"text-editor.default\">\n\t\t\t\t<div class=\"elementor-widget-container\">\n\t\t\t\t\t\t\t\t\t<p>Il regista e coreografo Wes Veldink ha iniziato a sviluppare il suo stile di danza unico e dinamico pi\u00f9 di vent&#039;anni fa. Basato sui fondamenti del jazz, del balletto e del moderno, il suo lavoro trasforma la postura e il gesto umano in movimento che porta le complessit\u00e0 della musica nella vita visiva e trascende i confini tra danza commerciale e da concerto.<\/p>\n<p>Dopo aver aperto uno studio di danza all&#039;et\u00e0 di 16 anni nella sua citt\u00e0 natale, Wes ha iniziato la sua carriera a Los Angeles dopo essersi diplomato alla prestigiosa Orange County High School of the Arts. Mentre era a Los Angeles, Wes ha insegnato all&#039;EDGE Performing Arts Center, ha co-coreografato il video di Paula Abdul Blowing Kisses in the Wind, \u00e8 stato la controfigura di Michael Jackson in due video, ha improvvisato dal vivo sul palco con la cantautrice Ani Difranco e ha ballato nel film Disney. Strilloni.<\/p>\n<p>Dopo essersi trasferito a New York City, ha fondato la sua compagnia di danza professionale, The Wes Veldink Movement, che ha girato Los Angeles, Toronto e la Corea del Sud. Wes \u00e8 stato invitato a insegnare e coreografare per la Oslo State Ballet School\/Oslo Dance Ensemble (Norvegia), la Osaka School of Music e K-Broadway (Giappone), il Mediterraneo Dance Festival e World Dance Movement (Italia), Studio Harmonic (Francia), Amsterdam Dance Centre (Olanda) e Nadine Bommer Academy (Israele), nonch\u00e9 universit\u00e0, conservatori e convegni negli Stati Uniti e in Canada. Insegnante di danza e movimento da oltre 25 anni, Wes attualmente insegna al Broadway Dance Center di New York ed \u00e8 in tourn\u00e9e con la convention di danza Artists Simply Human.<\/p>\n<p>Recentemente, Wes ha coreografato una serie di spot pubblicitari per Joe Fresh, una campagna internazionale per Nikon con Kate Moss e una campagna Revlon con Olivia Wilde. Nella musica, Wes ha contribuito come coreografo al tour Set the World on Fire di Alicia Keys ed \u00e8 stato il direttore\/coreografo del tour promozionale Heart of Gold di Ashlyne Huff in 30 citt\u00e0.<\/p>\n<p>Inoltre, Wes ha coreografato e ambientato le sequenze di danza per Gwyneth Paltrow e Leighton Meester nel film Country Strong. Attraverso la sua societ\u00e0 di produzione, &quot;Calm &amp; Sense Creations&quot;, ha ideato, diretto e coreografato due cortometraggi di danza: Full Circle (girato nella foresta nazionale di Redwood) e Untitled (girato a Tropea, Italia).<\/p>\n<p><b>Descrizione della classe:<\/b> La mia lezione sottolinea l&#039;importanza del respiro, della distribuzione dell&#039;energia, della vulnerabilit\u00e0 e della musicalit\u00e0. Il riscaldamento \u00e8 basato sullo yoga ed \u00e8 progettato per aiutare i ballerini a fare l&#039;inventario del loro stato mentale, emotivo, fisico e spirituale. Credo fermamente che possiamo condividere efficacemente solo ci\u00f2 che sappiamo. La mia coreografia \u00e8 una fusione di tecnica, numerosi stili di danza e movimento umano. Mi sforzo di creare un ambiente di classe che offra opportunit\u00e0 per acquisire consapevolezza di s\u00e9, connessione mente e corpo e come essere un movimento coscienzioso. I ballerini sono incoraggiati ad avere una forte concentrazione, un&#039;immaginazione illimitata e un forte desiderio di evoluzione. E gioia... tanta gioia.<\/p>\t\t\t\t\t\t\t\t<\/div>\n\t\t\t\t<\/div>\n\t\t\t\t\t<\/div>\n\t\t<\/div>\n\t\t\t\t\t<\/div>\n\t\t<\/section>\n\t\t\t\t<\/div>","protected":false},"excerpt":{"rendered":"<p>WES VELDINK USA \/ Class: Contemporary &#8220;Wes Veldink and his dancers move with a fierce, sexy quality that wreaks of passion, lust and rage. The refreshing honesty of their movement takes the audience on an emotional journey through the valleys of their own desire.&#8221; \u00a0-Sara Jarrett, editor-in-chief Dance Spirit Magazine Director and choreographer, Wes Veldink, [&hellip;]<\/p>\n","protected":false},"author":6,"featured_media":0,"parent":1562,"menu_order":0,"comment_status":"closed","ping_status":"closed","template":"","meta":{"_acf_changed":false,"site-sidebar-layout":"no-sidebar","site-content-layout":"page-builder","ast-site-content-layout":"default","site-content-style":"default","site-sidebar-style":"default","ast-global-header-display":"","ast-banner-title-visibility":"","ast-main-header-display":"","ast-hfb-above-header-display":"","ast-hfb-below-header-display":"","ast-hfb-mobile-header-display":"","site-post-title":"disabled","ast-breadcrumbs-content":"","ast-featured-img":"disabled","footer-sml-layout":"","ast-disable-related-posts":"","theme-transparent-header-meta":"default","adv-header-id-meta":"","stick-header-meta":"default","header-above-stick-meta":"","header-main-stick-meta":"","header-below-stick-meta":"","astra-migrate-meta-layouts":"default","ast-page-background-enabled":"default","ast-page-background-meta":{"desktop":{"background-color":"","background-image":"","background-repeat":"repeat","background-position":"center center","background-size":"auto","background-attachment":"scroll","background-type":"","background-media":"","overlay-type":"","overlay-color":"","overlay-opacity":"","overlay-gradient":""},"tablet":{"background-color":"","background-image":"","background-repeat":"repeat","background-position":"center center","background-size":"auto","background-attachment":"scroll","background-type":"","background-media":"","overlay-type":"","overlay-color":"","overlay-opacity":"","overlay-gradient":""},"mobile":{"background-color":"","background-image":"","background-repeat":"repeat","background-position":"center center","background-size":"auto","background-attachment":"scroll","background-type":"","background-media":"","overlay-type":"","overlay-color":"","overlay-opacity":"","overlay-gradient":""}},"ast-content-background-meta":{"desktop":{"background-color":"var(--ast-global-color-5)","background-image":"","background-repeat":"repeat","background-position":"center center","background-size":"auto","background-attachment":"scroll","background-type":"","background-media":"","overlay-type":"","overlay-color":"","overlay-opacity":"","overlay-gradient":""},"tablet":{"background-color":"var(--ast-global-color-5)","background-image":"","background-repeat":"repeat","background-position":"center center","background-size":"auto","background-attachment":"scroll","background-type":"","background-media":"","overlay-type":"","overlay-color":"","overlay-opacity":"","overlay-gradient":""},"mobile":{"background-color":"var(--ast-global-color-5)","background-image":"","background-repeat":"repeat","background-position":"center center","background-size":"auto","background-attachment":"scroll","background-type":"","background-media":"","overlay-type":"","overlay-color":"","overlay-opacity":"","overlay-gradient":""}},"footnotes":""},"class_list":["post-1763","page","type-page","status-publish","hentry"],"acf":[],"jetpack_sharing_enabled":true,"_links":{"self":[{"href":"https:\/\/worlddancemovement.com\/it_it\/wp-json\/wp\/v2\/pages\/1763","targetHints":{"allow":["GET"]}}],"collection":[{"href":"https:\/\/worlddancemovement.com\/it_it\/wp-json\/wp\/v2\/pages"}],"about":[{"href":"https:\/\/worlddancemovement.com\/it_it\/wp-json\/wp\/v2\/types\/page"}],"author":[{"embeddable":true,"href":"https:\/\/worlddancemovement.com\/it_it\/wp-json\/wp\/v2\/users\/6"}],"replies":[{"embeddable":true,"href":"https:\/\/worlddancemovement.com\/it_it\/wp-json\/wp\/v2\/comments?post=1763"}],"version-history":[{"count":10,"href":"https:\/\/worlddancemovement.com\/it_it\/wp-json\/wp\/v2\/pages\/1763\/revisions"}],"predecessor-version":[{"id":3267,"href":"https:\/\/worlddancemovement.com\/it_it\/wp-json\/wp\/v2\/pages\/1763\/revisions\/3267"}],"up":[{"embeddable":true,"href":"https:\/\/worlddancemovement.com\/it_it\/wp-json\/wp\/v2\/pages\/1562"}],"wp:attachment":[{"href":"https:\/\/worlddancemovement.com\/it_it\/wp-json\/wp\/v2\/media?parent=1763"}],"curies":[{"name":"parola chiave","href":"https:\/\/api.w.org\/{rel}","templated":true}]}}