{"id":3,"date":"2020-12-10T14:14:10","date_gmt":"2020-12-10T14:14:10","guid":{"rendered":"http:\/?page_id=3"},"modified":"2021-12-09T19:41:39","modified_gmt":"2021-12-09T19:41:39","slug":"privacy-policy","status":"publish","type":"page","link":"https:\/\/worlddancemovement.com\/it_it\/privacy-policy\/","title":{"rendered":"politica sulla riservatezza"},"content":{"rendered":"<div data-elementor-type=\"wp-page\" data-elementor-id=\"3\" class=\"elementor elementor-3\" data-elementor-post-type=\"page\">\n\t\t\t\t\t\t<section class=\"elementor-section elementor-top-section elementor-element elementor-element-27597002 elementor-section-boxed elementor-section-height-default elementor-section-height-default\" data-id=\"27597002\" data-element_type=\"section\" data-e-type=\"section\" data-settings=\"{&quot;background_background&quot;:&quot;classic&quot;}\">\n\t\t\t\t\t\t<div class=\"elementor-container elementor-column-gap-default\">\n\t\t\t\t\t<div class=\"elementor-column elementor-col-100 elementor-top-column elementor-element elementor-element-326cdbaa\" data-id=\"326cdbaa\" data-element_type=\"column\" data-e-type=\"column\">\n\t\t\t<div class=\"elementor-widget-wrap elementor-element-populated\">\n\t\t\t\t\t\t<div class=\"elementor-element elementor-element-24ce777 elementor-widget elementor-widget-heading\" data-id=\"24ce777\" data-element_type=\"widget\" data-e-type=\"widget\" data-widget_type=\"heading.default\">\n\t\t\t\t<div class=\"elementor-widget-container\">\n\t\t\t\t\t<h2 class=\"elementor-heading-title elementor-size-default\">politica sulla riservatezza<\/h2>\t\t\t\t<\/div>\n\t\t\t\t<\/div>\n\t\t\t\t<div class=\"elementor-element elementor-element-039181a elementor-widget elementor-widget-text-editor\" data-id=\"039181a\" data-element_type=\"widget\" data-e-type=\"widget\" data-widget_type=\"text-editor.default\">\n\t\t\t\t<div class=\"elementor-widget-container\">\n\t\t\t\t\t\t\t\t\t<p>Benvenuti nei siti Web di Tezoro Productions LIVE situati in <a href=\"https:\/\/worlddancemovement.com\/it_it\/\">tezoroproductions.com<\/a>, <a href=\"https:\/\/worlddancemovement.com\/it_it\/\">worlddancemovement.com<\/a> e sito partner, stagedoorworkshops.com (i \u201cSiti\u201d). Vogliamo che tu ti senta a tuo agio nell&#039;usare i Siti, quindi abbiamo creato questa Informativa sulla privacy per farti sapere quali informazioni potremmo raccogliere da te sui Siti e come potremmo utilizzare tali informazioni. Ti preghiamo di dedicare un momento a rivedere i termini della nostra Informativa sulla privacy. Utilizzando i Siti, accetti i termini della nostra Informativa sulla privacy. Se non si accettano i termini della presente Informativa sulla privacy, si prega di non utilizzare i Siti. La presente Informativa sulla privacy si applica solo alle informazioni raccolte sui Siti e non si applica alle informazioni che potremmo raccogliere con altri mezzi.<\/p>\n<p>Le tue informazioni e come possiamo utilizzarle<\/p>\t\t\t\t\t\t\t\t<\/div>\n\t\t\t\t<\/div>\n\t\t\t\t<div class=\"elementor-element elementor-element-f5bc62a elementor-widget elementor-widget-heading\" data-id=\"f5bc62a\" data-element_type=\"widget\" data-e-type=\"widget\" data-widget_type=\"heading.default\">\n\t\t\t\t<div class=\"elementor-widget-container\">\n\t\t\t\t\t<h2 class=\"elementor-heading-title elementor-size-default\">1. Informazioni aggregate<\/h2>\t\t\t\t<\/div>\n\t\t\t\t<\/div>\n\t\t\t\t<div class=\"elementor-element elementor-element-84680f4 elementor-widget elementor-widget-text-editor\" data-id=\"84680f4\" data-element_type=\"widget\" data-e-type=\"widget\" data-widget_type=\"text-editor.default\">\n\t\t\t\t<div class=\"elementor-widget-container\">\n\t\t\t\t\t\t\t\t\t<p>Di tanto in tanto, potremmo raccogliere informazioni statistiche generali, non personali sull&#039;utilizzo dei Siti, ad esempio quanti visitatori visitano una pagina specifica dei Siti, quanto tempo rimangono su quella pagina e quali collegamenti ipertestuali, se presenti, , &quot;cliccano&quot; su. Raccogliamo queste informazioni per determinare quali aree dei Siti sono pi\u00f9 popolari e per migliorare i Siti per i visitatori. Potremmo anche raggruppare queste informazioni in dati aggregati sui visitatori al fine di descrivere l&#039;uso dei Siti ai nostri partner commerciali esistenti o potenziali, sponsor, inserzionisti o altre terze parti, o in risposta a una richiesta del governo. Tuttavia, ti assicuriamo che questi dati aggregati non identificheranno in alcun modo te o altri visitatori dei Siti.<\/p>\t\t\t\t\t\t\t\t<\/div>\n\t\t\t\t<\/div>\n\t\t\t\t<div class=\"elementor-element elementor-element-90bdac1 elementor-widget elementor-widget-heading\" data-id=\"90bdac1\" data-element_type=\"widget\" data-e-type=\"widget\" data-widget_type=\"heading.default\">\n\t\t\t\t<div class=\"elementor-widget-container\">\n\t\t\t\t\t<h2 class=\"elementor-heading-title elementor-size-default\">2. Informazioni personali\n<\/h2>\t\t\t\t<\/div>\n\t\t\t\t<\/div>\n\t\t\t\t<div class=\"elementor-element elementor-element-d7a8905 elementor-widget elementor-widget-text-editor\" data-id=\"d7a8905\" data-element_type=\"widget\" data-e-type=\"widget\" data-widget_type=\"text-editor.default\">\n\t\t\t\t<div class=\"elementor-widget-container\">\n\t\t\t\t\t\t\t\t\t<p>Per tua comodit\u00e0 e informazione, i Siti offrono diversi servizi e funzionalit\u00e0 che richiedono che tu ci fornisca informazioni personali, come nome, indirizzo postale, numero di telefono e indirizzo e-mail. Ad esempio, richiediamo informazioni personali se scegli di iscriverti a workshop e programmi offerti da Tezoro Productions \/ World Dance Movement, o se acquisti merce dal nostro negozio online o ti iscrivi alla nostra lista e-mail. Inoltre, se ti registri a lezioni o altri programmi o acquisti merce tramite il nostro negozio online, richiederemo i dati della tua carta di credito per fatturarti tali programmi o acquisti.<\/p>\t\t\t\t\t\t\t\t<\/div>\n\t\t\t\t<\/div>\n\t\t\t\t<div class=\"elementor-element elementor-element-d50f674 elementor-widget elementor-widget-text-editor\" data-id=\"d50f674\" data-element_type=\"widget\" data-e-type=\"widget\" data-widget_type=\"text-editor.default\">\n\t\t\t\t<div class=\"elementor-widget-container\">\n\t\t\t\t\t\t\t\t\t<p>Utilizzeremo le informazioni personali che ci invii per gli scopi per i quali sono state inviate. Per esempio; utilizzeremo le informazioni per elaborare i tuoi ordini online. Inoltre, potremmo utilizzare le tue informazioni personali per inviarti comunicazioni periodiche via e-mail e posta ordinaria per tenerti aggiornato sugli eventi attuali presso Tezoro Productions e nuovi programmi, prodotti o altre opportunit\u00e0 che potremmo offrire. \u00c8 possibile scegliere di non ricevere comunicazioni e-mail promozionali o pubblicitarie da parte nostra: (1) facendo clic sulla casella appropriata nel modulo di registrazione, (2) facendo clic sul collegamento per annullare l&#039;iscrizione contenuto in tali comunicazioni e-mail o (3) inviando un&#039;e-mail con &quot;annulla iscrizione&quot; nella riga del titolo a noi all&#039;indirizzo <a href=\"mailto:michele@tezoroproductions.com\">michele@tezoroproductions.com<\/a>.<\/p>\t\t\t\t\t\t\t\t<\/div>\n\t\t\t\t<\/div>\n\t\t\t\t<div class=\"elementor-element elementor-element-aaee056 elementor-widget elementor-widget-heading\" data-id=\"aaee056\" data-element_type=\"widget\" data-e-type=\"widget\" data-widget_type=\"heading.default\">\n\t\t\t\t<div class=\"elementor-widget-container\">\n\t\t\t\t\t<h2 class=\"elementor-heading-title elementor-size-default\">Divulgazione di informazioni personali\n<\/h2>\t\t\t\t<\/div>\n\t\t\t\t<\/div>\n\t\t\t\t<div class=\"elementor-element elementor-element-db70029 elementor-widget elementor-widget-text-editor\" data-id=\"db70029\" data-element_type=\"widget\" data-e-type=\"widget\" data-widget_type=\"text-editor.default\">\n\t\t\t\t<div class=\"elementor-widget-container\">\n\t\t\t\t\t\t\t\t\t<p>Non vendiamo alcuna informazione personale a terzi. Ad eccezione degli scopi molto limitati discussi in questo paragrafo, inoltre non condivideremo nessuna delle tue informazioni personali con terze parti.<\/p>\n<p>A volte potremmo avvalerci di altre attivit\u00e0 per eseguire determinati servizi per noi, come l&#039;elaborazione dei pagamenti con carta di credito, la consegna della nostra merce, l&#039;invio di posta ordinaria e la fornitura di assistenza marketing e analisi dei dati. Potremmo fornire informazioni personali a tali aziende quando tali informazioni sono necessarie per completare una transazione richiesta o altrimenti svolgere i propri compiti. A tali aziende non sar\u00e0 consentito utilizzare le tue informazioni per scopi diversi dall&#039;esecuzione dei propri servizi per Tezoro Productions.<\/p>\n<p>Ci riserviamo il diritto di divulgare le informazioni sui visitatori in casi speciali quando abbiamo motivo di credere che la divulgazione di queste informazioni sia necessaria per identificare, contattare o intraprendere un&#039;azione legale contro qualcuno che potrebbe causare lesioni o interferire con (intenzionalmente o meno) i nostri diritti o propriet\u00e0, altri visitatori o chiunque altro che potrebbe essere danneggiato da tali attivit\u00e0. Ci\u00f2 include il nostro diritto di scambiare informazioni con altre organizzazioni al fine di proteggerci dalle frodi e ridurre il rischio di credito. Ci riserviamo inoltre il diritto di divulgare le informazioni sui visitatori quando riteniamo in buona fede che la legge lo richieda. Le informazioni sui clienti sono generalmente una delle risorse aziendali coinvolte nella vendita di un&#039;azienda. Nel caso in cui Tezoro Productions o tutte le sue attivit\u00e0 venissero acquisite, le informazioni sui clienti sarebbero una delle risorse trasferite.<\/p>\t\t\t\t\t\t\t\t<\/div>\n\t\t\t\t<\/div>\n\t\t\t\t<div class=\"elementor-element elementor-element-51002a7 elementor-widget elementor-widget-heading\" data-id=\"51002a7\" data-element_type=\"widget\" data-e-type=\"widget\" data-widget_type=\"heading.default\">\n\t\t\t\t<div class=\"elementor-widget-container\">\n\t\t\t\t\t<h2 class=\"elementor-heading-title elementor-size-default\">Indirizzi IP\n<\/h2>\t\t\t\t<\/div>\n\t\t\t\t<\/div>\n\t\t\t\t<div class=\"elementor-element elementor-element-01768a4 elementor-widget elementor-widget-text-editor\" data-id=\"01768a4\" data-element_type=\"widget\" data-e-type=\"widget\" data-widget_type=\"text-editor.default\">\n\t\t\t\t<div class=\"elementor-widget-container\">\n\t\t\t\t\t\t\t\t\t<p>Un indirizzo IP \u00e8 un numero che viene assegnato automaticamente al tuo computer ogni volta che navighi sul Web. I server Web, i grandi computer che &quot;forniscono&quot; pagine Web, identificano automaticamente il tuo computer tramite il suo indirizzo IP. Raccogliamo indirizzi IP per scopi di amministrazione del sistema, per segnalare informazioni aggregate ai nostri inserzionisti o ad altre terze parti e per monitorare l&#039;utilizzo dei Siti. Quando i visitatori richiedono pagine dai Siti, i nostri server registrano gli indirizzi IP dei visitatori. Non \u00e8 nostra pratica collegare gli indirizzi IP a qualcosa di identificabile personalmente, il che significa che la sessione di un visitatore verr\u00e0 registrata, ma il visitatore rimane anonimo per noi. Tuttavia, ci riserviamo il diritto di utilizzare gli indirizzi IP per identificare un visitatore solo quando riteniamo che sia necessario per garantire la conformit\u00e0 con le politiche dei Siti o per proteggere i nostri servizi o clienti, i Siti o altri.<\/p>\t\t\t\t\t\t\t\t<\/div>\n\t\t\t\t<\/div>\n\t\t\t\t<div class=\"elementor-element elementor-element-e0000c0 elementor-widget elementor-widget-heading\" data-id=\"e0000c0\" data-element_type=\"widget\" data-e-type=\"widget\" data-widget_type=\"heading.default\">\n\t\t\t\t<div class=\"elementor-widget-container\">\n\t\t\t\t\t<h2 class=\"elementor-heading-title elementor-size-default\">Biscotti<\/h2>\t\t\t\t<\/div>\n\t\t\t\t<\/div>\n\t\t\t\t<div class=\"elementor-element elementor-element-08196ee elementor-widget elementor-widget-text-editor\" data-id=\"08196ee\" data-element_type=\"widget\" data-e-type=\"widget\" data-widget_type=\"text-editor.default\">\n\t\t\t\t<div class=\"elementor-widget-container\">\n\t\t\t\t\t\t\t\t\t<p>I cookie sono informazioni che un sito Web trasferisce sul disco rigido di un individuo per scopi di archiviazione. I cookie semplificano la navigazione sul Web salvando le tue preferenze mentre navighi sui Siti. Non salviamo mai le informazioni della carta di credito nei cookie. L&#039;utilizzo dei cookie \u00e8 uno standard del settore: li troverai nella maggior parte dei siti Web. Mostrando come e quando gli ospiti utilizzano i Siti, i cookie ci aiutano a vedere quali aree sono popolari e quali no. Informazioni come il numero totale di visitatori e le pagine visualizzate possono essere tracciate pi\u00f9 facilmente con i cookie. Possiamo utilizzare le informazioni contenute nei cookie per apportare miglioramenti e aggiornamenti ai Siti e per adattare i nostri servizi alle esigenze dei nostri visitatori.<\/p>\n<p>Hai sempre la possibilit\u00e0 di disabilitare i cookie utilizzando le preferenze del tuo browser. La maggior parte dei browser sono inizialmente impostati per accettare i cookie. Puoi reimpostare il tuo browser per rifiutare tutti i cookie o indicare quando viene inviato un cookie. Tuttavia, tieni presente che alcune parti dei Siti potrebbero non funzionare correttamente o essere pi\u00f9 lente se rifiuti i cookie. Occasionalmente potresti ricevere cookie dai nostri inserzionisti. Non controlliamo questi cookie. L&#039;uso di cookie pubblicitari inviati da server di terze parti \u00e8 standard nel settore Internet.<\/p>\t\t\t\t\t\t\t\t<\/div>\n\t\t\t\t<\/div>\n\t\t\t\t<div class=\"elementor-element elementor-element-b5193b0 elementor-widget elementor-widget-heading\" data-id=\"b5193b0\" data-element_type=\"widget\" data-e-type=\"widget\" data-widget_type=\"heading.default\">\n\t\t\t\t<div class=\"elementor-widget-container\">\n\t\t\t\t\t<h2 class=\"elementor-heading-title elementor-size-default\">Collegamenti ad altri siti\n<\/h2>\t\t\t\t<\/div>\n\t\t\t\t<\/div>\n\t\t\t\t<div class=\"elementor-element elementor-element-78ff10e elementor-widget elementor-widget-text-editor\" data-id=\"78ff10e\" data-element_type=\"widget\" data-e-type=\"widget\" data-widget_type=\"text-editor.default\">\n\t\t\t\t<div class=\"elementor-widget-container\">\n\t\t\t\t\t\t\t\t\t<p>Tieni presente che quando ti trovi sui Siti, potresti essere indirizzato ad altri siti che esulano dal nostro controllo. Sono presenti collegamenti ad altri siti dalle pagine dei Siti che ti portano fuori dai nostri Siti. Questi altri siti possono inviare i propri cookie agli utenti, raccogliere dati o richiedere informazioni personali. Le politiche sulla privacy di questi altri siti potrebbero essere significativamente diverse dalla presente Informativa sulla privacy. Non siamo responsabili delle pratiche sulla privacy di questi altri siti e non possiamo garantire la sicurezza delle informazioni personali ivi raccolte.<\/p>\t\t\t\t\t\t\t\t<\/div>\n\t\t\t\t<\/div>\n\t\t\t\t<div class=\"elementor-element elementor-element-c88d89e elementor-widget elementor-widget-heading\" data-id=\"c88d89e\" data-element_type=\"widget\" data-e-type=\"widget\" data-widget_type=\"heading.default\">\n\t\t\t\t<div class=\"elementor-widget-container\">\n\t\t\t\t\t<h2 class=\"elementor-heading-title elementor-size-default\">Sicurezza<\/h2>\t\t\t\t<\/div>\n\t\t\t\t<\/div>\n\t\t\t\t<div class=\"elementor-element elementor-element-663434c elementor-widget elementor-widget-text-editor\" data-id=\"663434c\" data-element_type=\"widget\" data-e-type=\"widget\" data-widget_type=\"text-editor.default\">\n\t\t\t\t<div class=\"elementor-widget-container\">\n\t\t\t\t\t\t\t\t\t<p>Proteggere la sicurezza delle tue informazioni personali \u00e8 molto importante per noi. Quando trasmetti informazioni personali o informazioni sulla carta di credito dal tuo PC ai nostri server, le tue informazioni sono protette sia da un &quot;firewall&quot; (una combinazione di hardware e software del computer che aiuta a impedire ai visitatori non autorizzati di accedere alle informazioni all&#039;interno della nostra rete di computer) sia da standard di settore Crittografia SSL (secure socket layer). Una volta ricevuta la trasmissione, adotteremo ragionevoli precauzioni per garantirne la sicurezza sui nostri sistemi. Sfortunatamente, nessuna trasmissione di dati su Internet pu\u00f2 essere garantita come sicura 100%. Di conseguenza, mentre ci impegniamo a proteggere le tue informazioni personali e la tua privacy, non possiamo garantire la sicurezza delle informazioni che divulghi o ci trasmetti online e non possiamo essere responsabili per il furto, la distruzione o la divulgazione involontaria delle tue informazioni personali.<\/p>\t\t\t\t\t\t\t\t<\/div>\n\t\t\t\t<\/div>\n\t\t\t\t<div class=\"elementor-element elementor-element-92f236d elementor-widget elementor-widget-heading\" data-id=\"92f236d\" data-element_type=\"widget\" data-e-type=\"widget\" data-widget_type=\"heading.default\">\n\t\t\t\t<div class=\"elementor-widget-container\">\n\t\t\t\t\t<h2 class=\"elementor-heading-title elementor-size-default\">Modifiche a questi Termini\n<\/h2>\t\t\t\t<\/div>\n\t\t\t\t<\/div>\n\t\t\t\t<div class=\"elementor-element elementor-element-8eca427 elementor-widget elementor-widget-text-editor\" data-id=\"8eca427\" data-element_type=\"widget\" data-e-type=\"widget\" data-widget_type=\"text-editor.default\">\n\t\t\t\t<div class=\"elementor-widget-container\">\n\t\t\t\t\t\t\t\t\t<p>I termini della presente Informativa sulla privacy possono cambiare di volta in volta. Ti informeremo di eventuali modifiche sostanziali alla presente Informativa sulla privacy pubblicando un avviso sulla home page dei Siti, per un periodo di tempo ragionevole dopo che tali modifiche sono state apportate, che la presente Informativa sulla privacy \u00e8 stata aggiornata e modificando l&#039;&quot;Ultima modifica&quot; &quot; data nella parte superiore della presente Informativa sulla privacy. Ti invitiamo a controllare periodicamente questa pagina per eventuali modifiche. L&#039;uso continuato dei Siti dopo la pubblicazione delle modifiche a questi termini significher\u00e0 l&#039;accettazione di tali modifiche.<\/p>\t\t\t\t\t\t\t\t<\/div>\n\t\t\t\t<\/div>\n\t\t\t\t<div class=\"elementor-element elementor-element-94a6890 elementor-widget elementor-widget-heading\" data-id=\"94a6890\" data-element_type=\"widget\" data-e-type=\"widget\" data-widget_type=\"heading.default\">\n\t\t\t\t<div class=\"elementor-widget-container\">\n\t\t\t\t\t<h2 class=\"elementor-heading-title elementor-size-default\">Domande e commenti\n<\/h2>\t\t\t\t<\/div>\n\t\t\t\t<\/div>\n\t\t\t\t<div class=\"elementor-element elementor-element-4531d07 elementor-widget elementor-widget-text-editor\" data-id=\"4531d07\" data-element_type=\"widget\" data-e-type=\"widget\" data-widget_type=\"text-editor.default\">\n\t\t\t\t<div class=\"elementor-widget-container\">\n\t\t\t\t\t\t\t\t\t<p>In caso di domande o commenti relativi alla nostra Informativa sulla privacy o all&#039;uso delle informazioni raccolte attraverso i Siti, vi preghiamo di contattarci come segue:<\/p>\n<p>E-mail:\u00a0<a href=\"mailto:michele@tezoroproductions.com?subject=Tezoro%20DVDs\">michele@tezoroproductions.com<\/a><\/p>\t\t\t\t\t\t\t\t<\/div>\n\t\t\t\t<\/div>\n\t\t\t\t\t<\/div>\n\t\t<\/div>\n\t\t\t\t\t<\/div>\n\t\t<\/section>\n\t\t\t\t<\/div>","protected":false},"excerpt":{"rendered":"<p>Privacy Policy Welcome to Tezoro Productions LIVE Web sites located at tezoroproductions.com, worlddancemovement.com and partner site, stagedoorworkshops.com (the &#8220;Sites&#8221;). We want you to feel comfortable using the Sites, so we have created this Privacy Policy to let you know what information we may collect from you on the Sites and how we may use that [&hellip;]<\/p>\n","protected":false},"author":6,"featured_media":0,"parent":0,"menu_order":0,"comment_status":"closed","ping_status":"closed","template":"elementor_header_footer","meta":{"_acf_changed":false,"site-sidebar-layout":"default","site-content-layout":"","ast-site-content-layout":"default","site-content-style":"default","site-sidebar-style":"default","ast-global-header-display":"","ast-banner-title-visibility":"","ast-main-header-display":"","ast-hfb-above-header-display":"","ast-hfb-below-header-display":"","ast-hfb-mobile-header-display":"","site-post-title":"","ast-breadcrumbs-content":"","ast-featured-img":"","footer-sml-layout":"","ast-disable-related-posts":"","theme-transparent-header-meta":"","adv-header-id-meta":"","stick-header-meta":"","header-above-stick-meta":"","header-main-stick-meta":"","header-below-stick-meta":"","astra-migrate-meta-layouts":"default","ast-page-background-enabled":"default","ast-page-background-meta":{"desktop":{"background-color":"","background-image":"","background-repeat":"repeat","background-position":"center center","background-size":"auto","background-attachment":"scroll","background-type":"","background-media":"","overlay-type":"","overlay-color":"","overlay-opacity":"","overlay-gradient":""},"tablet":{"background-color":"","background-image":"","background-repeat":"repeat","background-position":"center center","background-size":"auto","background-attachment":"scroll","background-type":"","background-media":"","overlay-type":"","overlay-color":"","overlay-opacity":"","overlay-gradient":""},"mobile":{"background-color":"","background-image":"","background-repeat":"repeat","background-position":"center center","background-size":"auto","background-attachment":"scroll","background-type":"","background-media":"","overlay-type":"","overlay-color":"","overlay-opacity":"","overlay-gradient":""}},"ast-content-background-meta":{"desktop":{"background-color":"var(--ast-global-color-5)","background-image":"","background-repeat":"repeat","background-position":"center center","background-size":"auto","background-attachment":"scroll","background-type":"","background-media":"","overlay-type":"","overlay-color":"","overlay-opacity":"","overlay-gradient":""},"tablet":{"background-color":"var(--ast-global-color-5)","background-image":"","background-repeat":"repeat","background-position":"center center","background-size":"auto","background-attachment":"scroll","background-type":"","background-media":"","overlay-type":"","overlay-color":"","overlay-opacity":"","overlay-gradient":""},"mobile":{"background-color":"var(--ast-global-color-5)","background-image":"","background-repeat":"repeat","background-position":"center center","background-size":"auto","background-attachment":"scroll","background-type":"","background-media":"","overlay-type":"","overlay-color":"","overlay-opacity":"","overlay-gradient":""}},"footnotes":""},"class_list":["post-3","page","type-page","status-publish","hentry"],"acf":[],"jetpack_sharing_enabled":true,"_links":{"self":[{"href":"https:\/\/worlddancemovement.com\/it_it\/wp-json\/wp\/v2\/pages\/3","targetHints":{"allow":["GET"]}}],"collection":[{"href":"https:\/\/worlddancemovement.com\/it_it\/wp-json\/wp\/v2\/pages"}],"about":[{"href":"https:\/\/worlddancemovement.com\/it_it\/wp-json\/wp\/v2\/types\/page"}],"author":[{"embeddable":true,"href":"https:\/\/worlddancemovement.com\/it_it\/wp-json\/wp\/v2\/users\/6"}],"replies":[{"embeddable":true,"href":"https:\/\/worlddancemovement.com\/it_it\/wp-json\/wp\/v2\/comments?post=3"}],"version-history":[{"count":7,"href":"https:\/\/worlddancemovement.com\/it_it\/wp-json\/wp\/v2\/pages\/3\/revisions"}],"predecessor-version":[{"id":5799,"href":"https:\/\/worlddancemovement.com\/it_it\/wp-json\/wp\/v2\/pages\/3\/revisions\/5799"}],"wp:attachment":[{"href":"https:\/\/worlddancemovement.com\/it_it\/wp-json\/wp\/v2\/media?parent=3"}],"curies":[{"name":"parola chiave","href":"https:\/\/api.w.org\/{rel}","templated":true}]}}