{"id":366,"date":"2020-12-28T13:48:30","date_gmt":"2020-12-28T13:48:30","guid":{"rendered":"https:\/\/migrate.worlddancemovement.com\/?page_id=366"},"modified":"2024-10-17T22:47:53","modified_gmt":"2024-10-17T22:47:53","slug":"michele-assaf","status":"publish","type":"page","link":"https:\/\/worlddancemovement.com\/it_it\/faculty-italy\/michele-assaf\/","title":{"rendered":"MICHELE ASSAF"},"content":{"rendered":"<div data-elementor-type=\"wp-page\" data-elementor-id=\"366\" class=\"elementor elementor-366\" data-elementor-post-type=\"page\">\n\t\t\t\t\t\t<section class=\"elementor-section elementor-top-section elementor-element elementor-element-94ec49d elementor-section-full_width elementor-section-height-min-height elementor-section-height-default elementor-section-items-middle\" data-id=\"94ec49d\" data-element_type=\"section\" data-e-type=\"section\" data-settings=\"{&quot;background_background&quot;:&quot;classic&quot;}\">\n\t\t\t\t\t\t\t<div class=\"elementor-background-overlay\"><\/div>\n\t\t\t\t\t\t\t<div class=\"elementor-container elementor-column-gap-no\">\n\t\t\t\t\t<div class=\"elementor-column elementor-col-100 elementor-top-column elementor-element elementor-element-8268956\" data-id=\"8268956\" data-element_type=\"column\" data-e-type=\"column\">\n\t\t\t<div class=\"elementor-widget-wrap elementor-element-populated\">\n\t\t\t\t\t\t<div class=\"elementor-element elementor-element-5016628 elementor-widget elementor-widget-heading\" data-id=\"5016628\" data-element_type=\"widget\" data-e-type=\"widget\" data-widget_type=\"heading.default\">\n\t\t\t\t<div class=\"elementor-widget-container\">\n\t\t\t\t\t<h2 class=\"elementor-heading-title elementor-size-default\">MICH\u00c8LE ASSAF (DIRETTORE ARTISTICO)\n<\/h2>\t\t\t\t<\/div>\n\t\t\t\t<\/div>\n\t\t\t\t<div class=\"elementor-element elementor-element-a86216f elementor-widget-divider--view-line elementor-widget elementor-widget-divider\" data-id=\"a86216f\" data-element_type=\"widget\" data-e-type=\"widget\" data-widget_type=\"divider.default\">\n\t\t\t\t<div class=\"elementor-widget-container\">\n\t\t\t\t\t\t\t<div class=\"elementor-divider\">\n\t\t\t<span class=\"elementor-divider-separator\">\n\t\t\t\t\t\t<\/span>\n\t\t<\/div>\n\t\t\t\t\t\t<\/div>\n\t\t\t\t<\/div>\n\t\t\t\t\t<\/div>\n\t\t<\/div>\n\t\t\t\t\t<\/div>\n\t\t<\/section>\n\t\t\t\t<section class=\"elementor-section elementor-top-section elementor-element elementor-element-a2d6cca elementor-section-full_width elementor-section-height-default elementor-section-height-default\" data-id=\"a2d6cca\" data-element_type=\"section\" data-e-type=\"section\">\n\t\t\t\t\t\t<div class=\"elementor-container elementor-column-gap-default\">\n\t\t\t\t\t<div class=\"elementor-column elementor-col-100 elementor-top-column elementor-element elementor-element-a45c6d3\" data-id=\"a45c6d3\" data-element_type=\"column\" data-e-type=\"column\">\n\t\t\t<div class=\"elementor-widget-wrap elementor-element-populated\">\n\t\t\t\t\t\t<div class=\"elementor-element elementor-element-f854b1f elementor-widget elementor-widget-heading\" data-id=\"f854b1f\" data-element_type=\"widget\" data-e-type=\"widget\" data-widget_type=\"heading.default\">\n\t\t\t\t<div class=\"elementor-widget-container\">\n\t\t\t\t\t<h2 class=\"elementor-heading-title elementor-size-default\">JAZZ, LIRICA, TEATRO DANZA, FLESSIBILIT\u00c0 ATTIVA-ISOLATA - USA\n\n\n<\/h2>\t\t\t\t<\/div>\n\t\t\t\t<\/div>\n\t\t\t\t<div class=\"elementor-element elementor-element-404b972 elementor-widget elementor-widget-text-editor\" data-id=\"404b972\" data-element_type=\"widget\" data-e-type=\"widget\" data-widget_type=\"text-editor.default\">\n\t\t\t\t<div class=\"elementor-widget-container\">\n\t\t\t\t\t\t\t\t\t<p>La regista\/coreografa di fama internazionale Mich\u00e8le Assaf ha lavorato a progetti teatrali di Broadway, Off-Broadway, regionali e internazionali. Mich\u00e8le ha diretto e coreografato The Mariah Carey CharmBracelet World Tour, Mick Jagger Solo Tour, Michael Bolton Tour, Matchbox Twenty, le opere multimediali acclamate a livello internazionale per la Houston Grand Opera; Carmen, Pagliacci e Madame Butterfly, e il Gala del 50\u00b0 anniversario della HGO, nonch\u00e9 Aida, Sansone e Dalila, Candide, Opera Odyssey 2001 della Opera Pacific. Altri progetti teatrali includono: Starmites (Tony Nomination), Bring In The Morning, Scenes From an Execution, Nove armeni, \u00e8 un uccello... \u00e8 un aereo... \u00e8 Superman, Sweet Charity, Jesus Christ Superstar, Mata Hari, Bring In The Morning, Can Can, Jeanne La Pucelle, Strides, Topper e Annie. Ha diretto il musical legato a Broadway, The Alchemist. Ha coreografato per Lorella Cuccarini (Odiens -\u201cVola\u201d, Festival Bar, Telegatto) e per il Videoclip di \u201cJovanotti\u201d \u201cLa Mia Moto\u201d.<\/p>\t\t\t\t\t\t\t\t<\/div>\n\t\t\t\t<\/div>\n\t\t\t\t<div class=\"elementor-element elementor-element-fd32062 elementor-widget elementor-widget-text-editor\" data-id=\"fd32062\" data-element_type=\"widget\" data-e-type=\"widget\" data-widget_type=\"text-editor.default\">\n\t\t\t\t<div class=\"elementor-widget-container\">\n\t\t\t\t\t\t\t\t\t<p>Michele \u00e8 la fondatrice e direttrice artistica creativa del World Dance Movement-The International Festival and International Competition, che ha avuto inizio nell&#039;estate del 2009 in Italia! L&#039;evento ha ora viaggiato in Spagna (Madrid e Sitges (Barcellona) e anche a Lucerna, in Svizzera! Il suo background nell&#039;insegnamento \u00e8 vasto, in quanto ha formato ballerini\/insegnanti e rinomati coreografi da New York a Los Angeles e a livello internazionale negli ultimi 45 anni.<\/p>\t\t\t\t\t\t\t\t<\/div>\n\t\t\t\t<\/div>\n\t\t\t\t<div class=\"elementor-element elementor-element-442744e elementor-widget elementor-widget-text-editor\" data-id=\"442744e\" data-element_type=\"widget\" data-e-type=\"widget\" data-widget_type=\"text-editor.default\">\n\t\t\t\t<div class=\"elementor-widget-container\">\n\t\t\t\t\t\t\t\t\t<p>Una delle iniziative pi\u00f9 entusiasmanti di Mich\u00e8le \u00e8 la creazione di Tezoro Productions LIVE. \u00c8 una compagnia di produzione di danza internazionale impegnata a formare e servire ballerini in tutto il mondo. Il portafoglio di marchi di Tezoro comprende Tezoro LIVE \u2013 DVD didattici di danza, Broadway Teaches Kids e World Dance Movement \u2013 il Festival Internazionale.\u00a0<\/p><p>Con il portafoglio pi\u00f9 completo di contenuti didattici di danza del settore, molti dei quali girati al Broadway Dance Center, Tezoro LIVE presenta i migliori coreografi del settore tramite DVD, streaming, lezioni on-demand, aule scolastiche e applicazioni mobili.\u00a0\u00a0<\/p><p>Broadway Teaches Kids: un programma virtuale di arti dello spettacolo per bambini!\u00a0<span style=\"font-size: 18px; font-style: normal; font-weight: 400;\">La facolt\u00e0 di BTK comprende artisti professionisti di talento che sono educatori meravigliosi. Nel mondo virtuale di oggi, vogliamo creare un&#039;esperienza quanto pi\u00f9 simile possibile a un normale programma artistico. Attraverso lezioni, giochi ed esercizi, il tuo bambino\/ragazzo avr\u00e0 l&#039;opportunit\u00e0 di esprimersi artisticamente.<\/span><span style=\"font-size: 18px; font-style: normal; font-weight: 400;\">\u00a0<\/span><\/p><p><span style=\"font-size: 18px; font-weight: 400;\">World Dance Movement: l&#039;acclamato festival internazionale di danza \u00e8 un evento di vacanza-studio-spettacolo ospitato in diversi paesi che presenta ballerini ed educatori di tutti i continenti a una facolt\u00e0 internazionale di talento senza pari.<\/span><\/p>\t\t\t\t\t\t\t\t<\/div>\n\t\t\t\t<\/div>\n\t\t\t\t\t<\/div>\n\t\t<\/div>\n\t\t\t\t\t<\/div>\n\t\t<\/section>\n\t\t\t\t<\/div>","protected":false},"excerpt":{"rendered":"<p>MICH\u00c8LE ASSAF (ARTISTIC DIRECTOR) JAZZ, LYRICAL, THEATRE DANCE, ACTIVE-ISOLATED FLEXIBILITY &#8211; USA Internationally renowned director\/choreographer Mich\u00e8le Assaf has worked on Broadway, Off-Broadway, Regional and International Theater projects. Mich\u00e8le directed and choreographed The Mariah Carey CharmBracelet World Tour, Mick Jagger Solo Tour, Michael Bolton Tour, Matchbox Twenty, the internationally acclaimed multimedia operas for The Houston Grand [&hellip;]<\/p>\n","protected":false},"author":6,"featured_media":0,"parent":329,"menu_order":0,"comment_status":"closed","ping_status":"closed","template":"","meta":{"_acf_changed":false,"site-sidebar-layout":"no-sidebar","site-content-layout":"page-builder","ast-site-content-layout":"default","site-content-style":"default","site-sidebar-style":"default","ast-global-header-display":"","ast-banner-title-visibility":"","ast-main-header-display":"","ast-hfb-above-header-display":"","ast-hfb-below-header-display":"","ast-hfb-mobile-header-display":"","site-post-title":"disabled","ast-breadcrumbs-content":"","ast-featured-img":"disabled","footer-sml-layout":"","ast-disable-related-posts":"","theme-transparent-header-meta":"default","adv-header-id-meta":"","stick-header-meta":"default","header-above-stick-meta":"","header-main-stick-meta":"","header-below-stick-meta":"","astra-migrate-meta-layouts":"default","ast-page-background-enabled":"default","ast-page-background-meta":{"desktop":{"background-color":"","background-image":"","background-repeat":"repeat","background-position":"center center","background-size":"auto","background-attachment":"scroll","background-type":"","background-media":"","overlay-type":"","overlay-color":"","overlay-opacity":"","overlay-gradient":""},"tablet":{"background-color":"","background-image":"","background-repeat":"repeat","background-position":"center center","background-size":"auto","background-attachment":"scroll","background-type":"","background-media":"","overlay-type":"","overlay-color":"","overlay-opacity":"","overlay-gradient":""},"mobile":{"background-color":"","background-image":"","background-repeat":"repeat","background-position":"center center","background-size":"auto","background-attachment":"scroll","background-type":"","background-media":"","overlay-type":"","overlay-color":"","overlay-opacity":"","overlay-gradient":""}},"ast-content-background-meta":{"desktop":{"background-color":"var(--ast-global-color-5)","background-image":"","background-repeat":"repeat","background-position":"center center","background-size":"auto","background-attachment":"scroll","background-type":"","background-media":"","overlay-type":"","overlay-color":"","overlay-opacity":"","overlay-gradient":""},"tablet":{"background-color":"var(--ast-global-color-5)","background-image":"","background-repeat":"repeat","background-position":"center center","background-size":"auto","background-attachment":"scroll","background-type":"","background-media":"","overlay-type":"","overlay-color":"","overlay-opacity":"","overlay-gradient":""},"mobile":{"background-color":"var(--ast-global-color-5)","background-image":"","background-repeat":"repeat","background-position":"center center","background-size":"auto","background-attachment":"scroll","background-type":"","background-media":"","overlay-type":"","overlay-color":"","overlay-opacity":"","overlay-gradient":""}},"footnotes":""},"class_list":["post-366","page","type-page","status-publish","hentry"],"acf":[],"jetpack_sharing_enabled":true,"_links":{"self":[{"href":"https:\/\/worlddancemovement.com\/it_it\/wp-json\/wp\/v2\/pages\/366","targetHints":{"allow":["GET"]}}],"collection":[{"href":"https:\/\/worlddancemovement.com\/it_it\/wp-json\/wp\/v2\/pages"}],"about":[{"href":"https:\/\/worlddancemovement.com\/it_it\/wp-json\/wp\/v2\/types\/page"}],"author":[{"embeddable":true,"href":"https:\/\/worlddancemovement.com\/it_it\/wp-json\/wp\/v2\/users\/6"}],"replies":[{"embeddable":true,"href":"https:\/\/worlddancemovement.com\/it_it\/wp-json\/wp\/v2\/comments?post=366"}],"version-history":[{"count":10,"href":"https:\/\/worlddancemovement.com\/it_it\/wp-json\/wp\/v2\/pages\/366\/revisions"}],"predecessor-version":[{"id":17244,"href":"https:\/\/worlddancemovement.com\/it_it\/wp-json\/wp\/v2\/pages\/366\/revisions\/17244"}],"up":[{"embeddable":true,"href":"https:\/\/worlddancemovement.com\/it_it\/wp-json\/wp\/v2\/pages\/329"}],"wp:attachment":[{"href":"https:\/\/worlddancemovement.com\/it_it\/wp-json\/wp\/v2\/media?parent=366"}],"curies":[{"name":"parola chiave","href":"https:\/\/api.w.org\/{rel}","templated":true}]}}