{"id":415,"date":"2020-12-28T14:15:19","date_gmt":"2020-12-28T14:15:19","guid":{"rendered":"https:\/\/migrate.worlddancemovement.com\/?page_id=415"},"modified":"2024-01-24T16:52:57","modified_gmt":"2024-01-24T16:52:57","slug":"joshua-pelatzky-cd","status":"publish","type":"page","link":"https:\/\/worlddancemovement.com\/it_it\/faculty-italy\/joshua-pelatzky-cd\/","title":{"rendered":"JOSHUA PELATZKY"},"content":{"rendered":"<div data-elementor-type=\"wp-page\" data-elementor-id=\"415\" class=\"elementor elementor-415\" data-elementor-post-type=\"page\">\n\t\t\t\t\t\t<section class=\"elementor-section elementor-top-section elementor-element elementor-element-94ec49d elementor-section-full_width elementor-section-height-min-height elementor-section-height-default elementor-section-items-middle\" data-id=\"94ec49d\" data-element_type=\"section\" data-e-type=\"section\" data-settings=\"{&quot;background_background&quot;:&quot;classic&quot;}\">\n\t\t\t\t\t\t\t<div class=\"elementor-background-overlay\"><\/div>\n\t\t\t\t\t\t\t<div class=\"elementor-container elementor-column-gap-no\">\n\t\t\t\t\t<div class=\"elementor-column elementor-col-100 elementor-top-column elementor-element elementor-element-8268956\" data-id=\"8268956\" data-element_type=\"column\" data-e-type=\"column\">\n\t\t\t<div class=\"elementor-widget-wrap elementor-element-populated\">\n\t\t\t\t\t\t<div class=\"elementor-element elementor-element-5016628 elementor-widget elementor-widget-heading\" data-id=\"5016628\" data-element_type=\"widget\" data-e-type=\"widget\" data-widget_type=\"heading.default\">\n\t\t\t\t<div class=\"elementor-widget-container\">\n\t\t\t\t\t<h2 class=\"elementor-heading-title elementor-size-default\">JOSHUA PELATZKY\n<\/h2>\t\t\t\t<\/div>\n\t\t\t\t<\/div>\n\t\t\t\t<div class=\"elementor-element elementor-element-a86216f elementor-widget-divider--view-line elementor-widget elementor-widget-divider\" data-id=\"a86216f\" data-element_type=\"widget\" data-e-type=\"widget\" data-widget_type=\"divider.default\">\n\t\t\t\t<div class=\"elementor-widget-container\">\n\t\t\t\t\t\t\t<div class=\"elementor-divider\">\n\t\t\t<span class=\"elementor-divider-separator\">\n\t\t\t\t\t\t<\/span>\n\t\t<\/div>\n\t\t\t\t\t\t<\/div>\n\t\t\t\t<\/div>\n\t\t\t\t\t<\/div>\n\t\t<\/div>\n\t\t\t\t\t<\/div>\n\t\t<\/section>\n\t\t\t\t<section class=\"elementor-section elementor-top-section elementor-element elementor-element-a2d6cca elementor-section-full_width elementor-section-height-default elementor-section-height-default\" data-id=\"a2d6cca\" data-element_type=\"section\" data-e-type=\"section\">\n\t\t\t\t\t\t<div class=\"elementor-container elementor-column-gap-default\">\n\t\t\t\t\t<div class=\"elementor-column elementor-col-100 elementor-top-column elementor-element elementor-element-a45c6d3\" data-id=\"a45c6d3\" data-element_type=\"column\" data-e-type=\"column\">\n\t\t\t<div class=\"elementor-widget-wrap elementor-element-populated\">\n\t\t\t\t\t\t<div class=\"elementor-element elementor-element-f854b1f elementor-widget elementor-widget-heading\" data-id=\"f854b1f\" data-element_type=\"widget\" data-e-type=\"widget\" data-widget_type=\"heading.default\">\n\t\t\t\t<div class=\"elementor-widget-container\">\n\t\t\t\t\t<h2 class=\"elementor-heading-title elementor-size-default\">JOSHUA PELATZKY <font color=\"#000000\"><span style=\"font-weight: 400\"> <\/span><\/font>- \ud83c\uddfa\ud83c\uddf8Stati Uniti<br>LEZIONE: VIDEO CONTEMPORANEO E COMMERCIALE + PREPARAZIONE DI UN BALLERINO DI SUPPORTO\n\n\n\n\n\n\n\n<\/h2>\t\t\t\t<\/div>\n\t\t\t\t<\/div>\n\t\t\t\t<div class=\"elementor-element elementor-element-494939a elementor-widget elementor-widget-gallery\" data-id=\"494939a\" data-element_type=\"widget\" data-e-type=\"widget\" data-settings=\"{&quot;columns&quot;:3,&quot;lazyload&quot;:&quot;yes&quot;,&quot;gallery_layout&quot;:&quot;grid&quot;,&quot;columns_tablet&quot;:2,&quot;columns_mobile&quot;:1,&quot;gap&quot;:{&quot;unit&quot;:&quot;px&quot;,&quot;size&quot;:10,&quot;sizes&quot;:[]},&quot;gap_tablet&quot;:{&quot;unit&quot;:&quot;px&quot;,&quot;size&quot;:10,&quot;sizes&quot;:[]},&quot;gap_mobile&quot;:{&quot;unit&quot;:&quot;px&quot;,&quot;size&quot;:10,&quot;sizes&quot;:[]},&quot;link_to&quot;:&quot;file&quot;,&quot;aspect_ratio&quot;:&quot;3:2&quot;,&quot;overlay_background&quot;:&quot;yes&quot;,&quot;content_hover_animation&quot;:&quot;fade-in&quot;}\" data-widget_type=\"gallery.default\">\n\t\t\t\t<div class=\"elementor-widget-container\">\n\t\t\t\t\t\t\t<div class=\"elementor-gallery__container\">\n\t\t\t\t\t\t\t<a class=\"e-gallery-item elementor-gallery-item elementor-animated-content\" href=\"https:\/\/worlddancemovement.com\/wp-content\/uploads\/2022\/01\/JOSHUA-PELATZKY.jpg\" data-elementor-open-lightbox=\"yes\" data-elementor-lightbox-slideshow=\"494939a\" data-elementor-lightbox-title=\"JOSHUA PELATZKY\" data-e-action-hash=\"#elementor-action%3Aaction%3Dlightbox%26settings%3DeyJpZCI6NjcyMiwidXJsIjoiaHR0cHM6XC9cL3dvcmxkZGFuY2Vtb3ZlbWVudC5jb21cL3dwLWNvbnRlbnRcL3VwbG9hZHNcLzIwMjJcLzAxXC9KT1NIVUEtUEVMQVRaS1kuanBnIiwic2xpZGVzaG93IjoiNDk0OTM5YSJ9\">\n\t\t\t\t\t<div class=\"e-gallery-image elementor-gallery-item__image\" data-thumbnail=\"https:\/\/worlddancemovement.com\/wp-content\/uploads\/2022\/01\/JOSHUA-PELATZKY.jpg\" data-width=\"800\" data-height=\"640\" aria-label=\"\" role=\"img\" ><\/div>\n\t\t\t\t\t\t\t\t\t\t\t<div class=\"elementor-gallery-item__overlay\"><\/div>\n\t\t\t\t\t\t\t\t\t\t\t\t\t\t<\/a>\n\t\t\t\t\t\t\t<a class=\"e-gallery-item elementor-gallery-item elementor-animated-content\" href=\"https:\/\/worlddancemovement.com\/wp-content\/uploads\/2022\/01\/Joshua-Pelatzky-1.png\" data-elementor-open-lightbox=\"yes\" data-elementor-lightbox-slideshow=\"494939a\" data-elementor-lightbox-title=\"Joshua Pelatzky\" data-e-action-hash=\"#elementor-action%3Aaction%3Dlightbox%26settings%3DeyJpZCI6NzMwOSwidXJsIjoiaHR0cHM6XC9cL3dvcmxkZGFuY2Vtb3ZlbWVudC5jb21cL3dwLWNvbnRlbnRcL3VwbG9hZHNcLzIwMjJcLzAxXC9Kb3NodWEtUGVsYXR6a3ktMS5wbmciLCJzbGlkZXNob3ciOiI0OTQ5MzlhIn0%3D\">\n\t\t\t\t\t<div class=\"e-gallery-image elementor-gallery-item__image\" data-thumbnail=\"https:\/\/worlddancemovement.com\/wp-content\/uploads\/2022\/01\/Joshua-Pelatzky-1-1024x683.png\" data-width=\"1024\" data-height=\"683\" aria-label=\"Joshua Pelatzky - World Dance Movement - laboratorio di danza\" role=\"img\" ><\/div>\n\t\t\t\t\t\t\t\t\t\t\t<div class=\"elementor-gallery-item__overlay\"><\/div>\n\t\t\t\t\t\t\t\t\t\t\t\t\t\t<\/a>\n\t\t\t\t\t\t\t<a class=\"e-gallery-item elementor-gallery-item elementor-animated-content\" href=\"https:\/\/worlddancemovement.com\/wp-content\/uploads\/2022\/01\/joshua-15.png\" data-elementor-open-lightbox=\"yes\" data-elementor-lightbox-slideshow=\"494939a\" data-elementor-lightbox-title=\"Joshua Pelatzky\" data-e-action-hash=\"#elementor-action%3Aaction%3Dlightbox%26settings%3DeyJpZCI6NzMzOCwidXJsIjoiaHR0cHM6XC9cL3dvcmxkZGFuY2Vtb3ZlbWVudC5jb21cL3dwLWNvbnRlbnRcL3VwbG9hZHNcLzIwMjJcLzAxXC9qb3NodWEtMTUucG5nIiwic2xpZGVzaG93IjoiNDk0OTM5YSJ9\">\n\t\t\t\t\t<div class=\"e-gallery-image elementor-gallery-item__image\" data-thumbnail=\"https:\/\/worlddancemovement.com\/wp-content\/uploads\/2022\/01\/joshua-15-819x1024.png\" data-width=\"819\" data-height=\"1024\" aria-label=\"Joshua Pelatzky - World Dance Movement - laboratorio di danza\" role=\"img\" ><\/div>\n\t\t\t\t\t\t\t\t\t\t\t<div class=\"elementor-gallery-item__overlay\"><\/div>\n\t\t\t\t\t\t\t\t\t\t\t\t\t\t<\/a>\n\t\t\t\t\t<\/div>\n\t\t\t\t\t<\/div>\n\t\t\t\t<\/div>\n\t\t\t\t<div class=\"elementor-element elementor-element-3947f8e elementor-widget elementor-widget-text-editor\" data-id=\"3947f8e\" data-element_type=\"widget\" data-e-type=\"widget\" data-widget_type=\"text-editor.default\">\n\t\t\t\t<div class=\"elementor-widget-container\">\n\t\t\t\t\t\t\t\t\tJoshua Pelatzky, originario della California, ha ricevuto gran parte della sua formazione a Dallas, in Texas, iniziando con la danza Irish Step per poi passare ad altre forme. A 15 anni gli fu chiesto di unirsi alla Bruce Wood Modern Dance Company come apprendista prima di diventare membro della compagnia la stagione successiva. Ha continuato la sua formazione presso la Alvin Ailey School, il Broadway Theatre Project e il Ballet Magnificat. \n\n\t\t\t\t\t\t\t\t<\/div>\n\t\t\t\t<\/div>\n\t\t\t\t<div class=\"elementor-element elementor-element-b0ff2af elementor-widget elementor-widget-text-editor\" data-id=\"b0ff2af\" data-element_type=\"widget\" data-e-type=\"widget\" data-widget_type=\"text-editor.default\">\n\t\t\t\t<div class=\"elementor-widget-container\">\n\t\t\t\t\t\t\t\t\t<p>Joshua \u00e8 stato in tourn\u00e9e con i Betty Who negli ultimi 7 anni. Si \u00e8 esibito in musical come The Music Man, Bye Bye Birdie e Joseph and the Amazing Technicolor Dreamcoat e gli \u00e8 stato offerto un ruolo swing nel primo tour nazionale di &quot;CATS&quot; a 16 anni. Joshua \u00e8 stato visto anche in film industriali per Bob Mackie, JC Penney, L&#039;Oreal e la Designers Institute Foundation che combattono l&#039;AIDS. Ha messo in scena uno spot pubblicitario per la Diesel nel sud Italia, per il quale ha anche recitato. Ha fatto un&#039;apparizione in &#039;<i>Aida&#039;<\/i>\u00a0a Orange County, servendo contemporaneamente come assistente coreografo. Joshua \u00e8 apparso su Style.com\/Vogue nella serie &quot;Model Challenge&quot;. Ha assistito Mich\u00e8le Assaf in molte attivit\u00e0, una delle ultime \u00e8 stata Medical Miracles di Learning Channel con Phineas Newborn e la serie Tezero Live @ DVD, dove \u00e8 stato anche presentato come insegnante e ballerino. Joshua ha eseguito brani di molti coreografi, alcuni dei pi\u00f9 popolari al momento sono Mandy Moore, Desmond Richardson, Wes Veldink, Margie Gilis e Bruno Collinet. Recentemente \u00e8 stato visto nella coreografia di Travis Wall agli MTV VMA. Ed \u00e8 stato un attore protagonista nel &quot;Mental Head Circus&quot; di Terry Beeman. Joshua \u00e8 appena tornato dall&#039;Australia, dove \u00e8 stato membro del cast di &quot;Freeze Frame&quot; di Debbie Allen.<\/p>\t\t\t\t\t\t\t\t<\/div>\n\t\t\t\t<\/div>\n\t\t\t\t<div class=\"elementor-element elementor-element-055ec71 elementor-widget elementor-widget-video\" data-id=\"055ec71\" data-element_type=\"widget\" data-e-type=\"widget\" data-settings=\"{&quot;youtube_url&quot;:&quot;https:\\\/\\\/www.youtube.com\\\/watch?v=Ym_WobgA8WM&quot;,&quot;video_type&quot;:&quot;youtube&quot;,&quot;controls&quot;:&quot;yes&quot;}\" data-widget_type=\"video.default\">\n\t\t\t\t<div class=\"elementor-widget-container\">\n\t\t\t\t\t\t\t<div class=\"elementor-wrapper elementor-open-inline\">\n\t\t\t<div class=\"elementor-video\"><\/div>\t\t<\/div>\n\t\t\t\t\t\t<\/div>\n\t\t\t\t<\/div>\n\t\t\t\t<div class=\"elementor-element elementor-element-e38c931 elementor-widget elementor-widget-text-editor\" data-id=\"e38c931\" data-element_type=\"widget\" data-e-type=\"widget\" data-widget_type=\"text-editor.default\">\n\t\t\t\t<div class=\"elementor-widget-container\">\n\t\t\t\t\t\t\t\t\t<p>Joshua ha ricevuto numerosi premi per la coreografia, tra cui Coreografo dell&#039;anno e Giovane coreografo dell&#039;anno. \u00c8 stato protagonista di numerosi showcase a livello internazionale tra cui Carnival, Broadway Underground, Sirens After Dark, Botega, World Dance Movement e Broadway a Tropea. Joshua ha coreografato e ballato nel video musicale &quot;DNA&quot; di Darwin Deez che gli \u00e8 valso una nomination per un UK Music Video Award. Gli \u00e8 stato anche commissionato di allestire lavori site specific per l&#039;inaugurazione di gallerie d&#039;arte. Ha insegnato jazz contemporaneo e di strada in Giappone, Canada, Francia, Italia, Polonia, Repubblica Ceca, Svizzera, Olanda, Spagna e Israele. Joshua insegna al Broadway Dance Center di New York City e al The EDGE di Los Angeles. Seguitelo anche in giro per il mondo al World Dance Movement.<\/p><p><br><\/p>\n<p><\/p>\n<h4 style=\"font-size: 1.111111rem; font-style: normal;\"><b>Per Uteriori Informazioni<\/b><\/h4>\n<p style=\"font-size: 18px; font-style: normal; caret-color: #000000; color: #000000; font-family: Oswald, sans-serif;\"><a style=\"font-size: 18px; transition-property: all;\" href=\"https:\/\/www.weflowexperience.com\/\">IL SITO WEB DI JOSHUA<\/a><\/p>\n<p style=\"font-size: 18px; font-style: normal; caret-color: #000000; color: #000000; font-family: Oswald, sans-serif;\"><a style=\"font-size: 18px; transition-property: all;\" href=\"https:\/\/www.instagram.com\/romeevdmeent\/\">L&#039;INSTAGRAM DI JOSHUA<\/a><\/p>\t\t\t\t\t\t\t\t<\/div>\n\t\t\t\t<\/div>\n\t\t\t\t\t<\/div>\n\t\t<\/div>\n\t\t\t\t\t<\/div>\n\t\t<\/section>\n\t\t\t\t<\/div>","protected":false},"excerpt":{"rendered":"<p>JOSHUA PELATZKY JOSHUA PELATZKY &#8211; \ud83c\uddfa\ud83c\uddf8 USACLASS: CONTEMPORARY AND COMMERCIAL VIDEO + BACKUP DANCER PREP Joshua Pelatzky, originally from California, received most of his training in Dallas, Texas, beginning with Irish Step dancing then moving into other forms. At 15, he was asked to join the Bruce Wood Modern Dance Company as an apprentice before [&hellip;]<\/p>\n","protected":false},"author":6,"featured_media":0,"parent":329,"menu_order":0,"comment_status":"closed","ping_status":"closed","template":"","meta":{"_acf_changed":false,"site-sidebar-layout":"no-sidebar","site-content-layout":"page-builder","ast-site-content-layout":"default","site-content-style":"default","site-sidebar-style":"default","ast-global-header-display":"","ast-banner-title-visibility":"","ast-main-header-display":"","ast-hfb-above-header-display":"","ast-hfb-below-header-display":"","ast-hfb-mobile-header-display":"","site-post-title":"disabled","ast-breadcrumbs-content":"","ast-featured-img":"disabled","footer-sml-layout":"","ast-disable-related-posts":"","theme-transparent-header-meta":"default","adv-header-id-meta":"","stick-header-meta":"default","header-above-stick-meta":"","header-main-stick-meta":"","header-below-stick-meta":"","astra-migrate-meta-layouts":"default","ast-page-background-enabled":"default","ast-page-background-meta":{"desktop":{"background-color":"","background-image":"","background-repeat":"repeat","background-position":"center center","background-size":"auto","background-attachment":"scroll","background-type":"","background-media":"","overlay-type":"","overlay-color":"","overlay-opacity":"","overlay-gradient":""},"tablet":{"background-color":"","background-image":"","background-repeat":"repeat","background-position":"center center","background-size":"auto","background-attachment":"scroll","background-type":"","background-media":"","overlay-type":"","overlay-color":"","overlay-opacity":"","overlay-gradient":""},"mobile":{"background-color":"","background-image":"","background-repeat":"repeat","background-position":"center center","background-size":"auto","background-attachment":"scroll","background-type":"","background-media":"","overlay-type":"","overlay-color":"","overlay-opacity":"","overlay-gradient":""}},"ast-content-background-meta":{"desktop":{"background-color":"var(--ast-global-color-5)","background-image":"","background-repeat":"repeat","background-position":"center center","background-size":"auto","background-attachment":"scroll","background-type":"","background-media":"","overlay-type":"","overlay-color":"","overlay-opacity":"","overlay-gradient":""},"tablet":{"background-color":"var(--ast-global-color-5)","background-image":"","background-repeat":"repeat","background-position":"center center","background-size":"auto","background-attachment":"scroll","background-type":"","background-media":"","overlay-type":"","overlay-color":"","overlay-opacity":"","overlay-gradient":""},"mobile":{"background-color":"var(--ast-global-color-5)","background-image":"","background-repeat":"repeat","background-position":"center center","background-size":"auto","background-attachment":"scroll","background-type":"","background-media":"","overlay-type":"","overlay-color":"","overlay-opacity":"","overlay-gradient":""}},"footnotes":""},"class_list":["post-415","page","type-page","status-publish","hentry"],"acf":[],"jetpack_sharing_enabled":true,"_links":{"self":[{"href":"https:\/\/worlddancemovement.com\/it_it\/wp-json\/wp\/v2\/pages\/415","targetHints":{"allow":["GET"]}}],"collection":[{"href":"https:\/\/worlddancemovement.com\/it_it\/wp-json\/wp\/v2\/pages"}],"about":[{"href":"https:\/\/worlddancemovement.com\/it_it\/wp-json\/wp\/v2\/types\/page"}],"author":[{"embeddable":true,"href":"https:\/\/worlddancemovement.com\/it_it\/wp-json\/wp\/v2\/users\/6"}],"replies":[{"embeddable":true,"href":"https:\/\/worlddancemovement.com\/it_it\/wp-json\/wp\/v2\/comments?post=415"}],"version-history":[{"count":11,"href":"https:\/\/worlddancemovement.com\/it_it\/wp-json\/wp\/v2\/pages\/415\/revisions"}],"predecessor-version":[{"id":14879,"href":"https:\/\/worlddancemovement.com\/it_it\/wp-json\/wp\/v2\/pages\/415\/revisions\/14879"}],"up":[{"embeddable":true,"href":"https:\/\/worlddancemovement.com\/it_it\/wp-json\/wp\/v2\/pages\/329"}],"wp:attachment":[{"href":"https:\/\/worlddancemovement.com\/it_it\/wp-json\/wp\/v2\/media?parent=415"}],"curies":[{"name":"parola chiave","href":"https:\/\/api.w.org\/{rel}","templated":true}]}}