{"id":420,"date":"2020-12-28T14:17:23","date_gmt":"2020-12-28T14:17:23","guid":{"rendered":"https:\/\/migrate.worlddancemovement.com\/?page_id=420"},"modified":"2024-05-02T19:44:29","modified_gmt":"2024-05-02T19:44:29","slug":"clarissa-mucci","status":"publish","type":"page","link":"https:\/\/worlddancemovement.com\/it_it\/faculty-italy\/clarissa-mucci\/","title":{"rendered":"CLARISSA MUCCI"},"content":{"rendered":"<div data-elementor-type=\"wp-page\" data-elementor-id=\"420\" class=\"elementor elementor-420\" data-elementor-post-type=\"page\">\n\t\t\t\t\t\t<section class=\"elementor-section elementor-top-section elementor-element elementor-element-94ec49d elementor-section-full_width elementor-section-height-min-height elementor-section-height-default elementor-section-items-middle\" data-id=\"94ec49d\" data-element_type=\"section\" data-e-type=\"section\" data-settings=\"{&quot;background_background&quot;:&quot;classic&quot;}\">\n\t\t\t\t\t\t\t<div class=\"elementor-background-overlay\"><\/div>\n\t\t\t\t\t\t\t<div class=\"elementor-container elementor-column-gap-no\">\n\t\t\t\t\t<div class=\"elementor-column elementor-col-100 elementor-top-column elementor-element elementor-element-8268956\" data-id=\"8268956\" data-element_type=\"column\" data-e-type=\"column\">\n\t\t\t<div class=\"elementor-widget-wrap elementor-element-populated\">\n\t\t\t\t\t\t<div class=\"elementor-element elementor-element-5016628 elementor-widget elementor-widget-heading\" data-id=\"5016628\" data-element_type=\"widget\" data-e-type=\"widget\" data-widget_type=\"heading.default\">\n\t\t\t\t<div class=\"elementor-widget-container\">\n\t\t\t\t\t<h2 class=\"elementor-heading-title elementor-size-default\">CLARISSA MUCCI\n<\/h2>\t\t\t\t<\/div>\n\t\t\t\t<\/div>\n\t\t\t\t<div class=\"elementor-element elementor-element-a86216f elementor-widget-divider--view-line elementor-widget elementor-widget-divider\" data-id=\"a86216f\" data-element_type=\"widget\" data-e-type=\"widget\" data-widget_type=\"divider.default\">\n\t\t\t\t<div class=\"elementor-widget-container\">\n\t\t\t\t\t\t\t<div class=\"elementor-divider\">\n\t\t\t<span class=\"elementor-divider-separator\">\n\t\t\t\t\t\t<\/span>\n\t\t<\/div>\n\t\t\t\t\t\t<\/div>\n\t\t\t\t<\/div>\n\t\t\t\t\t<\/div>\n\t\t<\/div>\n\t\t\t\t\t<\/div>\n\t\t<\/section>\n\t\t\t\t<section class=\"elementor-section elementor-top-section elementor-element elementor-element-a2d6cca elementor-section-full_width elementor-section-height-default elementor-section-height-default\" data-id=\"a2d6cca\" data-element_type=\"section\" data-e-type=\"section\">\n\t\t\t\t\t\t<div class=\"elementor-container elementor-column-gap-default\">\n\t\t\t\t\t<div class=\"elementor-column elementor-col-100 elementor-top-column elementor-element elementor-element-a45c6d3\" data-id=\"a45c6d3\" data-element_type=\"column\" data-e-type=\"column\">\n\t\t\t<div class=\"elementor-widget-wrap elementor-element-populated\">\n\t\t\t\t\t\t<div class=\"elementor-element elementor-element-f854b1f elementor-widget elementor-widget-heading\" data-id=\"f854b1f\" data-element_type=\"widget\" data-e-type=\"widget\" data-widget_type=\"heading.default\">\n\t\t\t\t<div class=\"elementor-widget-container\">\n\t\t\t\t\t<h2 class=\"elementor-heading-title elementor-size-default\"><span data-elementor-setting-key=\"title\" data-pen-placeholder=\"Type Here...\" style=\"font-style: normal;clear: both;line-height: 1.3em;font-family: Oswald, sans-serif\"><span style=\"font-size: 26px;font-style: normal;clear: both;line-height: 1.3em;white-space: normal\">CLARISSA MUCCI&nbsp;<font color=\"#000000\" style=\"font-size: 26px\"><span style=\"font-size: 26px\"><\/span><\/font>- \ud83c\uddee\ud83c\uddf9ITALIA<br>CLASSE: BALLETTO CLASSICO<\/span><\/span><\/h2>\t\t\t\t<\/div>\n\t\t\t\t<\/div>\n\t\t\t\t<div class=\"elementor-element elementor-element-3b72f27 elementor-widget elementor-widget-gallery\" data-id=\"3b72f27\" data-element_type=\"widget\" data-e-type=\"widget\" data-settings=\"{&quot;columns&quot;:3,&quot;lazyload&quot;:&quot;yes&quot;,&quot;gallery_layout&quot;:&quot;grid&quot;,&quot;columns_tablet&quot;:2,&quot;columns_mobile&quot;:1,&quot;gap&quot;:{&quot;unit&quot;:&quot;px&quot;,&quot;size&quot;:10,&quot;sizes&quot;:[]},&quot;gap_tablet&quot;:{&quot;unit&quot;:&quot;px&quot;,&quot;size&quot;:10,&quot;sizes&quot;:[]},&quot;gap_mobile&quot;:{&quot;unit&quot;:&quot;px&quot;,&quot;size&quot;:10,&quot;sizes&quot;:[]},&quot;link_to&quot;:&quot;file&quot;,&quot;aspect_ratio&quot;:&quot;3:2&quot;,&quot;overlay_background&quot;:&quot;yes&quot;,&quot;content_hover_animation&quot;:&quot;fade-in&quot;}\" data-widget_type=\"gallery.default\">\n\t\t\t\t<div class=\"elementor-widget-container\">\n\t\t\t\t\t\t\t<div class=\"elementor-gallery__container\">\n\t\t\t\t\t\t\t<a class=\"e-gallery-item elementor-gallery-item elementor-animated-content\" href=\"https:\/\/worlddancemovement.com\/wp-content\/uploads\/2020\/12\/Clarissa-Muccis-Advanced-Ballet.jpg\" data-elementor-open-lightbox=\"yes\" data-elementor-lightbox-slideshow=\"3b72f27\" data-elementor-lightbox-title=\"Clarissa Mucci&#039;s Advanced Ballet\" data-e-action-hash=\"#elementor-action%3Aaction%3Dlightbox%26settings%3DeyJpZCI6NTg5LCJ1cmwiOiJodHRwczpcL1wvd29ybGRkYW5jZW1vdmVtZW50LmNvbVwvd3AtY29udGVudFwvdXBsb2Fkc1wvMjAyMFwvMTJcL0NsYXJpc3NhLU11Y2Npcy1BZHZhbmNlZC1CYWxsZXQuanBnIiwic2xpZGVzaG93IjoiM2I3MmYyNyJ9\">\n\t\t\t\t\t<div class=\"e-gallery-image elementor-gallery-item__image\" data-thumbnail=\"https:\/\/worlddancemovement.com\/wp-content\/uploads\/2020\/12\/Clarissa-Muccis-Advanced-Ballet.jpg\" data-width=\"749\" data-height=\"500\" aria-label=\"\" role=\"img\" ><\/div>\n\t\t\t\t\t\t\t\t\t\t\t<div class=\"elementor-gallery-item__overlay\"><\/div>\n\t\t\t\t\t\t\t\t\t\t\t\t\t\t<\/a>\n\t\t\t\t\t\t\t<a class=\"e-gallery-item elementor-gallery-item elementor-animated-content\" href=\"https:\/\/worlddancemovement.com\/wp-content\/uploads\/2022\/01\/CLARISSA1-e1641832421828.jpg\" data-elementor-open-lightbox=\"yes\" data-elementor-lightbox-slideshow=\"3b72f27\" data-elementor-lightbox-title=\"Clarissa Mucci\" data-e-action-hash=\"#elementor-action%3Aaction%3Dlightbox%26settings%3DeyJpZCI6NjgxOSwidXJsIjoiaHR0cHM6XC9cL3dvcmxkZGFuY2Vtb3ZlbWVudC5jb21cL3dwLWNvbnRlbnRcL3VwbG9hZHNcLzIwMjJcLzAxXC9DTEFSSVNTQTEtZTE2NDE4MzI0MjE4MjguanBnIiwic2xpZGVzaG93IjoiM2I3MmYyNyJ9\">\n\t\t\t\t\t<div class=\"e-gallery-image elementor-gallery-item__image\" data-thumbnail=\"https:\/\/worlddancemovement.com\/wp-content\/uploads\/2022\/01\/CLARISSA1-e1641832421828.jpg\" data-width=\"669\" data-height=\"640\" aria-label=\"\" role=\"img\" ><\/div>\n\t\t\t\t\t\t\t\t\t\t\t<div class=\"elementor-gallery-item__overlay\"><\/div>\n\t\t\t\t\t\t\t\t\t\t\t\t\t\t<\/a>\n\t\t\t\t\t\t\t<a class=\"e-gallery-item elementor-gallery-item elementor-animated-content\" href=\"https:\/\/worlddancemovement.com\/wp-content\/uploads\/2021\/10\/Clarissa-Mucci.png\" data-elementor-open-lightbox=\"yes\" data-elementor-lightbox-slideshow=\"3b72f27\" data-elementor-lightbox-title=\"Clarissa Mucci\" data-e-action-hash=\"#elementor-action%3Aaction%3Dlightbox%26settings%3DeyJpZCI6NDY2MSwidXJsIjoiaHR0cHM6XC9cL3dvcmxkZGFuY2Vtb3ZlbWVudC5jb21cL3dwLWNvbnRlbnRcL3VwbG9hZHNcLzIwMjFcLzEwXC9DbGFyaXNzYS1NdWNjaS5wbmciLCJzbGlkZXNob3ciOiIzYjcyZjI3In0%3D\">\n\t\t\t\t\t<div class=\"e-gallery-image elementor-gallery-item__image\" data-thumbnail=\"https:\/\/worlddancemovement.com\/wp-content\/uploads\/2021\/10\/Clarissa-Mucci-1024x1002.png\" data-width=\"1024\" data-height=\"1002\" aria-label=\"\" role=\"img\" ><\/div>\n\t\t\t\t\t\t\t\t\t\t\t<div class=\"elementor-gallery-item__overlay\"><\/div>\n\t\t\t\t\t\t\t\t\t\t\t\t\t\t<\/a>\n\t\t\t\t\t<\/div>\n\t\t\t\t\t<\/div>\n\t\t\t\t<\/div>\n\t\t\t\t<div class=\"elementor-element elementor-element-3947f8e elementor-widget elementor-widget-text-editor\" data-id=\"3947f8e\" data-element_type=\"widget\" data-e-type=\"widget\" data-widget_type=\"text-editor.default\">\n\t\t\t\t<div class=\"elementor-widget-container\">\n\t\t\t\t\t\t\t\t\t<p>Ha studiato all&#039;Accademia Nazionale di Danza a Roma, Italia con il Maestro di Danza Classica, il Maestro Zarko Prebil e sotto la direzione dei Maestri di Danza Moderna, Jean Cebron e Irina Harris. Ha continuato a studiare con insegnanti di fama mondiale come: Merle Park, direttrice del Royal Ballet di Londra, Irina Trohmova, Nina Kurgakina, assistente coreografa e produttrice del Teatro Marinsky di San Pietroburgo, Elisabetta Terabust, direttrice della Scuola del Teatro dell &#039;Opera a Roma.<\/p><p>\u00c8 stata solista dell&#039;Accademia Nazionale di Danza e ha ballato ne \u201cLe Sifilidi\u201d, \u201cPaquita\u201d, \u201cGiselle\u201d, \u201cIl Lago dei Cigni\u201d, \u201cDon Chisciotte\u201d, \u201cLo Schiaccianoci\u201d. Dal 1981 insegna tecnica accademica all&#039;Accademia Nazionale di Danza. Dal 1988 al 1991 \u00e8 stata insegnante di repertorio e assistente alla coreografia. Nel 1991 \u00e8 invitata al Teatro San Carlo di Napoli come Maitre du Ballet.\u00a0<\/p><p>Gli studenti di Clarissa hanno partecipato ai pi\u00f9 prestigiosi concorsi nazionali ed internazionali, ottenendo grandi successi e primi premi. La maggior parte di loro balla per famose compagnie di danza nazionali ed internazionali. Nel 2001 Clarissa entra a far parte del Ballet du Capitole di Tolosa (Francia) diretto da Nanette Glushak come insegnante ospite.<\/p><p>Dal 2000 al 2006 lavora come Ma\u00eetre de ballet al Teatro San Carlo di Napoli, prima diretto da Luciano Cannito, poi con la direzione di Elisabetta Terabust. Ha lavorato anche al Teatro dell&#039;Opera di Roma, lavorando fianco a fianco con Carla Fracci. Dal 2007 al 2008 \u00e8 ospite al Teatro alla Scala diretto da Elisabetta Terabust. Clarissa Mucci \u00e8 anche insegnante ospite per uno dei concorsi internazionali pi\u00f9 apprezzati in Italia \u201cCitt\u00e0 di Spoleto\u201d organizzato da Alberto Testa.\u00a0<\/p><p>Clarissa \u00e8 giudice del Concorso di Caltanisetta, Roma for Dancing e Dance Out in Italy. \u00c8 insegnante Erasmus per la Staatsopera di Berlino, Germania e insegnante ospite al Baltic Ballet Competition di Riga, Lettonia.\u00a0<\/p>\t\t\t\t\t\t\t\t<\/div>\n\t\t\t\t<\/div>\n\t\t\t\t\t<\/div>\n\t\t<\/div>\n\t\t\t\t\t<\/div>\n\t\t<\/section>\n\t\t\t\t<\/div>","protected":false},"excerpt":{"rendered":"<p>CLARISSA MUCCI CLARISSA MUCCI&nbsp;&#8211; \ud83c\uddee\ud83c\uddf9 ITALYCLASS: CLASSICAL BALLET She studied at the Accademia Nazionale di Danza in Rome, Italy with Ballet Master, Teacher Zarko Prebil and under the direction of Modern Dance Master Teachers, Jean Cebron and Irina Harris. She kept studying with world-renowned teachers such as: Merle Park, director of the London Royal Ballet, [&hellip;]<\/p>\n","protected":false},"author":6,"featured_media":0,"parent":329,"menu_order":0,"comment_status":"closed","ping_status":"closed","template":"","meta":{"_acf_changed":false,"site-sidebar-layout":"no-sidebar","site-content-layout":"page-builder","ast-site-content-layout":"default","site-content-style":"default","site-sidebar-style":"default","ast-global-header-display":"","ast-banner-title-visibility":"","ast-main-header-display":"","ast-hfb-above-header-display":"","ast-hfb-below-header-display":"","ast-hfb-mobile-header-display":"","site-post-title":"disabled","ast-breadcrumbs-content":"","ast-featured-img":"disabled","footer-sml-layout":"","ast-disable-related-posts":"","theme-transparent-header-meta":"default","adv-header-id-meta":"","stick-header-meta":"default","header-above-stick-meta":"","header-main-stick-meta":"","header-below-stick-meta":"","astra-migrate-meta-layouts":"default","ast-page-background-enabled":"default","ast-page-background-meta":{"desktop":{"background-color":"","background-image":"","background-repeat":"repeat","background-position":"center center","background-size":"auto","background-attachment":"scroll","background-type":"","background-media":"","overlay-type":"","overlay-color":"","overlay-opacity":"","overlay-gradient":""},"tablet":{"background-color":"","background-image":"","background-repeat":"repeat","background-position":"center center","background-size":"auto","background-attachment":"scroll","background-type":"","background-media":"","overlay-type":"","overlay-color":"","overlay-opacity":"","overlay-gradient":""},"mobile":{"background-color":"","background-image":"","background-repeat":"repeat","background-position":"center center","background-size":"auto","background-attachment":"scroll","background-type":"","background-media":"","overlay-type":"","overlay-color":"","overlay-opacity":"","overlay-gradient":""}},"ast-content-background-meta":{"desktop":{"background-color":"var(--ast-global-color-5)","background-image":"","background-repeat":"repeat","background-position":"center center","background-size":"auto","background-attachment":"scroll","background-type":"","background-media":"","overlay-type":"","overlay-color":"","overlay-opacity":"","overlay-gradient":""},"tablet":{"background-color":"var(--ast-global-color-5)","background-image":"","background-repeat":"repeat","background-position":"center center","background-size":"auto","background-attachment":"scroll","background-type":"","background-media":"","overlay-type":"","overlay-color":"","overlay-opacity":"","overlay-gradient":""},"mobile":{"background-color":"var(--ast-global-color-5)","background-image":"","background-repeat":"repeat","background-position":"center center","background-size":"auto","background-attachment":"scroll","background-type":"","background-media":"","overlay-type":"","overlay-color":"","overlay-opacity":"","overlay-gradient":""}},"footnotes":""},"class_list":["post-420","page","type-page","status-publish","hentry"],"acf":[],"jetpack_sharing_enabled":true,"_links":{"self":[{"href":"https:\/\/worlddancemovement.com\/it_it\/wp-json\/wp\/v2\/pages\/420","targetHints":{"allow":["GET"]}}],"collection":[{"href":"https:\/\/worlddancemovement.com\/it_it\/wp-json\/wp\/v2\/pages"}],"about":[{"href":"https:\/\/worlddancemovement.com\/it_it\/wp-json\/wp\/v2\/types\/page"}],"author":[{"embeddable":true,"href":"https:\/\/worlddancemovement.com\/it_it\/wp-json\/wp\/v2\/users\/6"}],"replies":[{"embeddable":true,"href":"https:\/\/worlddancemovement.com\/it_it\/wp-json\/wp\/v2\/comments?post=420"}],"version-history":[{"count":10,"href":"https:\/\/worlddancemovement.com\/it_it\/wp-json\/wp\/v2\/pages\/420\/revisions"}],"predecessor-version":[{"id":15522,"href":"https:\/\/worlddancemovement.com\/it_it\/wp-json\/wp\/v2\/pages\/420\/revisions\/15522"}],"up":[{"embeddable":true,"href":"https:\/\/worlddancemovement.com\/it_it\/wp-json\/wp\/v2\/pages\/329"}],"wp:attachment":[{"href":"https:\/\/worlddancemovement.com\/it_it\/wp-json\/wp\/v2\/media?parent=420"}],"curies":[{"name":"parola chiave","href":"https:\/\/api.w.org\/{rel}","templated":true}]}}