{"id":4107,"date":"2021-09-13T12:17:08","date_gmt":"2021-09-13T12:17:08","guid":{"rendered":"https:\/\/migrate.worlddancemovement.com\/?post_type=product&#038;p=4107"},"modified":"2022-11-16T16:34:50","modified_gmt":"2022-11-16T16:34:50","slug":"lyrical-jazz-dvd-with-joey-dowling","status":"publish","type":"product","link":"https:\/\/worlddancemovement.com\/it_it\/prodotto\/lyrical-jazz-dvd-with-joey-dowling\/","title":{"rendered":"DVD jazz lirico con Joey Dowling"},"content":{"rendered":"","protected":false},"excerpt":{"rendered":"<p>Unisciti a una delle artiste pi\u00f9 straordinarie di oggi, Joey Dowling, mentre ti guida verso la padronanza dell&#039;arte della danza jazz lirica. In questo nastro imparerai come eseguire movimenti tecnici ed eseguire transizioni senza soluzione di continuit\u00e0 che sembrano naturali e sembrano organiche. Attraverso la sua coreografia, diventerai un ballerino migliore e pi\u00f9 intelligente analizzando e comprendendo il connubio tra musicalit\u00e0, fluidit\u00e0, tecnica e transizione. Il video contiene tre combinazioni individuali, diverse nel loro stile di movimento. Questo video \u00e8 rivolto ai ballerini di livello da intermedio ad avanzato per imparare davvero a ballare.<\/p>\n<p>I crediti teatrali di Joey includono il tour nazionale di A Funny Thing Happened on the Way to the Forum interpretando Vibrata, GiGi, Soul Possessed, No Strings e lo spettacolo di Broadway Dance of the Vampires con Michael Crawford. Dopo aver frequentato la Tisch School of the Arts della New York University, Joey \u00e8 stata in tourn\u00e9e con Mariah Carey nel suo Butterfly World Tour. Si \u00e8 esibita ai VHI Vogue Fashion Awards con Macy Gray, agli MTV Music Awards con Jennifer Lopez, \u00e8 andata al Festival di Cannes e si \u00e8 esibita con Nicole Kidman per il film &quot;Moulin Rouge&quot;. \u00c8 apparsa in &quot;Sex &amp; the City&quot;, &quot;Cedric the Entertainer&quot; ed \u00e8 stata una ballerina del film &quot;Chicago&quot;. Joey si \u00e8 destreggiato esibendosi e coreografando in tutto il paese, insegnando alla gente i segreti per essere un ballerino professionista. \u00c8 coreografa e giudice dell&#039;acclamato programma televisivo di successo &quot;So You Think You Can Dance&quot;.<\/p>","protected":false},"featured_media":4137,"comment_status":"closed","ping_status":"closed","template":"","meta":{"_acf_changed":false,"site-sidebar-layout":"default","site-content-layout":"default","ast-site-content-layout":"default","site-content-style":"default","site-sidebar-style":"default","ast-global-header-display":"","ast-banner-title-visibility":"","ast-main-header-display":"","ast-hfb-above-header-display":"","ast-hfb-below-header-display":"","ast-hfb-mobile-header-display":"","site-post-title":"","ast-breadcrumbs-content":"","ast-featured-img":"","footer-sml-layout":"","ast-disable-related-posts":"","theme-transparent-header-meta":"default","adv-header-id-meta":"","stick-header-meta":"default","header-above-stick-meta":"","header-main-stick-meta":"","header-below-stick-meta":"","astra-migrate-meta-layouts":"default","ast-page-background-enabled":"default","ast-page-background-meta":{"desktop":{"background-color":"","background-image":"","background-repeat":"repeat","background-position":"center center","background-size":"auto","background-attachment":"scroll","background-type":"","background-media":"","overlay-type":"","overlay-color":"","overlay-opacity":"","overlay-gradient":""},"tablet":{"background-color":"","background-image":"","background-repeat":"repeat","background-position":"center center","background-size":"auto","background-attachment":"scroll","background-type":"","background-media":"","overlay-type":"","overlay-color":"","overlay-opacity":"","overlay-gradient":""},"mobile":{"background-color":"","background-image":"","background-repeat":"repeat","background-position":"center center","background-size":"auto","background-attachment":"scroll","background-type":"","background-media":"","overlay-type":"","overlay-color":"","overlay-opacity":"","overlay-gradient":""}},"ast-content-background-meta":{"desktop":{"background-color":"var(--ast-global-color-5)","background-image":"","background-repeat":"repeat","background-position":"center center","background-size":"auto","background-attachment":"scroll","background-type":"","background-media":"","overlay-type":"","overlay-color":"","overlay-opacity":"","overlay-gradient":""},"tablet":{"background-color":"var(--ast-global-color-5)","background-image":"","background-repeat":"repeat","background-position":"center center","background-size":"auto","background-attachment":"scroll","background-type":"","background-media":"","overlay-type":"","overlay-color":"","overlay-opacity":"","overlay-gradient":""},"mobile":{"background-color":"var(--ast-global-color-5)","background-image":"","background-repeat":"repeat","background-position":"center center","background-size":"auto","background-attachment":"scroll","background-type":"","background-media":"","overlay-type":"","overlay-color":"","overlay-opacity":"","overlay-gradient":""}}},"product_brand":[],"product_cat":[32,58,26],"product_tag":[],"wpstream_actors":[],"wpstream_category":[],"wpstream_movie_rating":[],"class_list":{"0":"post-4107","1":"product","2":"type-product","3":"status-publish","4":"has-post-thumbnail","6":"product_cat-choreography","7":"product_cat-dance-videos","8":"product_cat-jazz","9":"desktop-align-left","10":"tablet-align-left","11":"mobile-align-left","13":"first","14":"instock","15":"sale","16":"shipping-taxable","17":"purchasable","18":"product-type-simple"},"acf":[],"jetpack_sharing_enabled":true,"_links":{"self":[{"href":"https:\/\/worlddancemovement.com\/it_it\/wp-json\/wp\/v2\/product\/4107","targetHints":{"allow":["GET"]}}],"collection":[{"href":"https:\/\/worlddancemovement.com\/it_it\/wp-json\/wp\/v2\/product"}],"about":[{"href":"https:\/\/worlddancemovement.com\/it_it\/wp-json\/wp\/v2\/types\/product"}],"replies":[{"embeddable":true,"href":"https:\/\/worlddancemovement.com\/it_it\/wp-json\/wp\/v2\/comments?post=4107"}],"wp:featuredmedia":[{"embeddable":true,"href":"https:\/\/worlddancemovement.com\/it_it\/wp-json\/wp\/v2\/media\/4137"}],"wp:attachment":[{"href":"https:\/\/worlddancemovement.com\/it_it\/wp-json\/wp\/v2\/media?parent=4107"}],"wp:term":[{"taxonomy":"product_brand","embeddable":true,"href":"https:\/\/worlddancemovement.com\/it_it\/wp-json\/wp\/v2\/product_brand?post=4107"},{"taxonomy":"product_cat","embeddable":true,"href":"https:\/\/worlddancemovement.com\/it_it\/wp-json\/wp\/v2\/product_cat?post=4107"},{"taxonomy":"product_tag","embeddable":true,"href":"https:\/\/worlddancemovement.com\/it_it\/wp-json\/wp\/v2\/product_tag?post=4107"},{"taxonomy":"wpstream_actors","embeddable":true,"href":"https:\/\/worlddancemovement.com\/it_it\/wp-json\/wp\/v2\/wpstream_actors?post=4107"},{"taxonomy":"wpstream_category","embeddable":true,"href":"https:\/\/worlddancemovement.com\/it_it\/wp-json\/wp\/v2\/wpstream_category?post=4107"},{"taxonomy":"wpstream_movie_rating","embeddable":true,"href":"https:\/\/worlddancemovement.com\/it_it\/wp-json\/wp\/v2\/wpstream_movie_rating?post=4107"}],"curies":[{"name":"parola chiave","href":"https:\/\/api.w.org\/{rel}","templated":true}]}}