{"id":4111,"date":"2021-09-13T12:17:09","date_gmt":"2021-09-13T12:17:09","guid":{"rendered":"https:\/\/migrate.worlddancemovement.com\/?post_type=product&#038;p=4111"},"modified":"2022-11-16T16:34:08","modified_gmt":"2022-11-16T16:34:08","slug":"breakdance-dvd-with-ephrat-aka-b-girl-bounce","status":"publish","type":"product","link":"https:\/\/worlddancemovement.com\/it_it\/prodotto\/breakdance-dvd-with-ephrat-aka-b-girl-bounce\/","title":{"rendered":"DVD di breakdance con Ephrat AKA B-girl Bounce"},"content":{"rendered":"","protected":false},"excerpt":{"rendered":"<p>In questo DVD didattico sulla danza,\u00a0\u00a0<b>Efrat<\/b>\u00a0ti insegner\u00e0 le basi del b-boying\/b-girling (una danza nota anche come breaking), inclusi freeze, top rock, cadute a terra, passi e schemi base di footwork. Ti verranno presentati passi di danza come il 6 passi, il baby swipe, il fermo della sedia e molto altro ancora. Lo stile rilassato di Ephrat ti aiuter\u00e0 a imparare a sentirti pi\u00f9 a tuo agio nello stile libero. Con il tempo e la pratica, aggiungerai il tuo gusto personale a questi passi e li manterrai come parte del tuo crescente vocabolario di danza, arricchendo il tuo lavoro come ballerino e dandoti una solida base da cui iniziare il tuo allenamento in questa danza cruda e potente.<\/p>\n<p><b>Ephrat \u201cBounce\u201d Asherie\u00a0<\/b>si \u00e8 formata ampiamente nel balletto classico e nella danza moderna, ma ha trovato la sua casa artistica nelle forme di danza di strada di b-girling (breaking), hip-hop e house. Ephrat ha iniziato a fare le b-girl a Brooklyn nel 2002 con i Breakeasy (BIS crew) e ad allenarsi nell&#039;hip-hop con Leslie Feliciano. Poco dopo, \u00e8 stata introdotta alla musica house e da allora \u00e8 stata fortemente influenzata dalla scena dei club di New York.<\/p>\n<p>Ephrat si \u00e8 esibito e ha insegnato negli Stati Uniti e in Europa, cos\u00ec come in Per\u00f9 e Sud Africa. \u00c8 apparsa su MTV, Comedy Central e alla Carnegie Hall, al Madison Square Garden e a DTW. Ephrat \u00e8 un membro della crew tutta al femminile FoxForceFive e di MAWU, un collettivo di house dance. \u00c8 stata scelta da Dance Magazine come una delle 25 da tenere d&#039;occhio nel 2007. Ephrat \u00e8 co-fondatrice dell&#039;organizzazione no-profit Dance for Peace: One Step at a Time. Recentemente si \u00e8 esibita nella premi\u00e8re di Bill Irwin della Happiness Lecture alla Philadelphia Theatre Company. Ephrat ha ricevuto una borsa di studio dalla Fondazione Puffin per la fondazione di un programma di danza hip-hop presso il programma After-School della Grant Houses ad Harlem, New York.<\/p>","protected":false},"featured_media":4141,"comment_status":"closed","ping_status":"closed","template":"","meta":{"_acf_changed":false,"site-sidebar-layout":"default","site-content-layout":"default","ast-site-content-layout":"default","site-content-style":"default","site-sidebar-style":"default","ast-global-header-display":"","ast-banner-title-visibility":"","ast-main-header-display":"","ast-hfb-above-header-display":"","ast-hfb-below-header-display":"","ast-hfb-mobile-header-display":"","site-post-title":"","ast-breadcrumbs-content":"","ast-featured-img":"","footer-sml-layout":"","ast-disable-related-posts":"","theme-transparent-header-meta":"default","adv-header-id-meta":"","stick-header-meta":"default","header-above-stick-meta":"","header-main-stick-meta":"","header-below-stick-meta":"","astra-migrate-meta-layouts":"default","ast-page-background-enabled":"default","ast-page-background-meta":{"desktop":{"background-color":"","background-image":"","background-repeat":"repeat","background-position":"center center","background-size":"auto","background-attachment":"scroll","background-type":"","background-media":"","overlay-type":"","overlay-color":"","overlay-opacity":"","overlay-gradient":""},"tablet":{"background-color":"","background-image":"","background-repeat":"repeat","background-position":"center center","background-size":"auto","background-attachment":"scroll","background-type":"","background-media":"","overlay-type":"","overlay-color":"","overlay-opacity":"","overlay-gradient":""},"mobile":{"background-color":"","background-image":"","background-repeat":"repeat","background-position":"center center","background-size":"auto","background-attachment":"scroll","background-type":"","background-media":"","overlay-type":"","overlay-color":"","overlay-opacity":"","overlay-gradient":""}},"ast-content-background-meta":{"desktop":{"background-color":"var(--ast-global-color-5)","background-image":"","background-repeat":"repeat","background-position":"center center","background-size":"auto","background-attachment":"scroll","background-type":"","background-media":"","overlay-type":"","overlay-color":"","overlay-opacity":"","overlay-gradient":""},"tablet":{"background-color":"var(--ast-global-color-5)","background-image":"","background-repeat":"repeat","background-position":"center center","background-size":"auto","background-attachment":"scroll","background-type":"","background-media":"","overlay-type":"","overlay-color":"","overlay-opacity":"","overlay-gradient":""},"mobile":{"background-color":"var(--ast-global-color-5)","background-image":"","background-repeat":"repeat","background-position":"center center","background-size":"auto","background-attachment":"scroll","background-type":"","background-media":"","overlay-type":"","overlay-color":"","overlay-opacity":"","overlay-gradient":""}}},"product_brand":[],"product_cat":[32,58,30],"product_tag":[],"wpstream_actors":[],"wpstream_category":[],"wpstream_movie_rating":[],"class_list":{"0":"post-4111","1":"product","2":"type-product","3":"status-publish","4":"has-post-thumbnail","6":"product_cat-choreography","7":"product_cat-dance-videos","8":"product_cat-hip-hop","9":"desktop-align-left","10":"tablet-align-left","11":"mobile-align-left","13":"first","14":"instock","15":"sale","16":"shipping-taxable","17":"purchasable","18":"product-type-simple"},"acf":[],"jetpack_sharing_enabled":true,"_links":{"self":[{"href":"https:\/\/worlddancemovement.com\/it_it\/wp-json\/wp\/v2\/product\/4111","targetHints":{"allow":["GET"]}}],"collection":[{"href":"https:\/\/worlddancemovement.com\/it_it\/wp-json\/wp\/v2\/product"}],"about":[{"href":"https:\/\/worlddancemovement.com\/it_it\/wp-json\/wp\/v2\/types\/product"}],"replies":[{"embeddable":true,"href":"https:\/\/worlddancemovement.com\/it_it\/wp-json\/wp\/v2\/comments?post=4111"}],"wp:featuredmedia":[{"embeddable":true,"href":"https:\/\/worlddancemovement.com\/it_it\/wp-json\/wp\/v2\/media\/4141"}],"wp:attachment":[{"href":"https:\/\/worlddancemovement.com\/it_it\/wp-json\/wp\/v2\/media?parent=4111"}],"wp:term":[{"taxonomy":"product_brand","embeddable":true,"href":"https:\/\/worlddancemovement.com\/it_it\/wp-json\/wp\/v2\/product_brand?post=4111"},{"taxonomy":"product_cat","embeddable":true,"href":"https:\/\/worlddancemovement.com\/it_it\/wp-json\/wp\/v2\/product_cat?post=4111"},{"taxonomy":"product_tag","embeddable":true,"href":"https:\/\/worlddancemovement.com\/it_it\/wp-json\/wp\/v2\/product_tag?post=4111"},{"taxonomy":"wpstream_actors","embeddable":true,"href":"https:\/\/worlddancemovement.com\/it_it\/wp-json\/wp\/v2\/wpstream_actors?post=4111"},{"taxonomy":"wpstream_category","embeddable":true,"href":"https:\/\/worlddancemovement.com\/it_it\/wp-json\/wp\/v2\/wpstream_category?post=4111"},{"taxonomy":"wpstream_movie_rating","embeddable":true,"href":"https:\/\/worlddancemovement.com\/it_it\/wp-json\/wp\/v2\/wpstream_movie_rating?post=4111"}],"curies":[{"name":"parola chiave","href":"https:\/\/api.w.org\/{rel}","templated":true}]}}