{"id":4112,"date":"2021-09-13T12:17:09","date_gmt":"2021-09-13T12:17:09","guid":{"rendered":"https:\/\/migrate.worlddancemovement.com\/?post_type=product&#038;p=4112"},"modified":"2022-11-16T16:29:49","modified_gmt":"2022-11-16T16:29:49","slug":"hip-hop-funk-dvd-with-jermaine-browne","status":"publish","type":"product","link":"https:\/\/worlddancemovement.com\/it_it\/prodotto\/hip-hop-funk-dvd-with-jermaine-browne\/","title":{"rendered":"DVD Hip Hop Funk con Jermaine Browne"},"content":{"rendered":"","protected":false},"excerpt":{"rendered":"<p>Giuntura\u00a0<b>Jermaine Browne\u00a0<\/b>mentre insegna ed esegue 60 minuti del suo stile di danza fluido e provocatorio noto come JFH. Fondendo jazz, funk e hip-hop, la coreografia di Jermaine \u00e8 tecnica, forte e piena di passione ed energia. Gli esclusivi angoli di ripresa rivolti verso lo specchio ti consentono di imparare come se fossi uno studente in classe. Jermaine e i suoi ballerini ti guideranno passo dopo passo attraverso tre routine. Una routine selezionata ti trasporter\u00e0 in una lezione al Broadway Dance Center (New York City) dove ti unirai all&#039;incredibile atmosfera pi\u00f9 adatta per il\u00a0<b>io<\/b>studenti da intermedio ad intermedio-avanzato<b>.<\/b><\/p>\n<p><b>Quello di Jermaine\u00a0<\/b>La combinazione unica di forza e sensualit\u00e0 ha catturato l&#039;attenzione dell&#039;industria musicale mentre lavorava come assistente coreografo per un video musicale di Britney Spears. Ci\u00f2 lo ha portato a creare un video rivoluzionario &quot;Genie In a Bottle&quot; per Christina Aguilera e Asst. Coreografa il video musicale \u201cLove Don&#039;t Cost a Thing\u201d per Jennifer Lopez. Oltre ai video musicali, Jermaine ha creato e coreografato spettacoli teatrali per artisti come Thalia, Deborah Cox, Tamia e Melissa Jimenez. Ha anche coreografato la performance sul palco degli European MTV Music Awards 2005 a Lisbona, che, tra gli altri, includeva la performance olografica dei Gorillaz e Boret. Ha co-coreografato la sfilata di moda Victoria Secret del 2006, che includeva l&#039;apertura per Justin Timberlake. Jermaine ha coreografato la performance di Leona Lewis di 40 ballerini per i British Music Awards, la sfilata di moda di Nike a Manchester, in Inghilterra; ha lavorato con il campione del mondo di pattinaggio sul ghiaccio Daisuke, messo in scena e coreografato lo spettacolo per il tour promozionale di Melissa Jimenez, The Angel Ball Fund Raiser, The Box Cabaret show; \u00e8 appena tornato dalla Russia dove Absolute Vodka gli ha chiesto di mettere le impronte dei suoi piedi sulla loro NUOVA bottiglia da discoteca mostrando una piccola danza. Altri crediti includono: Coreografo dello staff interno per la sfilata di moda di Victoria&#039;s Secret a Miami nel 2008... \u00e8 il maggior successo di sempre! Ha coreografato per la sfilata di scarpe Louis Vuitton e ha anche creato una danza caratteristica per il mercato sudamericano Heineken &quot;Green Synergy&quot;. Questo spot mostrava 8 passi che possono essere tradotti in 3 diversi stili di danza (Hip Hop, Soca e Dancehall). Con questo successo Jermaine \u00e8 passato da coreografo a regista. Il suo debutto alla regia \u00e8 stato uno spot pubblicitario per &quot;Easy Glove&quot;. Tuttavia, Jermaine sar\u00e0 sempre devoto al suo primo amore per la coreografia. Continua a lavorare con artisti di tutto il mondo...il famoso gruppo pop europeo &quot;Infernal&quot; ha lavorato con Jermaine nel loro video musicale pi\u00f9 recente e ora la sensazionale artista greca Anna Vissi ha invitato Jermaine per il suo prossimo tour!<\/p>","protected":false},"featured_media":4142,"comment_status":"closed","ping_status":"closed","template":"","meta":{"_acf_changed":false,"site-sidebar-layout":"default","site-content-layout":"default","ast-site-content-layout":"default","site-content-style":"default","site-sidebar-style":"default","ast-global-header-display":"","ast-banner-title-visibility":"","ast-main-header-display":"","ast-hfb-above-header-display":"","ast-hfb-below-header-display":"","ast-hfb-mobile-header-display":"","site-post-title":"","ast-breadcrumbs-content":"","ast-featured-img":"","footer-sml-layout":"","ast-disable-related-posts":"","theme-transparent-header-meta":"default","adv-header-id-meta":"","stick-header-meta":"default","header-above-stick-meta":"","header-main-stick-meta":"","header-below-stick-meta":"","astra-migrate-meta-layouts":"default","ast-page-background-enabled":"default","ast-page-background-meta":{"desktop":{"background-color":"","background-image":"","background-repeat":"repeat","background-position":"center center","background-size":"auto","background-attachment":"scroll","background-type":"","background-media":"","overlay-type":"","overlay-color":"","overlay-opacity":"","overlay-gradient":""},"tablet":{"background-color":"","background-image":"","background-repeat":"repeat","background-position":"center center","background-size":"auto","background-attachment":"scroll","background-type":"","background-media":"","overlay-type":"","overlay-color":"","overlay-opacity":"","overlay-gradient":""},"mobile":{"background-color":"","background-image":"","background-repeat":"repeat","background-position":"center center","background-size":"auto","background-attachment":"scroll","background-type":"","background-media":"","overlay-type":"","overlay-color":"","overlay-opacity":"","overlay-gradient":""}},"ast-content-background-meta":{"desktop":{"background-color":"var(--ast-global-color-5)","background-image":"","background-repeat":"repeat","background-position":"center center","background-size":"auto","background-attachment":"scroll","background-type":"","background-media":"","overlay-type":"","overlay-color":"","overlay-opacity":"","overlay-gradient":""},"tablet":{"background-color":"var(--ast-global-color-5)","background-image":"","background-repeat":"repeat","background-position":"center center","background-size":"auto","background-attachment":"scroll","background-type":"","background-media":"","overlay-type":"","overlay-color":"","overlay-opacity":"","overlay-gradient":""},"mobile":{"background-color":"var(--ast-global-color-5)","background-image":"","background-repeat":"repeat","background-position":"center center","background-size":"auto","background-attachment":"scroll","background-type":"","background-media":"","overlay-type":"","overlay-color":"","overlay-opacity":"","overlay-gradient":""}}},"product_brand":[],"product_cat":[32,58,30],"product_tag":[],"wpstream_actors":[],"wpstream_category":[],"wpstream_movie_rating":[],"class_list":{"0":"post-4112","1":"product","2":"type-product","3":"status-publish","4":"has-post-thumbnail","6":"product_cat-choreography","7":"product_cat-dance-videos","8":"product_cat-hip-hop","9":"desktop-align-left","10":"tablet-align-left","11":"mobile-align-left","13":"first","14":"instock","15":"sale","16":"shipping-taxable","17":"purchasable","18":"product-type-simple"},"acf":[],"jetpack_sharing_enabled":true,"_links":{"self":[{"href":"https:\/\/worlddancemovement.com\/it_it\/wp-json\/wp\/v2\/product\/4112","targetHints":{"allow":["GET"]}}],"collection":[{"href":"https:\/\/worlddancemovement.com\/it_it\/wp-json\/wp\/v2\/product"}],"about":[{"href":"https:\/\/worlddancemovement.com\/it_it\/wp-json\/wp\/v2\/types\/product"}],"replies":[{"embeddable":true,"href":"https:\/\/worlddancemovement.com\/it_it\/wp-json\/wp\/v2\/comments?post=4112"}],"wp:featuredmedia":[{"embeddable":true,"href":"https:\/\/worlddancemovement.com\/it_it\/wp-json\/wp\/v2\/media\/4142"}],"wp:attachment":[{"href":"https:\/\/worlddancemovement.com\/it_it\/wp-json\/wp\/v2\/media?parent=4112"}],"wp:term":[{"taxonomy":"product_brand","embeddable":true,"href":"https:\/\/worlddancemovement.com\/it_it\/wp-json\/wp\/v2\/product_brand?post=4112"},{"taxonomy":"product_cat","embeddable":true,"href":"https:\/\/worlddancemovement.com\/it_it\/wp-json\/wp\/v2\/product_cat?post=4112"},{"taxonomy":"product_tag","embeddable":true,"href":"https:\/\/worlddancemovement.com\/it_it\/wp-json\/wp\/v2\/product_tag?post=4112"},{"taxonomy":"wpstream_actors","embeddable":true,"href":"https:\/\/worlddancemovement.com\/it_it\/wp-json\/wp\/v2\/wpstream_actors?post=4112"},{"taxonomy":"wpstream_category","embeddable":true,"href":"https:\/\/worlddancemovement.com\/it_it\/wp-json\/wp\/v2\/wpstream_category?post=4112"},{"taxonomy":"wpstream_movie_rating","embeddable":true,"href":"https:\/\/worlddancemovement.com\/it_it\/wp-json\/wp\/v2\/wpstream_movie_rating?post=4112"}],"curies":[{"name":"parola chiave","href":"https:\/\/api.w.org\/{rel}","templated":true}]}}