{"id":4113,"date":"2021-09-13T12:17:09","date_gmt":"2021-09-13T12:17:09","guid":{"rendered":"https:\/\/migrate.worlddancemovement.com\/?post_type=product&#038;p=4113"},"modified":"2022-11-16T16:31:17","modified_gmt":"2022-11-16T16:31:17","slug":"be-the-music-in-hip-hop-dvd-with-jared-grimes","status":"publish","type":"product","link":"https:\/\/worlddancemovement.com\/it_it\/prodotto\/be-the-music-in-hip-hop-dvd-with-jared-grimes\/","title":{"rendered":"sii la musica nel DVD HIP HOP con Jared Grimes"},"content":{"rendered":"","protected":false},"excerpt":{"rendered":"<p>Per il livello da intermedio a intermedio\/avanzato<\/p>\n<p>Questo DVD didattico sulla danza esplorer\u00e0 come la musica sia il fondamento di tutto il movimento Hip Hop. Jared sottolinea l&#039;uso di strumenti musicali specifici che esaltano le diverse trame della musica e ispirano direttamente la coreografia. La prima combo, &quot;Hittin&#039;&quot;, svilupper\u00e0 la tua forza nell&#039;accentuare i movimenti per ottenere impatto e precisione. La seconda combo, &quot;Southern Groove&quot;, ti insegner\u00e0 come essere forte e fluido mentre esegui movimenti complessi. Infine, &quot;To the floor&quot; ti permetter\u00e0 semplicemente di buttarti gi\u00f9, usando ogni sensazione possibile all&#039;interno della musica per esprimere te stesso e semplicemente divertirti. La lezione di Jared ti render\u00e0 sicuramente un ballerino migliore. Lascia sempre che la musica sia la tua guida!<\/p>\n<p><b>Jared Grimes<\/b>\u00a0\u00e8 un giovane e vivace additivo nel mondo delle arti dove sta lasciando il segno nell&#039;hip-hop\/street jazz e nel tap. In numerose occasioni, ha ballato al fianco di leggende come Gregory Hines, Fayard Nicholas, Author Duncan e si \u00e8 esibito per icone senza tempo come Ben Vereen, Debbie Allen e Jerry Lewis. \u00c8 membro della &quot;Rhapsody The Company&quot; e si \u00e8 esibito negli Stati Uniti e all&#039;estero con il North Carolina Youth Tap Ensemble.<\/p>\n<p>Grimes ha recentemente coreografato l&#039;acclamato spettacolo del Cirque de Soleil \u201cBanana Shpeel\u201d.<\/p>\n<p>\u00c8 stato anche in tourn\u00e9e con la leggenda della musica, Mariah Carey, sotto la coreografia di Marty Kudelka, e ha ballato per artisti come Common, Salt-n-Pepa, Envogue e The Roots sotto la coreografa Fatima. I crediti teatrali di Jared includono \u201cBabes in Arms\u201d alla Goodspeed Opera House, \u201cSammy\u201d, diretto da Debbie Allen, la produzione North Carolina GTC di \u201cSophisticated Ladies\u201d e \u201cVaudeville\u201d diretto da Chris D&#039;Amboise. Grimes \u00e8 apparso in spot pubblicitari per la Coca-Cola e programmi televisivi come \u201cStar Search\u201d della CBS, \u201cShowtime at the Apollo\u201d, \u201cDance Fever\u201d della ABC Family e The Jerry Lewis Telethon. I suoi crediti cinematografici includono \u201cLittle Manhattan\u201d della New Line Cinemas e \u201cFirst Born\u201d di Elevation Filmworks, con Elizabeth Shue.<\/p>","protected":false},"featured_media":7030,"comment_status":"closed","ping_status":"closed","template":"","meta":{"_acf_changed":false,"site-sidebar-layout":"default","site-content-layout":"default","ast-site-content-layout":"default","site-content-style":"default","site-sidebar-style":"default","ast-global-header-display":"","ast-banner-title-visibility":"","ast-main-header-display":"","ast-hfb-above-header-display":"","ast-hfb-below-header-display":"","ast-hfb-mobile-header-display":"","site-post-title":"","ast-breadcrumbs-content":"","ast-featured-img":"","footer-sml-layout":"","ast-disable-related-posts":"","theme-transparent-header-meta":"default","adv-header-id-meta":"","stick-header-meta":"default","header-above-stick-meta":"","header-main-stick-meta":"","header-below-stick-meta":"","astra-migrate-meta-layouts":"default","ast-page-background-enabled":"default","ast-page-background-meta":{"desktop":{"background-color":"","background-image":"","background-repeat":"repeat","background-position":"center center","background-size":"auto","background-attachment":"scroll","background-type":"","background-media":"","overlay-type":"","overlay-color":"","overlay-opacity":"","overlay-gradient":""},"tablet":{"background-color":"","background-image":"","background-repeat":"repeat","background-position":"center center","background-size":"auto","background-attachment":"scroll","background-type":"","background-media":"","overlay-type":"","overlay-color":"","overlay-opacity":"","overlay-gradient":""},"mobile":{"background-color":"","background-image":"","background-repeat":"repeat","background-position":"center center","background-size":"auto","background-attachment":"scroll","background-type":"","background-media":"","overlay-type":"","overlay-color":"","overlay-opacity":"","overlay-gradient":""}},"ast-content-background-meta":{"desktop":{"background-color":"var(--ast-global-color-5)","background-image":"","background-repeat":"repeat","background-position":"center center","background-size":"auto","background-attachment":"scroll","background-type":"","background-media":"","overlay-type":"","overlay-color":"","overlay-opacity":"","overlay-gradient":""},"tablet":{"background-color":"var(--ast-global-color-5)","background-image":"","background-repeat":"repeat","background-position":"center center","background-size":"auto","background-attachment":"scroll","background-type":"","background-media":"","overlay-type":"","overlay-color":"","overlay-opacity":"","overlay-gradient":""},"mobile":{"background-color":"var(--ast-global-color-5)","background-image":"","background-repeat":"repeat","background-position":"center center","background-size":"auto","background-attachment":"scroll","background-type":"","background-media":"","overlay-type":"","overlay-color":"","overlay-opacity":"","overlay-gradient":""}}},"product_brand":[],"product_cat":[32,58,30],"product_tag":[],"wpstream_actors":[],"wpstream_category":[],"wpstream_movie_rating":[],"class_list":{"0":"post-4113","1":"product","2":"type-product","3":"status-publish","4":"has-post-thumbnail","6":"product_cat-choreography","7":"product_cat-dance-videos","8":"product_cat-hip-hop","9":"desktop-align-left","10":"tablet-align-left","11":"mobile-align-left","13":"first","14":"instock","15":"sale","16":"shipping-taxable","17":"purchasable","18":"product-type-simple"},"acf":[],"jetpack_sharing_enabled":true,"_links":{"self":[{"href":"https:\/\/worlddancemovement.com\/it_it\/wp-json\/wp\/v2\/product\/4113","targetHints":{"allow":["GET"]}}],"collection":[{"href":"https:\/\/worlddancemovement.com\/it_it\/wp-json\/wp\/v2\/product"}],"about":[{"href":"https:\/\/worlddancemovement.com\/it_it\/wp-json\/wp\/v2\/types\/product"}],"replies":[{"embeddable":true,"href":"https:\/\/worlddancemovement.com\/it_it\/wp-json\/wp\/v2\/comments?post=4113"}],"wp:featuredmedia":[{"embeddable":true,"href":"https:\/\/worlddancemovement.com\/it_it\/wp-json\/wp\/v2\/media\/7030"}],"wp:attachment":[{"href":"https:\/\/worlddancemovement.com\/it_it\/wp-json\/wp\/v2\/media?parent=4113"}],"wp:term":[{"taxonomy":"product_brand","embeddable":true,"href":"https:\/\/worlddancemovement.com\/it_it\/wp-json\/wp\/v2\/product_brand?post=4113"},{"taxonomy":"product_cat","embeddable":true,"href":"https:\/\/worlddancemovement.com\/it_it\/wp-json\/wp\/v2\/product_cat?post=4113"},{"taxonomy":"product_tag","embeddable":true,"href":"https:\/\/worlddancemovement.com\/it_it\/wp-json\/wp\/v2\/product_tag?post=4113"},{"taxonomy":"wpstream_actors","embeddable":true,"href":"https:\/\/worlddancemovement.com\/it_it\/wp-json\/wp\/v2\/wpstream_actors?post=4113"},{"taxonomy":"wpstream_category","embeddable":true,"href":"https:\/\/worlddancemovement.com\/it_it\/wp-json\/wp\/v2\/wpstream_category?post=4113"},{"taxonomy":"wpstream_movie_rating","embeddable":true,"href":"https:\/\/worlddancemovement.com\/it_it\/wp-json\/wp\/v2\/wpstream_movie_rating?post=4113"}],"curies":[{"name":"parola chiave","href":"https:\/\/api.w.org\/{rel}","templated":true}]}}