{"id":4114,"date":"2021-09-13T12:17:09","date_gmt":"2021-09-13T12:17:09","guid":{"rendered":"https:\/\/migrate.worlddancemovement.com\/?post_type=product&#038;p=4114"},"modified":"2022-11-16T16:32:45","modified_gmt":"2022-11-16T16:32:45","slug":"hip-hop-with-dana-foglia-vol-iii-beginner-dvd","status":"publish","type":"product","link":"https:\/\/worlddancemovement.com\/it_it\/prodotto\/hip-hop-with-dana-foglia-vol-iii-beginner-dvd\/","title":{"rendered":"HIP HOP con Dana Foglia -VOL III-DVD per principianti"},"content":{"rendered":"","protected":false},"excerpt":{"rendered":"<p>Impara un ottimo RISCALDAMENTO, poi FANCY FOOTWORK, HOUSE GROOVES e RAGGAE GROOVES, tutte le combinazioni da Hip Hop Volume III con Dana Foglia. Continua a lavorare con Dana e i suoi ballerini mentre ti insegnano passi di danza di strada innovativi e avanzati creati per ballerini principianti di qualsiasi et\u00e0. Man mano che dimostrano i diversi groove necessari per questo stile funky di danza hip hop, aggiungerai nuovi passi al tuo repertorio. Vedrai la coreografia da angolazioni che rispecchiano l&#039;ambiente di una classe, cos\u00ec ti sentirai come se fossi proprio l\u00ec con Dana e i suoi ballerini. Tutti possono ballare! \u00c8 divertente ed emozionante, quindi preparati a muoverti come i professionisti!<\/p>\n<p>Dana Foglia \u00e8 cresciuta a Long Island, New York, e balla dall&#039;et\u00e0 di otto anni. Ha studiato vari stili di danza, tra cui balletto, jazz, tip tap, moderno e hip-hop. La sua formazione nel balletto \u00e8 iniziata alla Seiskaya Ballet Academy. Dopo il diploma di scuola superiore, ha vinto una borsa di studio completa alla Ailey School di Manhattan, continuando la sua formazione nella danza e dandole l&#039;opportunit\u00e0 di esibirsi con la Alvin Ailey Company.<\/p>\n<p>Dana \u00e8 stata in tourn\u00e9e con i migliori artisti tra cui Janet Jackson, Beyonc\u00e9, Rihanna, Kelis, Thalia e Fantasia, solo per citarne alcuni. Si \u00e8 anche esibita in molti video con i migliori artisti ed \u00e8 apparsa in numerosi spot pubblicitari, tra cui Acura e Haagen Dazs. Ha usato la sua conoscenza e il suo amore per la danza per insegnare a studenti in tutti gli Stati Uniti e all&#039;estero.<\/p>","protected":false},"featured_media":4144,"comment_status":"closed","ping_status":"closed","template":"","meta":{"_acf_changed":false,"site-sidebar-layout":"default","site-content-layout":"default","ast-site-content-layout":"default","site-content-style":"default","site-sidebar-style":"default","ast-global-header-display":"","ast-banner-title-visibility":"","ast-main-header-display":"","ast-hfb-above-header-display":"","ast-hfb-below-header-display":"","ast-hfb-mobile-header-display":"","site-post-title":"","ast-breadcrumbs-content":"","ast-featured-img":"","footer-sml-layout":"","ast-disable-related-posts":"","theme-transparent-header-meta":"default","adv-header-id-meta":"","stick-header-meta":"default","header-above-stick-meta":"","header-main-stick-meta":"","header-below-stick-meta":"","astra-migrate-meta-layouts":"default","ast-page-background-enabled":"default","ast-page-background-meta":{"desktop":{"background-color":"","background-image":"","background-repeat":"repeat","background-position":"center center","background-size":"auto","background-attachment":"scroll","background-type":"","background-media":"","overlay-type":"","overlay-color":"","overlay-opacity":"","overlay-gradient":""},"tablet":{"background-color":"","background-image":"","background-repeat":"repeat","background-position":"center center","background-size":"auto","background-attachment":"scroll","background-type":"","background-media":"","overlay-type":"","overlay-color":"","overlay-opacity":"","overlay-gradient":""},"mobile":{"background-color":"","background-image":"","background-repeat":"repeat","background-position":"center center","background-size":"auto","background-attachment":"scroll","background-type":"","background-media":"","overlay-type":"","overlay-color":"","overlay-opacity":"","overlay-gradient":""}},"ast-content-background-meta":{"desktop":{"background-color":"var(--ast-global-color-5)","background-image":"","background-repeat":"repeat","background-position":"center center","background-size":"auto","background-attachment":"scroll","background-type":"","background-media":"","overlay-type":"","overlay-color":"","overlay-opacity":"","overlay-gradient":""},"tablet":{"background-color":"var(--ast-global-color-5)","background-image":"","background-repeat":"repeat","background-position":"center center","background-size":"auto","background-attachment":"scroll","background-type":"","background-media":"","overlay-type":"","overlay-color":"","overlay-opacity":"","overlay-gradient":""},"mobile":{"background-color":"var(--ast-global-color-5)","background-image":"","background-repeat":"repeat","background-position":"center center","background-size":"auto","background-attachment":"scroll","background-type":"","background-media":"","overlay-type":"","overlay-color":"","overlay-opacity":"","overlay-gradient":""}}},"product_brand":[],"product_cat":[32,58,30,27,42],"product_tag":[],"wpstream_actors":[],"wpstream_category":[],"wpstream_movie_rating":[],"class_list":{"0":"post-4114","1":"product","2":"type-product","3":"status-publish","4":"has-post-thumbnail","6":"product_cat-choreography","7":"product_cat-dance-videos","8":"product_cat-hip-hop","9":"product_cat-kids","10":"product_cat-new-releases","11":"desktop-align-left","12":"tablet-align-left","13":"mobile-align-left","15":"first","16":"instock","17":"sale","18":"shipping-taxable","19":"purchasable","20":"product-type-simple"},"acf":[],"jetpack_sharing_enabled":true,"_links":{"self":[{"href":"https:\/\/worlddancemovement.com\/it_it\/wp-json\/wp\/v2\/product\/4114","targetHints":{"allow":["GET"]}}],"collection":[{"href":"https:\/\/worlddancemovement.com\/it_it\/wp-json\/wp\/v2\/product"}],"about":[{"href":"https:\/\/worlddancemovement.com\/it_it\/wp-json\/wp\/v2\/types\/product"}],"replies":[{"embeddable":true,"href":"https:\/\/worlddancemovement.com\/it_it\/wp-json\/wp\/v2\/comments?post=4114"}],"wp:featuredmedia":[{"embeddable":true,"href":"https:\/\/worlddancemovement.com\/it_it\/wp-json\/wp\/v2\/media\/4144"}],"wp:attachment":[{"href":"https:\/\/worlddancemovement.com\/it_it\/wp-json\/wp\/v2\/media?parent=4114"}],"wp:term":[{"taxonomy":"product_brand","embeddable":true,"href":"https:\/\/worlddancemovement.com\/it_it\/wp-json\/wp\/v2\/product_brand?post=4114"},{"taxonomy":"product_cat","embeddable":true,"href":"https:\/\/worlddancemovement.com\/it_it\/wp-json\/wp\/v2\/product_cat?post=4114"},{"taxonomy":"product_tag","embeddable":true,"href":"https:\/\/worlddancemovement.com\/it_it\/wp-json\/wp\/v2\/product_tag?post=4114"},{"taxonomy":"wpstream_actors","embeddable":true,"href":"https:\/\/worlddancemovement.com\/it_it\/wp-json\/wp\/v2\/wpstream_actors?post=4114"},{"taxonomy":"wpstream_category","embeddable":true,"href":"https:\/\/worlddancemovement.com\/it_it\/wp-json\/wp\/v2\/wpstream_category?post=4114"},{"taxonomy":"wpstream_movie_rating","embeddable":true,"href":"https:\/\/worlddancemovement.com\/it_it\/wp-json\/wp\/v2\/wpstream_movie_rating?post=4114"}],"curies":[{"name":"parola chiave","href":"https:\/\/api.w.org\/{rel}","templated":true}]}}