{"id":4117,"date":"2021-09-13T12:17:09","date_gmt":"2021-09-13T12:17:09","guid":{"rendered":"https:\/\/migrate.worlddancemovement.com\/?post_type=product&#038;p=4117"},"modified":"2022-11-16T16:31:43","modified_gmt":"2022-11-16T16:31:43","slug":"floorwork-vol-ii-dvd","status":"publish","type":"product","link":"https:\/\/worlddancemovement.com\/it_it\/prodotto\/floorwork-vol-ii-dvd\/","title":{"rendered":"DVD di Floorwork VOL II"},"content":{"rendered":"","protected":false},"excerpt":{"rendered":"<p><b>LIVELLI DA INTERMEIDATO AD AVANZATO<\/b><\/p>\n<p>Il video gemello di Floorwork Volume I, Calen e Chris continuano a guidarti attraverso la loro innovazione\u00a0<b>\u201cLavori da pavimento\u201d<\/b>\u00a0aiutando a dare al ballerino di livello Intermedio\/Avanzato un altro livello di consapevolezza spaziale. Scompongono le posizioni del corpo pi\u00f9 basilari e ti informano su come supportarti attraverso l&#039;uso della tua formazione tecnica. Quindi dimostrano alcuni dei loro passi e variazioni distintivi da aggiungere al tuo vocabolario di ballerino. Tutto questo si conclude con un&#039;analisi passo passo di due combinazioni contemporanee, un jazz lirico e un pezzo moderno, che illustrano metodi per aiutare a creare transizioni senza soluzione di continuit\u00e0 dentro e fuori dal pavimento.<\/p>\n<p><b>Calen Kurka<\/b>\u00a0ha insegnato in Canada, Stati Uniti, Irlanda e Giappone. Attualmente insegna al Broadway Dance Center, insegna anche per diverse importanti convention in tourn\u00e9e negli Stati Uniti. Attualmente insegna per Dance Masters of America come uno dei loro Master Faculty, ed \u00e8 anche docente con Dance Educators of America. La sua coreografia \u00e8 stata riconosciuta come eccezionale in numerose competizioni negli Stati Uniti e in Canada e ha ricevuto numerosi premi. Oltre ad insegnare a New York e dintorni \u00e8 anche assistente del coreografo, regista e insegnante Michele Assaf. Calen \u00e8 il fondatore, direttore artistico e coreografo di \u201cpushing progress\u201d, una compagnia di laboratori didattici e di performance contemporanea. I crediti interpretativi di Calen includono essere stato un membro originale del primo tour nazionale dell&#039;acclamato \u201cA Few Good Men Dancin&#039;\u201d di Jeff Amsden e esibirsi con l&#039;artista Carmella in un concerto tributo a Cher. Ha anche lavorato a stretto contatto con il coreografo\/istruttore Chris Hale. Come interprete principale, i crediti teatrali di Calen includono aver trascorso un anno sotto contratto con la Tokyo Disney come interprete sul palco principale e aver assunto ruoli da protagonista come il Capitano Von Trapp in &quot;Tutti insieme appassionatamente&quot; e Seymour in &quot;La piccola bottega degli orrori&quot;. &quot;nelle produzioni teatrali regionali.<\/p>\n<p><b>Chris Hale\u00a0<\/b>ha iniziato la sua carriera come regista, coreografo e insegnante presso l&#039;Hudson Valley Conservatory sotto la direzione di Samuel E.Wright (\u201cMufasa\u201d, cast originale di Broadway del film Disney \u201cIl Re Leone\u201d) e si sta costantemente affermando come uno dei musicisti pi\u00f9 ricercati. istruttori del suo tempo. I crediti professionali includono Miracle on 34th Street di KTU, dove si \u00e8 esibito con artisti come Mary J. Blige, Deborah Cox, Tamia, Gloria Gaynor e Michael Jackson. Altri crediti includono: primo ballerino nella produzione di Carmen della Houston Grand Opera con la regista\/coreografa Mich\u00e8le Assaf, si \u00e8 esibito con la cantante internazionale Anastasia al sorteggio finale della Coppa del Mondo FIFA a Busan, Corea, ha lavorato con il coreografo Jeff Amsden nel 2003 su una sua produzione rinomato spettacolo \u201cA Few Good Men Dancin&#039;\u201d. I crediti televisivi includono serie di concerti Disney con Jason Raize e Jessica Simpson, oltre ad apparire al Saturday Night Live con conduttori come Al Gore e Selma Hayek. Chris ha anche avuto il piacere di recitare nella stagione finale di \u201cSex and the City\u201d della HBO, recitando al fianco di Kim Catrall. Chris attualmente insegna al Braodway Dance Center.<\/p>","protected":false},"featured_media":4164,"comment_status":"closed","ping_status":"closed","template":"","meta":{"_acf_changed":false,"site-sidebar-layout":"default","site-content-layout":"default","ast-site-content-layout":"default","site-content-style":"default","site-sidebar-style":"default","ast-global-header-display":"","ast-banner-title-visibility":"","ast-main-header-display":"","ast-hfb-above-header-display":"","ast-hfb-below-header-display":"","ast-hfb-mobile-header-display":"","site-post-title":"","ast-breadcrumbs-content":"","ast-featured-img":"","footer-sml-layout":"","ast-disable-related-posts":"","theme-transparent-header-meta":"default","adv-header-id-meta":"","stick-header-meta":"default","header-above-stick-meta":"","header-main-stick-meta":"","header-below-stick-meta":"","astra-migrate-meta-layouts":"default","ast-page-background-enabled":"default","ast-page-background-meta":{"desktop":{"background-color":"","background-image":"","background-repeat":"repeat","background-position":"center center","background-size":"auto","background-attachment":"scroll","background-type":"","background-media":"","overlay-type":"","overlay-color":"","overlay-opacity":"","overlay-gradient":""},"tablet":{"background-color":"","background-image":"","background-repeat":"repeat","background-position":"center center","background-size":"auto","background-attachment":"scroll","background-type":"","background-media":"","overlay-type":"","overlay-color":"","overlay-opacity":"","overlay-gradient":""},"mobile":{"background-color":"","background-image":"","background-repeat":"repeat","background-position":"center center","background-size":"auto","background-attachment":"scroll","background-type":"","background-media":"","overlay-type":"","overlay-color":"","overlay-opacity":"","overlay-gradient":""}},"ast-content-background-meta":{"desktop":{"background-color":"var(--ast-global-color-5)","background-image":"","background-repeat":"repeat","background-position":"center center","background-size":"auto","background-attachment":"scroll","background-type":"","background-media":"","overlay-type":"","overlay-color":"","overlay-opacity":"","overlay-gradient":""},"tablet":{"background-color":"var(--ast-global-color-5)","background-image":"","background-repeat":"repeat","background-position":"center center","background-size":"auto","background-attachment":"scroll","background-type":"","background-media":"","overlay-type":"","overlay-color":"","overlay-opacity":"","overlay-gradient":""},"mobile":{"background-color":"var(--ast-global-color-5)","background-image":"","background-repeat":"repeat","background-position":"center center","background-size":"auto","background-attachment":"scroll","background-type":"","background-media":"","overlay-type":"","overlay-color":"","overlay-opacity":"","overlay-gradient":""}}},"product_brand":[],"product_cat":[32,35,58,36],"product_tag":[],"wpstream_actors":[],"wpstream_category":[],"wpstream_movie_rating":[],"class_list":{"0":"post-4117","1":"product","2":"type-product","3":"status-publish","4":"has-post-thumbnail","6":"product_cat-choreography","7":"product_cat-contemporary","8":"product_cat-dance-videos","9":"product_cat-technique","10":"desktop-align-left","11":"tablet-align-left","12":"mobile-align-left","14":"first","15":"instock","16":"sale","17":"shipping-taxable","18":"purchasable","19":"product-type-simple"},"acf":[],"jetpack_sharing_enabled":true,"_links":{"self":[{"href":"https:\/\/worlddancemovement.com\/it_it\/wp-json\/wp\/v2\/product\/4117","targetHints":{"allow":["GET"]}}],"collection":[{"href":"https:\/\/worlddancemovement.com\/it_it\/wp-json\/wp\/v2\/product"}],"about":[{"href":"https:\/\/worlddancemovement.com\/it_it\/wp-json\/wp\/v2\/types\/product"}],"replies":[{"embeddable":true,"href":"https:\/\/worlddancemovement.com\/it_it\/wp-json\/wp\/v2\/comments?post=4117"}],"wp:featuredmedia":[{"embeddable":true,"href":"https:\/\/worlddancemovement.com\/it_it\/wp-json\/wp\/v2\/media\/4164"}],"wp:attachment":[{"href":"https:\/\/worlddancemovement.com\/it_it\/wp-json\/wp\/v2\/media?parent=4117"}],"wp:term":[{"taxonomy":"product_brand","embeddable":true,"href":"https:\/\/worlddancemovement.com\/it_it\/wp-json\/wp\/v2\/product_brand?post=4117"},{"taxonomy":"product_cat","embeddable":true,"href":"https:\/\/worlddancemovement.com\/it_it\/wp-json\/wp\/v2\/product_cat?post=4117"},{"taxonomy":"product_tag","embeddable":true,"href":"https:\/\/worlddancemovement.com\/it_it\/wp-json\/wp\/v2\/product_tag?post=4117"},{"taxonomy":"wpstream_actors","embeddable":true,"href":"https:\/\/worlddancemovement.com\/it_it\/wp-json\/wp\/v2\/wpstream_actors?post=4117"},{"taxonomy":"wpstream_category","embeddable":true,"href":"https:\/\/worlddancemovement.com\/it_it\/wp-json\/wp\/v2\/wpstream_category?post=4117"},{"taxonomy":"wpstream_movie_rating","embeddable":true,"href":"https:\/\/worlddancemovement.com\/it_it\/wp-json\/wp\/v2\/wpstream_movie_rating?post=4117"}],"curies":[{"name":"parola chiave","href":"https:\/\/api.w.org\/{rel}","templated":true}]}}