{"id":4119,"date":"2021-09-13T12:17:09","date_gmt":"2021-09-13T12:17:09","guid":{"rendered":"https:\/\/migrate.worlddancemovement.com\/?post_type=product&#038;p=4119"},"modified":"2022-11-16T16:32:06","modified_gmt":"2022-11-16T16:32:06","slug":"contemporary-jazz-dvd-with-brice-mousset","status":"publish","type":"product","link":"https:\/\/worlddancemovement.com\/it_it\/prodotto\/contemporary-jazz-dvd-with-brice-mousset\/","title":{"rendered":"DVD di jazz contemporaneo con Brice Mousset"},"content":{"rendered":"","protected":false},"excerpt":{"rendered":"<p>Direttamente dalla Francia, iscriviti\u00a0<b>Brice Mousse<\/b>\u00a0mentre introduce il suo stile provocatorio di Jazz Contemporaneo; una fusione di contemporaneo europeo, jazz e balletto. La coreografia di Brice \u00e8 fluida, organica e sensuale ma allo stesso tempo tecnica. Unisce un vocabolario innovativo di movimento con emozione.<\/p>\n<p>In questo video di 60 minuti, Brice ti guida passo dopo passo attraverso tre diverse routine, ognuna delle quali viene insegnata prima a livello principiante avanzato e poi facendo avanzare gli aspetti tecnici della coreografia, a livello intermedio-avanzato, consentendoti per sviluppare le tue abilit\u00e0 al tuo ritmo. In questo programma lavorerai sulla dinamica della musica, sulla qualit\u00e0 del movimento e sui vari tempi della coreografia. Questa \u00e8 un&#039;edizione essenziale per la tua collezione Live at BDC.\u00a0\u00a0<b>Brice ha ricevuto il premio per il miglior video didattico di danza dalla voce dell&#039;insegnante su DanceMind.com per il suo lavoro su questo video!<\/b><\/p>\n<p>Un talento versatile con una carriera eclettica, nato in Francia, Brice Mousset ha ballato in prestigiosi musical, opere, concerti, programmi televisivi, sfilate di moda e con compagnie in tutto il mondo. \u00c8 un insegnante molto richiesto e un giurato internazionale. Brice non insegna solo al rinomato Broadway Dance Center, ma ha anche insegnato per The PULSE in tourn\u00e9e.<\/p>\n<p>Le esperienze ad ampio raggio di Brice hanno portato a un&#039;espressione di s\u00e9 unica nella coreografia. Volando tra America ed Europa, dal lavoro commerciale al lavoro aziendale, alcuni dei suoi crediti come coreografo includono: eventi di alta moda per gli stilisti Marith\u00e9 &amp; Fran\u00e7ois Girbaud, l&#039;avvincente spettacolo di cabaret al Casino de Deauville (Francia) e il musical Attention Mesdames et Messieurs (Parigi). Ha ricevuto molti consensi per la sua inaspettata coreografia per l&#039;Opera AIDA di Verdi, che ha aperto il Festival francese d&#039;Avignone. In TV, puoi vedere le coreografie e il lavoro di Brice agli MTV Music Awards europei, ai British Music Awards, ai francesi NRJ Music Awards, all&#039;affascinante Victoria Secret Fashion Show, alla pluripremiata serie TV francese &quot;le reveillon des bonnes&quot;, alla TV francese il reality show \u201cLa Musicale\u201d, il polacco \u201cSo You Think You Can Dance\u201d e lo show americano della NBC \u201cLXTV\u201d. Brice ha anche coreografato per il programma estivo del Joffrey Ballet, il Manhattan Youth Ballet e numerosi brani per le accademie di danza di tutto il paese. Brice Mousset \u00e8 il creatore, direttore artistico e coreografo della \u201cBrice Mousset Company\u201d. La compagnia si \u00e8 esibita per festival di danza come la serie Lab, Hatch, Bloom Green Space, MMAC, Uptown Performances Series, Dumbo Art Festival e altri.<\/p>\n<p>Per saperne di pi\u00f9 su Brice Mousset, visita\u00a0<a href=\"https:\/\/www.bricemousset.com\/\" target=\"_blank\" rel=\"noopener\">www.bricemousset.com<\/a>.<\/p>\n<p>Lingue: inglese e francese<\/p>","protected":false},"featured_media":4166,"comment_status":"closed","ping_status":"closed","template":"","meta":{"_acf_changed":false,"site-sidebar-layout":"default","site-content-layout":"default","ast-site-content-layout":"default","site-content-style":"default","site-sidebar-style":"default","ast-global-header-display":"","ast-banner-title-visibility":"","ast-main-header-display":"","ast-hfb-above-header-display":"","ast-hfb-below-header-display":"","ast-hfb-mobile-header-display":"","site-post-title":"","ast-breadcrumbs-content":"","ast-featured-img":"","footer-sml-layout":"","ast-disable-related-posts":"","theme-transparent-header-meta":"default","adv-header-id-meta":"","stick-header-meta":"default","header-above-stick-meta":"","header-main-stick-meta":"","header-below-stick-meta":"","astra-migrate-meta-layouts":"default","ast-page-background-enabled":"default","ast-page-background-meta":{"desktop":{"background-color":"","background-image":"","background-repeat":"repeat","background-position":"center center","background-size":"auto","background-attachment":"scroll","background-type":"","background-media":"","overlay-type":"","overlay-color":"","overlay-opacity":"","overlay-gradient":""},"tablet":{"background-color":"","background-image":"","background-repeat":"repeat","background-position":"center center","background-size":"auto","background-attachment":"scroll","background-type":"","background-media":"","overlay-type":"","overlay-color":"","overlay-opacity":"","overlay-gradient":""},"mobile":{"background-color":"","background-image":"","background-repeat":"repeat","background-position":"center center","background-size":"auto","background-attachment":"scroll","background-type":"","background-media":"","overlay-type":"","overlay-color":"","overlay-opacity":"","overlay-gradient":""}},"ast-content-background-meta":{"desktop":{"background-color":"var(--ast-global-color-5)","background-image":"","background-repeat":"repeat","background-position":"center center","background-size":"auto","background-attachment":"scroll","background-type":"","background-media":"","overlay-type":"","overlay-color":"","overlay-opacity":"","overlay-gradient":""},"tablet":{"background-color":"var(--ast-global-color-5)","background-image":"","background-repeat":"repeat","background-position":"center center","background-size":"auto","background-attachment":"scroll","background-type":"","background-media":"","overlay-type":"","overlay-color":"","overlay-opacity":"","overlay-gradient":""},"mobile":{"background-color":"var(--ast-global-color-5)","background-image":"","background-repeat":"repeat","background-position":"center center","background-size":"auto","background-attachment":"scroll","background-type":"","background-media":"","overlay-type":"","overlay-color":"","overlay-opacity":"","overlay-gradient":""}}},"product_brand":[],"product_cat":[32,35,58],"product_tag":[],"wpstream_actors":[],"wpstream_category":[],"wpstream_movie_rating":[],"class_list":{"0":"post-4119","1":"product","2":"type-product","3":"status-publish","4":"has-post-thumbnail","6":"product_cat-choreography","7":"product_cat-contemporary","8":"product_cat-dance-videos","9":"desktop-align-left","10":"tablet-align-left","11":"mobile-align-left","13":"first","14":"instock","15":"sale","16":"shipping-taxable","17":"purchasable","18":"product-type-simple"},"acf":[],"jetpack_sharing_enabled":true,"_links":{"self":[{"href":"https:\/\/worlddancemovement.com\/it_it\/wp-json\/wp\/v2\/product\/4119","targetHints":{"allow":["GET"]}}],"collection":[{"href":"https:\/\/worlddancemovement.com\/it_it\/wp-json\/wp\/v2\/product"}],"about":[{"href":"https:\/\/worlddancemovement.com\/it_it\/wp-json\/wp\/v2\/types\/product"}],"replies":[{"embeddable":true,"href":"https:\/\/worlddancemovement.com\/it_it\/wp-json\/wp\/v2\/comments?post=4119"}],"wp:featuredmedia":[{"embeddable":true,"href":"https:\/\/worlddancemovement.com\/it_it\/wp-json\/wp\/v2\/media\/4166"}],"wp:attachment":[{"href":"https:\/\/worlddancemovement.com\/it_it\/wp-json\/wp\/v2\/media?parent=4119"}],"wp:term":[{"taxonomy":"product_brand","embeddable":true,"href":"https:\/\/worlddancemovement.com\/it_it\/wp-json\/wp\/v2\/product_brand?post=4119"},{"taxonomy":"product_cat","embeddable":true,"href":"https:\/\/worlddancemovement.com\/it_it\/wp-json\/wp\/v2\/product_cat?post=4119"},{"taxonomy":"product_tag","embeddable":true,"href":"https:\/\/worlddancemovement.com\/it_it\/wp-json\/wp\/v2\/product_tag?post=4119"},{"taxonomy":"wpstream_actors","embeddable":true,"href":"https:\/\/worlddancemovement.com\/it_it\/wp-json\/wp\/v2\/wpstream_actors?post=4119"},{"taxonomy":"wpstream_category","embeddable":true,"href":"https:\/\/worlddancemovement.com\/it_it\/wp-json\/wp\/v2\/wpstream_category?post=4119"},{"taxonomy":"wpstream_movie_rating","embeddable":true,"href":"https:\/\/worlddancemovement.com\/it_it\/wp-json\/wp\/v2\/wpstream_movie_rating?post=4119"}],"curies":[{"name":"parola chiave","href":"https:\/\/api.w.org\/{rel}","templated":true}]}}