{"id":4121,"date":"2021-09-13T12:17:09","date_gmt":"2021-09-13T12:17:09","guid":{"rendered":"https:\/\/migrate.worlddancemovement.com\/?post_type=product&#038;p=4121"},"modified":"2022-11-16T16:32:29","modified_gmt":"2022-11-16T16:32:29","slug":"contemporary-dance-improvisation-vol-i-dvd","status":"publish","type":"product","link":"https:\/\/worlddancemovement.com\/it_it\/prodotto\/contemporary-dance-improvisation-vol-i-dvd\/","title":{"rendered":"Danza Contemporanea &amp; Improvvisazione \u2013 VOL I DVD"},"content":{"rendered":"","protected":false},"excerpt":{"rendered":"<p><big><small>In questo DVD esclusivo, il leggendario Desmond Richardson, direttore artistico del Complexions Contemporary Ballet, ti insegner\u00e0 un&#039;innovativa combinazione di danza contemporanea. Desmond condivide anche i suoi consigli su come incorporare l&#039;improvvisazione nel movimento con spiegazioni dettagliate ed esempi mozzafiato. Le capacit\u00e0 di improvvisazione sono molto importanti poich\u00e9 vengono utilizzate nelle lezioni di danza, nelle audizioni e sono spesso richieste nei lavori professionali. Goditi l&#039;opportunit\u00e0 unica di guardare Desmond ballare il movimento nel modo in cui \u00e8 stato immaginato.<\/small><\/big><\/p>\n<p>\u201cRicordati di divertirti! Amo l&#039;arte della danza ed \u00e8 il mio pi\u00f9 grande piacere condividerla con voi...\u201d<br \/>\n\u2013 Desmond Richardson<\/p>\n<p>Salutato dal New York Times come uno dei pi\u00f9 grandi ballerini moderni del suo tempo,\u00a0<b>Desmond Richardson<\/b>\u00a0\u00e8 un artista dai molteplici talenti che ha padroneggiato una vasta gamma di forme di danza tra cui classica, moderna e contemporanea. L&#039;immenso talento di Richardson venne riconosciuto per la prima volta quando era studente alla New York High School for the Performing Arts, periodo in cui ricevette una borsa di studio per merito dall&#039;Alvin Ailey American Dance Center (1983-1986) e dall&#039;International Academie des Tanz di Colonia, in Germania (1984). -1985). Ha anche ricevuto il Presidential Scholar Award for the Arts (1986).<\/p>\n<p>Nel 1987, Richardson si un\u00ec all&#039;Alvin Ailey American Dance Theatre dove fu primo ballerino per sette anni. Dopo aver lasciato la Compagnia Ailey, si rec\u00f2 in Germania dove si esib\u00ec con il Balletto di Francoforte. Richardson si \u00e8 esibito come artista ospite con diverse compagnie di fama mondiale tra cui lo Swedish Opera Ballet, il Washington Ballet, il Teatro alla Scala e il San Francisco Ballet. Nel 1997, \u00e8 entrato a far parte dell&#039;American Ballet Theatre dove ha interpretato il ruolo principale nella produzione in prima mondiale della compagnia di Otello. Nella descrizione della performance di Richardson in quel ruolo, il New York Times lo ha descritto come uno dei ballerini pi\u00f9 maestosi che abbiano mai calcato il palco del MET.<\/p>\n<p>Nel 1998, Richardson si \u00e8 unito al cast principale del Broadway Musical Fosse per il quale ha ricevuto una nomination al Tony Award nel 1999. \u00c8 anche apparso a Broadway nel musical The Look of Love e nell&#039;acclamato Movin&#039; Out. Ha avuto un ruolo principale nella presentazione danza\/teatrale di Debbie Allen, Soul Possessed, che ha debuttato al John F. Kennedy Center for the Performing Arts nel 1999.<\/p>\n<p>Richardson ha lavorato in televisione, film e video negli Stati Uniti e all&#039;estero. Queste esperienze gli hanno permesso di esibirsi con artisti musicali come Michael Jackson, Prince, Aretha Franklin e Madonna. \u00c8 apparso nel film di Patrick Swayze e Lisa Niemi, One Last Dance e nel film vincitore dell&#039;Oscar Chicago. Ha debuttato come cantante nel film di Charles Randolph Wright del 2005, Preaching to the Choir, ha interpretato il ruolo principale di Beowulf in Grendel di Julie Taymor alla LA Opera, Richardson \u00e8 recentemente apparso nel film di Taymor, Across the Universe.<\/p>\n<p>I suoi riconoscimenti includono il premio Apex 2006 della Alvin Ailey School e il prestigioso Dance Magazine Award 2007. Recentemente Richardson ha collaborato e si \u00e8 esibito con Diana Vishneva, nel suo spettacolo femminile Beauty in Motion, al centro di New York e a San Pietroburgo, Russia, ed \u00e8 una delle due ballerine invitate dal Presidente degli Stati Uniti ad esibirsi nel 60a Conferenza Presidenziale in Israele.<\/p>","protected":false},"featured_media":4168,"comment_status":"closed","ping_status":"closed","template":"","meta":{"_acf_changed":false,"site-sidebar-layout":"default","site-content-layout":"default","ast-site-content-layout":"default","site-content-style":"default","site-sidebar-style":"default","ast-global-header-display":"","ast-banner-title-visibility":"","ast-main-header-display":"","ast-hfb-above-header-display":"","ast-hfb-below-header-display":"","ast-hfb-mobile-header-display":"","site-post-title":"","ast-breadcrumbs-content":"","ast-featured-img":"","footer-sml-layout":"","ast-disable-related-posts":"","theme-transparent-header-meta":"default","adv-header-id-meta":"","stick-header-meta":"default","header-above-stick-meta":"","header-main-stick-meta":"","header-below-stick-meta":"","astra-migrate-meta-layouts":"default","ast-page-background-enabled":"default","ast-page-background-meta":{"desktop":{"background-color":"","background-image":"","background-repeat":"repeat","background-position":"center center","background-size":"auto","background-attachment":"scroll","background-type":"","background-media":"","overlay-type":"","overlay-color":"","overlay-opacity":"","overlay-gradient":""},"tablet":{"background-color":"","background-image":"","background-repeat":"repeat","background-position":"center center","background-size":"auto","background-attachment":"scroll","background-type":"","background-media":"","overlay-type":"","overlay-color":"","overlay-opacity":"","overlay-gradient":""},"mobile":{"background-color":"","background-image":"","background-repeat":"repeat","background-position":"center center","background-size":"auto","background-attachment":"scroll","background-type":"","background-media":"","overlay-type":"","overlay-color":"","overlay-opacity":"","overlay-gradient":""}},"ast-content-background-meta":{"desktop":{"background-color":"var(--ast-global-color-5)","background-image":"","background-repeat":"repeat","background-position":"center center","background-size":"auto","background-attachment":"scroll","background-type":"","background-media":"","overlay-type":"","overlay-color":"","overlay-opacity":"","overlay-gradient":""},"tablet":{"background-color":"var(--ast-global-color-5)","background-image":"","background-repeat":"repeat","background-position":"center center","background-size":"auto","background-attachment":"scroll","background-type":"","background-media":"","overlay-type":"","overlay-color":"","overlay-opacity":"","overlay-gradient":""},"mobile":{"background-color":"var(--ast-global-color-5)","background-image":"","background-repeat":"repeat","background-position":"center center","background-size":"auto","background-attachment":"scroll","background-type":"","background-media":"","overlay-type":"","overlay-color":"","overlay-opacity":"","overlay-gradient":""}}},"product_brand":[],"product_cat":[32,35,58],"product_tag":[],"wpstream_actors":[],"wpstream_category":[],"wpstream_movie_rating":[],"class_list":{"0":"post-4121","1":"product","2":"type-product","3":"status-publish","4":"has-post-thumbnail","6":"product_cat-choreography","7":"product_cat-contemporary","8":"product_cat-dance-videos","9":"desktop-align-left","10":"tablet-align-left","11":"mobile-align-left","13":"first","14":"instock","15":"sale","16":"shipping-taxable","17":"purchasable","18":"product-type-simple"},"acf":[],"jetpack_sharing_enabled":true,"_links":{"self":[{"href":"https:\/\/worlddancemovement.com\/it_it\/wp-json\/wp\/v2\/product\/4121","targetHints":{"allow":["GET"]}}],"collection":[{"href":"https:\/\/worlddancemovement.com\/it_it\/wp-json\/wp\/v2\/product"}],"about":[{"href":"https:\/\/worlddancemovement.com\/it_it\/wp-json\/wp\/v2\/types\/product"}],"replies":[{"embeddable":true,"href":"https:\/\/worlddancemovement.com\/it_it\/wp-json\/wp\/v2\/comments?post=4121"}],"wp:featuredmedia":[{"embeddable":true,"href":"https:\/\/worlddancemovement.com\/it_it\/wp-json\/wp\/v2\/media\/4168"}],"wp:attachment":[{"href":"https:\/\/worlddancemovement.com\/it_it\/wp-json\/wp\/v2\/media?parent=4121"}],"wp:term":[{"taxonomy":"product_brand","embeddable":true,"href":"https:\/\/worlddancemovement.com\/it_it\/wp-json\/wp\/v2\/product_brand?post=4121"},{"taxonomy":"product_cat","embeddable":true,"href":"https:\/\/worlddancemovement.com\/it_it\/wp-json\/wp\/v2\/product_cat?post=4121"},{"taxonomy":"product_tag","embeddable":true,"href":"https:\/\/worlddancemovement.com\/it_it\/wp-json\/wp\/v2\/product_tag?post=4121"},{"taxonomy":"wpstream_actors","embeddable":true,"href":"https:\/\/worlddancemovement.com\/it_it\/wp-json\/wp\/v2\/wpstream_actors?post=4121"},{"taxonomy":"wpstream_category","embeddable":true,"href":"https:\/\/worlddancemovement.com\/it_it\/wp-json\/wp\/v2\/wpstream_category?post=4121"},{"taxonomy":"wpstream_movie_rating","embeddable":true,"href":"https:\/\/worlddancemovement.com\/it_it\/wp-json\/wp\/v2\/wpstream_movie_rating?post=4121"}],"curies":[{"name":"parola chiave","href":"https:\/\/api.w.org\/{rel}","templated":true}]}}