{"id":4123,"date":"2021-09-13T12:17:09","date_gmt":"2021-09-13T12:17:09","guid":{"rendered":"https:\/\/migrate.worlddancemovement.com\/?post_type=product&#038;p=4123"},"modified":"2022-08-16T03:27:58","modified_gmt":"2022-08-16T03:27:58","slug":"country-line-dance-with-summyr-whaley-vol-i","status":"publish","type":"product","link":"https:\/\/worlddancemovement.com\/it_it\/prodotto\/country-line-dance-with-summyr-whaley-vol-i\/","title":{"rendered":"Country Line Dance con Summyr Whaley \u2013 VOL I"},"content":{"rendered":"","protected":false},"excerpt":{"rendered":"<p>AGGIUNGI AL CARRELLO \u2013 Acquista il DVD cartaceo<br \/>\nSTREAM \u2013 Trasmetti in streaming ogni Line Dance separatamente o l&#039;intero video<\/p>\n<p>Questo volume I\u00a0<b>Ballo di linea country<\/b>\u00a0Il DVD inizia con i passi fondamentali necessari per imparare da 1 a 4 danze country a muro. Mostra anche modi semplici e divertenti per ballare con un partner. Questo video \u00e8 un ottimo modo per insegnare a chiunque come seguire un ritmo e creare allo stesso tempo un fantastico pattern sul pavimento! Se non hai mai ballato prima non c&#039;\u00e8 problema! Questo DVD \u00e8 un &quot;must have&quot; per i principianti poich\u00e9 le istruzioni sono chiare, comprensibili e tutti i passaggi sono completamente raggiungibili. Questo DVD \u00e8 stato progettato per far s\u00ec che i principianti assoluti abbiano un bell&#039;aspetto e si sentano sicuri in meno di 2 ore. Filmato in HD e completato da molteplici angolazioni con elementi grafici innovativi e divertenti, questo programma \u00e8 perfetto per portare l&#039;esperienza di apprendimento della Country Line Dance direttamente nel tuo salotto!<\/p>\n<p>In un batter d&#039;occhio imparerai i classici della danza come l&#039;Electric Slide, il Cotton Eyed Joe, il Cowboy Strut e il Cheeseburger, oltre a nuovissimi balli country! Balliamo in Country Line!<b><big><\/big><\/b><\/p>\n<p>Informazioni su Summyr:<br \/>\n<i><br \/>\nSummyr M. Whaley \u00e8 un Radio City Rockette e non vede l&#039;ora che arrivi il prossimo anno! Pu\u00f2 anche essere vista come ballerina principale e come Miss Utah nel film &quot;Miss Congeniality&quot;, con Sandra Bullock e Michael Cain. Summyr \u00e8 stata Iris Kelly nel tour europeo di &quot;Fame&quot; the Musical, ed \u00e8 stata anche una ballerina di supporto per la pop star greca Nikos Vertis ad Atene, in Grecia. Altri crediti regionali includono &quot;Annie Get Your Gun&quot;, &quot;Chicago&quot; e &quot;Music Man&quot;. Summyr \u00e8 stato il capitano di ballo della Richland High School Dixie Belles di Fort Worth e attualmente coreografa per Drill\/Dance Teams e studi di danza in Texas. Si \u00e8 laureata in Belle Arti in Danza presso l&#039;Universit\u00e0 del Texas ad Austin. Summyr \u00e8 anche un orgoglioso membro del programma jazz del Jacob&#039;s Pillow Dance Festival sotto la direzione di Chet Walker. Collabora anche con Stage Door Access (stagedooraccess.com), un sito web progettato per gli artisti. Summyr sta completando la sua quarta stagione con Starpower Dance Competition come giudice regionale e nazionale. \u00c8 stata insegnante\/coreografa negli ultimi 10 anni. Le opportunit\u00e0 di insegnamento le hanno permesso di viaggiare in tutto il paese tenendo corsi di perfezionamento per ballerini, coreografie e seminari di danza pre-professionali. Summyr \u00e8 apparsa in numerosi speciali televisivi, spot pubblicitari e industriali sia nel suo nativo Texas che a New York City.<\/i><\/p>","protected":false},"featured_media":4170,"comment_status":"closed","ping_status":"closed","template":"","meta":{"_acf_changed":false,"site-sidebar-layout":"default","site-content-layout":"default","ast-site-content-layout":"default","site-content-style":"default","site-sidebar-style":"default","ast-global-header-display":"","ast-banner-title-visibility":"","ast-main-header-display":"","ast-hfb-above-header-display":"","ast-hfb-below-header-display":"","ast-hfb-mobile-header-display":"","site-post-title":"","ast-breadcrumbs-content":"","ast-featured-img":"","footer-sml-layout":"","ast-disable-related-posts":"","theme-transparent-header-meta":"default","adv-header-id-meta":"","stick-header-meta":"default","header-above-stick-meta":"","header-main-stick-meta":"","header-below-stick-meta":"","astra-migrate-meta-layouts":"default","ast-page-background-enabled":"default","ast-page-background-meta":{"desktop":{"background-color":"","background-image":"","background-repeat":"repeat","background-position":"center center","background-size":"auto","background-attachment":"scroll","background-type":"","background-media":"","overlay-type":"","overlay-color":"","overlay-opacity":"","overlay-gradient":""},"tablet":{"background-color":"","background-image":"","background-repeat":"repeat","background-position":"center center","background-size":"auto","background-attachment":"scroll","background-type":"","background-media":"","overlay-type":"","overlay-color":"","overlay-opacity":"","overlay-gradient":""},"mobile":{"background-color":"","background-image":"","background-repeat":"repeat","background-position":"center center","background-size":"auto","background-attachment":"scroll","background-type":"","background-media":"","overlay-type":"","overlay-color":"","overlay-opacity":"","overlay-gradient":""}},"ast-content-background-meta":{"desktop":{"background-color":"var(--ast-global-color-5)","background-image":"","background-repeat":"repeat","background-position":"center center","background-size":"auto","background-attachment":"scroll","background-type":"","background-media":"","overlay-type":"","overlay-color":"","overlay-opacity":"","overlay-gradient":""},"tablet":{"background-color":"var(--ast-global-color-5)","background-image":"","background-repeat":"repeat","background-position":"center center","background-size":"auto","background-attachment":"scroll","background-type":"","background-media":"","overlay-type":"","overlay-color":"","overlay-opacity":"","overlay-gradient":""},"mobile":{"background-color":"var(--ast-global-color-5)","background-image":"","background-repeat":"repeat","background-position":"center center","background-size":"auto","background-attachment":"scroll","background-type":"","background-media":"","overlay-type":"","overlay-color":"","overlay-opacity":"","overlay-gradient":""}}},"product_brand":[],"product_cat":[32,58,27,42,31],"product_tag":[],"wpstream_actors":[],"wpstream_category":[],"wpstream_movie_rating":[],"class_list":{"0":"post-4123","1":"product","2":"type-product","3":"status-publish","4":"has-post-thumbnail","6":"product_cat-choreography","7":"product_cat-dance-videos","8":"product_cat-kids","9":"product_cat-new-releases","10":"product_cat-theatre","11":"desktop-align-left","12":"tablet-align-left","13":"mobile-align-left","15":"first","16":"instock","17":"sale","18":"shipping-taxable","19":"purchasable","20":"product-type-simple"},"acf":[],"jetpack_sharing_enabled":true,"_links":{"self":[{"href":"https:\/\/worlddancemovement.com\/it_it\/wp-json\/wp\/v2\/product\/4123","targetHints":{"allow":["GET"]}}],"collection":[{"href":"https:\/\/worlddancemovement.com\/it_it\/wp-json\/wp\/v2\/product"}],"about":[{"href":"https:\/\/worlddancemovement.com\/it_it\/wp-json\/wp\/v2\/types\/product"}],"replies":[{"embeddable":true,"href":"https:\/\/worlddancemovement.com\/it_it\/wp-json\/wp\/v2\/comments?post=4123"}],"wp:featuredmedia":[{"embeddable":true,"href":"https:\/\/worlddancemovement.com\/it_it\/wp-json\/wp\/v2\/media\/4170"}],"wp:attachment":[{"href":"https:\/\/worlddancemovement.com\/it_it\/wp-json\/wp\/v2\/media?parent=4123"}],"wp:term":[{"taxonomy":"product_brand","embeddable":true,"href":"https:\/\/worlddancemovement.com\/it_it\/wp-json\/wp\/v2\/product_brand?post=4123"},{"taxonomy":"product_cat","embeddable":true,"href":"https:\/\/worlddancemovement.com\/it_it\/wp-json\/wp\/v2\/product_cat?post=4123"},{"taxonomy":"product_tag","embeddable":true,"href":"https:\/\/worlddancemovement.com\/it_it\/wp-json\/wp\/v2\/product_tag?post=4123"},{"taxonomy":"wpstream_actors","embeddable":true,"href":"https:\/\/worlddancemovement.com\/it_it\/wp-json\/wp\/v2\/wpstream_actors?post=4123"},{"taxonomy":"wpstream_category","embeddable":true,"href":"https:\/\/worlddancemovement.com\/it_it\/wp-json\/wp\/v2\/wpstream_category?post=4123"},{"taxonomy":"wpstream_movie_rating","embeddable":true,"href":"https:\/\/worlddancemovement.com\/it_it\/wp-json\/wp\/v2\/wpstream_movie_rating?post=4123"}],"curies":[{"name":"parola chiave","href":"https:\/\/api.w.org\/{rel}","templated":true}]}}