{"id":4127,"date":"2021-09-13T12:17:09","date_gmt":"2021-09-13T12:17:09","guid":{"rendered":"https:\/\/migrate.worlddancemovement.com\/?post_type=product&#038;p=4127"},"modified":"2022-11-16T16:31:30","modified_gmt":"2022-11-16T16:31:30","slug":"latin-dance-w-luis-salgado-vol-iii-chacha-mambo","status":"publish","type":"product","link":"https:\/\/worlddancemovement.com\/it_it\/prodotto\/latin-dance-w-luis-salgado-vol-iii-chacha-mambo\/","title":{"rendered":"DANZA LATINA con Luis Salgado-VOL III-ChaCha MAMBO"},"content":{"rendered":"","protected":false},"excerpt":{"rendered":"<p>In questo video di 60 minuti, Luis ti insegner\u00e0 la tecnica base del ballo latino concentrandosi sulla fusione tra CHA-CHA e MAMBO. Questo video ad alta energia introduce l&#039;arte del movimento, del ritmo e dello stile latino, utilizzando le basi del jazz. Luis si concentrer\u00e0 sullo sviluppo delle capacit\u00e0 prestazionali e sulla fusione di schemi ritmici che vanno da un triplo battito a un ritmo jazz Mambo \u201cONE\u201d UP, il tutto bruciando calorie e rimanendo in salute! Questo stile unico ti viene portato direttamente dalla casa natale di Luis, Porto Rico, con un&#039;influenza di Cuba e New York.<\/p>\n<p>Questa lezione include isolamenti, coordinazione, cardio, forza e alcuni esercizi di flessibilit\u00e0. Filmato in formato classe, imparare da Luis \u00e8 reso facile poich\u00e9 insegna a livello principiante consentendo a qualsiasi ballerino di sviluppare una comprensione di questo stile e musicalit\u00e0. Ti divertirai moltissimo imparando da Luis attraverso la sua energia contagiosa! Aggiungi questo DVD con Luis Salgado alla tua collezione di balli latini!<\/p>\n<p>Luis Salgado interpreta \u201cJose\u201d ed \u00e8 l&#039;assistente coreografo latino del nuovo musical di Broadway \u201cIn The Heights \u2013 MIGLIOR MUSICAL 2008 ai Tony Awards. Si \u00e8 trasferito a New York nel 2002 sognando di realizzare la sua passione di esibirsi su un palco di Broadway. Ad oggi, Luis si \u00e8 esibito in spettacoli come The Mambo Kings (Frankie Suarez), Fame on 42nd Street (Joe Vegas u\/s) e Aida, tra gli altri. I crediti cinematografici includono: Step Up 2 The Streets (Alejandro). Dirty Dancing 2 (La controfigura di Diego Luna), Come d&#039;incanto, Across the Universe, American Gangster e Il grande osservatore. Luis ha coreografato i musical Serenade e The Drop Outs a New York e ha co-diretto\/coreografato lo spettacolo originale Mezcla in Per\u00f9. Luis lo \u00e8 stato\u00a0<span class=\"details\">in grado di assistere coreografi come\u00a0<\/span><span class=\"yshortcuts\">Maria Torres<\/span><span class=\"details\">\u00a0nel film Incantato; Jamal Sims nel film\u00a0<\/span><span class=\"yshortcuts\">Aumenta le 2 strade<\/span><span class=\"details\">\u00a0ed \u00e8 entusiasta di rappresentare la sua cultura come assistente coreografo latino presso In The Heights.\u00a0<span class=\"yshortcuts\"><u>BroadwayWorld.com<\/u><\/span>\u00a0Zingaro del mese e a\u00a0<\/span><span class=\"yshortcuts\">Premio Drama Desk<\/span><span class=\"details\">\u00a0per l&#039;ensemble eccezionale per\u00a0<\/span><span class=\"yshortcuts\">Nelle alture<\/span><span class=\"details\">. Luis ha co-prodotto il suo DVD \u201cLatin Fusion with Luis Salgado\u201d ed \u00e8 il direttore di R.Evolucion Latina \u2013 DARE TO GO BEYOND!, un movimento artistico che celebra le vite, le carriere, i trionfi e l&#039;esistenza di tutti gli artisti latini dentro e fuori del\u00a0<\/span><span class=\"yshortcuts\">New York<\/span><span class=\"details\">\u00a0<\/span><span class=\"yshortcuts\">Comunit\u00e0 artistica dello spettacolo<\/span><span class=\"details\">.<br \/>\n<\/span><\/p>\n<p><b><big><small><span class=\"details\">\u201cSe scegli di seguire il percorso dei tuoi sogni, impegnati in esso. Accetta il tuo percorso.&quot;<\/span><\/small><\/big><\/b><\/p>","protected":false},"featured_media":7028,"comment_status":"closed","ping_status":"closed","template":"","meta":{"_acf_changed":false,"site-sidebar-layout":"default","site-content-layout":"default","ast-site-content-layout":"default","site-content-style":"default","site-sidebar-style":"default","ast-global-header-display":"","ast-banner-title-visibility":"","ast-main-header-display":"","ast-hfb-above-header-display":"","ast-hfb-below-header-display":"","ast-hfb-mobile-header-display":"","site-post-title":"","ast-breadcrumbs-content":"","ast-featured-img":"","footer-sml-layout":"","ast-disable-related-posts":"","theme-transparent-header-meta":"default","adv-header-id-meta":"","stick-header-meta":"default","header-above-stick-meta":"","header-main-stick-meta":"","header-below-stick-meta":"","astra-migrate-meta-layouts":"default","ast-page-background-enabled":"default","ast-page-background-meta":{"desktop":{"background-color":"","background-image":"","background-repeat":"repeat","background-position":"center center","background-size":"auto","background-attachment":"scroll","background-type":"","background-media":"","overlay-type":"","overlay-color":"","overlay-opacity":"","overlay-gradient":""},"tablet":{"background-color":"","background-image":"","background-repeat":"repeat","background-position":"center center","background-size":"auto","background-attachment":"scroll","background-type":"","background-media":"","overlay-type":"","overlay-color":"","overlay-opacity":"","overlay-gradient":""},"mobile":{"background-color":"","background-image":"","background-repeat":"repeat","background-position":"center center","background-size":"auto","background-attachment":"scroll","background-type":"","background-media":"","overlay-type":"","overlay-color":"","overlay-opacity":"","overlay-gradient":""}},"ast-content-background-meta":{"desktop":{"background-color":"var(--ast-global-color-5)","background-image":"","background-repeat":"repeat","background-position":"center center","background-size":"auto","background-attachment":"scroll","background-type":"","background-media":"","overlay-type":"","overlay-color":"","overlay-opacity":"","overlay-gradient":""},"tablet":{"background-color":"var(--ast-global-color-5)","background-image":"","background-repeat":"repeat","background-position":"center center","background-size":"auto","background-attachment":"scroll","background-type":"","background-media":"","overlay-type":"","overlay-color":"","overlay-opacity":"","overlay-gradient":""},"mobile":{"background-color":"var(--ast-global-color-5)","background-image":"","background-repeat":"repeat","background-position":"center center","background-size":"auto","background-attachment":"scroll","background-type":"","background-media":"","overlay-type":"","overlay-color":"","overlay-opacity":"","overlay-gradient":""}}},"product_brand":[],"product_cat":[32,58,27,33,42,31],"product_tag":[],"wpstream_actors":[],"wpstream_category":[],"wpstream_movie_rating":[],"class_list":{"0":"post-4127","1":"product","2":"type-product","3":"status-publish","4":"has-post-thumbnail","6":"product_cat-choreography","7":"product_cat-dance-videos","8":"product_cat-kids","9":"product_cat-latin-dance","10":"product_cat-new-releases","11":"product_cat-theatre","12":"desktop-align-left","13":"tablet-align-left","14":"mobile-align-left","16":"first","17":"instock","18":"sale","19":"shipping-taxable","20":"purchasable","21":"product-type-simple"},"acf":[],"jetpack_sharing_enabled":true,"_links":{"self":[{"href":"https:\/\/worlddancemovement.com\/it_it\/wp-json\/wp\/v2\/product\/4127","targetHints":{"allow":["GET"]}}],"collection":[{"href":"https:\/\/worlddancemovement.com\/it_it\/wp-json\/wp\/v2\/product"}],"about":[{"href":"https:\/\/worlddancemovement.com\/it_it\/wp-json\/wp\/v2\/types\/product"}],"replies":[{"embeddable":true,"href":"https:\/\/worlddancemovement.com\/it_it\/wp-json\/wp\/v2\/comments?post=4127"}],"wp:featuredmedia":[{"embeddable":true,"href":"https:\/\/worlddancemovement.com\/it_it\/wp-json\/wp\/v2\/media\/7028"}],"wp:attachment":[{"href":"https:\/\/worlddancemovement.com\/it_it\/wp-json\/wp\/v2\/media?parent=4127"}],"wp:term":[{"taxonomy":"product_brand","embeddable":true,"href":"https:\/\/worlddancemovement.com\/it_it\/wp-json\/wp\/v2\/product_brand?post=4127"},{"taxonomy":"product_cat","embeddable":true,"href":"https:\/\/worlddancemovement.com\/it_it\/wp-json\/wp\/v2\/product_cat?post=4127"},{"taxonomy":"product_tag","embeddable":true,"href":"https:\/\/worlddancemovement.com\/it_it\/wp-json\/wp\/v2\/product_tag?post=4127"},{"taxonomy":"wpstream_actors","embeddable":true,"href":"https:\/\/worlddancemovement.com\/it_it\/wp-json\/wp\/v2\/wpstream_actors?post=4127"},{"taxonomy":"wpstream_category","embeddable":true,"href":"https:\/\/worlddancemovement.com\/it_it\/wp-json\/wp\/v2\/wpstream_category?post=4127"},{"taxonomy":"wpstream_movie_rating","embeddable":true,"href":"https:\/\/worlddancemovement.com\/it_it\/wp-json\/wp\/v2\/wpstream_movie_rating?post=4127"}],"curies":[{"name":"parola chiave","href":"https:\/\/api.w.org\/{rel}","templated":true}]}}