{"id":4147,"date":"2021-09-13T12:17:31","date_gmt":"2021-09-13T12:17:31","guid":{"rendered":"https:\/\/migrate.worlddancemovement.com\/?post_type=product&#038;p=4147"},"modified":"2022-11-16T16:29:03","modified_gmt":"2022-11-16T16:29:03","slug":"creative-movement-dvd-for-3-4-year-olds","status":"publish","type":"product","link":"https:\/\/worlddancemovement.com\/it_it\/prodotto\/creative-movement-dvd-for-3-4-year-olds\/","title":{"rendered":"DVD sul movimento creativo per bambini di 3 e 4 anni"},"content":{"rendered":"","protected":false},"excerpt":{"rendered":"<p>La risorsa pi\u00f9 preziosa di un insegnante sono i ballerini pi\u00f9 piccoli che sgambettano attraverso la porta. Insegnarli e mantenerli \u00e8 una delle sfide principali dell\u2019educazione alla danza. Il proprietario e insegnante veterano dello studio, Toni Noblett, ti guider\u00e0 attraverso quei primi scoraggianti giorni di lezione con consigli e idee pratici, onesti e creativi. Questo video ti fornir\u00e0 gli strumenti di base per pianificare un curriculum che includa il movimento creativo come corso di studio iniziale per i ballerini principianti. Contiene giochi che permetteranno agli studenti pi\u00f9 giovani di partecipare alle lezioni di tip tap, balletto o danza jazz dell&#039;anno prossimo e ti incoraggia a permettere ai bambini di essere bambini almeno per un altro anno...<\/p>\n<p><b>Toni Noblett\u00a0<\/b>il background nell\u2019educazione alla danza \u00e8 sostanziale. Per ventisei anni ha gestito uno studio a Roxboro, nella Carolina del Nord, dove venivano organizzate lezioni di danza per bambini e adulti per instillare l&#039;apprezzamento per le arti, l&#039;autodisciplina e il rispetto. Le classi includevano bambini con bisogni speciali e questi bambini divennero i suoi mentori. Dal 1989 la signora Noblett fa parte dello staff del National Dance Institute di Jacques d&#039;Amboise a New York City. Nel 1998 ha ideato e prodotto localmente un progetto presentato in \u201cSunday Morning with Bill Geist\u201d della CBS. Ha insegnato tip tap per bambini alla BDC e attualmente insegna per &quot;Rosie&#039;s Broadway Kids&quot; di Rosie O&#039;Donnell. I suoi due figli, Casey Noblett Callahan e Cassidy Noblett, sono ballerini professionisti e insegnanti rispettati.<\/p>","protected":false},"featured_media":4187,"comment_status":"closed","ping_status":"closed","template":"","meta":{"_acf_changed":false,"site-sidebar-layout":"default","site-content-layout":"default","ast-site-content-layout":"default","site-content-style":"default","site-sidebar-style":"default","ast-global-header-display":"","ast-banner-title-visibility":"","ast-main-header-display":"","ast-hfb-above-header-display":"","ast-hfb-below-header-display":"","ast-hfb-mobile-header-display":"","site-post-title":"","ast-breadcrumbs-content":"","ast-featured-img":"","footer-sml-layout":"","ast-disable-related-posts":"","theme-transparent-header-meta":"default","adv-header-id-meta":"","stick-header-meta":"default","header-above-stick-meta":"","header-main-stick-meta":"","header-below-stick-meta":"","astra-migrate-meta-layouts":"default","ast-page-background-enabled":"default","ast-page-background-meta":{"desktop":{"background-color":"","background-image":"","background-repeat":"repeat","background-position":"center center","background-size":"auto","background-attachment":"scroll","background-type":"","background-media":"","overlay-type":"","overlay-color":"","overlay-opacity":"","overlay-gradient":""},"tablet":{"background-color":"","background-image":"","background-repeat":"repeat","background-position":"center center","background-size":"auto","background-attachment":"scroll","background-type":"","background-media":"","overlay-type":"","overlay-color":"","overlay-opacity":"","overlay-gradient":""},"mobile":{"background-color":"","background-image":"","background-repeat":"repeat","background-position":"center center","background-size":"auto","background-attachment":"scroll","background-type":"","background-media":"","overlay-type":"","overlay-color":"","overlay-opacity":"","overlay-gradient":""}},"ast-content-background-meta":{"desktop":{"background-color":"var(--ast-global-color-5)","background-image":"","background-repeat":"repeat","background-position":"center center","background-size":"auto","background-attachment":"scroll","background-type":"","background-media":"","overlay-type":"","overlay-color":"","overlay-opacity":"","overlay-gradient":""},"tablet":{"background-color":"var(--ast-global-color-5)","background-image":"","background-repeat":"repeat","background-position":"center center","background-size":"auto","background-attachment":"scroll","background-type":"","background-media":"","overlay-type":"","overlay-color":"","overlay-opacity":"","overlay-gradient":""},"mobile":{"background-color":"var(--ast-global-color-5)","background-image":"","background-repeat":"repeat","background-position":"center center","background-size":"auto","background-attachment":"scroll","background-type":"","background-media":"","overlay-type":"","overlay-color":"","overlay-opacity":"","overlay-gradient":""}}},"product_brand":[],"product_cat":[58,27,29],"product_tag":[],"wpstream_actors":[],"wpstream_category":[],"wpstream_movie_rating":[],"class_list":{"0":"post-4147","1":"product","2":"type-product","3":"status-publish","4":"has-post-thumbnail","6":"product_cat-dance-videos","7":"product_cat-kids","8":"product_cat-warm-up","9":"desktop-align-left","10":"tablet-align-left","11":"mobile-align-left","13":"first","14":"instock","15":"sale","16":"shipping-taxable","17":"purchasable","18":"product-type-simple"},"acf":[],"jetpack_sharing_enabled":true,"_links":{"self":[{"href":"https:\/\/worlddancemovement.com\/it_it\/wp-json\/wp\/v2\/product\/4147","targetHints":{"allow":["GET"]}}],"collection":[{"href":"https:\/\/worlddancemovement.com\/it_it\/wp-json\/wp\/v2\/product"}],"about":[{"href":"https:\/\/worlddancemovement.com\/it_it\/wp-json\/wp\/v2\/types\/product"}],"replies":[{"embeddable":true,"href":"https:\/\/worlddancemovement.com\/it_it\/wp-json\/wp\/v2\/comments?post=4147"}],"wp:featuredmedia":[{"embeddable":true,"href":"https:\/\/worlddancemovement.com\/it_it\/wp-json\/wp\/v2\/media\/4187"}],"wp:attachment":[{"href":"https:\/\/worlddancemovement.com\/it_it\/wp-json\/wp\/v2\/media?parent=4147"}],"wp:term":[{"taxonomy":"product_brand","embeddable":true,"href":"https:\/\/worlddancemovement.com\/it_it\/wp-json\/wp\/v2\/product_brand?post=4147"},{"taxonomy":"product_cat","embeddable":true,"href":"https:\/\/worlddancemovement.com\/it_it\/wp-json\/wp\/v2\/product_cat?post=4147"},{"taxonomy":"product_tag","embeddable":true,"href":"https:\/\/worlddancemovement.com\/it_it\/wp-json\/wp\/v2\/product_tag?post=4147"},{"taxonomy":"wpstream_actors","embeddable":true,"href":"https:\/\/worlddancemovement.com\/it_it\/wp-json\/wp\/v2\/wpstream_actors?post=4147"},{"taxonomy":"wpstream_category","embeddable":true,"href":"https:\/\/worlddancemovement.com\/it_it\/wp-json\/wp\/v2\/wpstream_category?post=4147"},{"taxonomy":"wpstream_movie_rating","embeddable":true,"href":"https:\/\/worlddancemovement.com\/it_it\/wp-json\/wp\/v2\/wpstream_movie_rating?post=4147"}],"curies":[{"name":"parola chiave","href":"https:\/\/api.w.org\/{rel}","templated":true}]}}