{"id":4148,"date":"2021-09-13T12:17:31","date_gmt":"2021-09-13T12:17:31","guid":{"rendered":"https:\/\/migrate.worlddancemovement.com\/?post_type=product&#038;p=4148"},"modified":"2022-11-16T16:29:34","modified_gmt":"2022-11-16T16:29:34","slug":"lifts-vol-i-dvd-with-jeff-amsden","status":"publish","type":"product","link":"https:\/\/worlddancemovement.com\/it_it\/prodotto\/lifts-vol-i-dvd-with-jeff-amsden\/","title":{"rendered":"Lifts VOL I DVD con Jeff Amsden"},"content":{"rendered":"","protected":false},"excerpt":{"rendered":"<p>In questo video, Jeff Amsden insegna la tecnica corretta per eseguire i sollevamenti. Unisciti a lui mentre tratta argomenti come il posizionamento delle mani, l&#039;uso delle gambe durante il sollevamento, il sostegno della parte bassa della schiena, il tempismo e molti altri fattori importanti necessari per eseguire i sollevamenti in sicurezza. I sollevamenti presenti in questo video vanno dall&#039;intermedio all&#039;avanzato in difficolt\u00e0 con una sezione speciale che copre le ragazze che sollevano ragazze. Infine, questi sollevamenti mozzafiato vengono suddivisi passo dopo passo in modo che chiunque possa imparare a eseguirli. L&#039;aggiunta di questi bellissimi movimenti alla tua coreografia porter\u00e0 un elemento emozionante a qualsiasi stile di coreografia, sia esso balletto, lirico-contemporaneo, jazz o teatro musicale. Questo \u00e8 un must per la biblioteca di ogni ballerino.<\/p>\n<p><b>Crediti di Jeff Amsden:<\/b>\u00a0Compagnie di danza: Joffrey Ballet Concert Group, Chamber Ballet USA. Televisione: Academy Awards, American Music Awards, Dancin&#039; to the Hits, Blowing Kisses in the Wind con Paula Abdul, speciale televisivo per il centenario della Statua della Libert\u00e0, Coach, The Tracy Ullman Show, The Guiding Light. Film: \u201cCenerentola\u201d con Brandy e Whitney Houston, \u201cRitorno al futuro 2\u201d, \u201cE la band continuava a suonare\u201d. Spot pubblicitari: Stickletts Gum, biscotti Teddy Grahams e Miller Lite. Teatro: Il Fantasma dell&#039;Opera (cast originale di Los Angeles), Broadway di Jerome Robbins (produzione originale del laboratorio). Coreografia: A Few Good Men Dancin&#039;, Grease at the Paper Mill Playhouse, All My Children, The Guiding Light, Asst coreografo: Saturday Night Fever (produzione originale del West End), a Mich\u00e8le Assaf per la coreografia per la produzione di Pagliacci della Houston Grand Opera , Gli Elan Awards in onore di Susan Stroman. www.jamsden.com<\/p>\n<p>Jeff \u00e8 anche un insegnante esperto in diversi stili di danza tra cui jazz, lirica e balletto. \u00c8 stato insegnante ospite in Giappone, Italia, Pineapple Studios di Londra, University of Idaho, Cornish Institute of the Arts, Texas Christian University, Colorado State University e altri studi in tutto il mondo. Jeff attualmente insegna al Broadway Dance Center di New York City e alla Tremaine Dance Convention.<\/p>\n<p><b>Katy Spreadbury<\/b>\u00a0\u00e8 ballerino\/insegnante\/coreografo di Worcester, Massachusetts. Nella sua giovinezza, il suo talento \u00e8 stato riconosciuto sia da concorsi che da riviste. \u00c8 stata nominata Miss Dance of America, Coreografa americana dell&#039;anno e Future Star di Capezio, oltre ad essere apparsa come artista in primo piano sia in Dance che in Dance Spirit Magazine. Come professionista, la danza di Katy l&#039;ha portata in tutto il paese. \u00c8 continuamente ricercata come artista ospite, si \u00e8 esibita al fianco di leggende come Ben Vereen e Karen Ziemba e recentemente ha ballato come artista per gli Astaire Awards a New York City. Un artista straordinario che insegna con un cuore gentile e una forte volont\u00e0. La sua innegabile tecnica e passione per la danza sono evidenti ogni volta che insegna. Come istruttrice, Katy \u00e8 riconosciuta come un&#039;incredibile motivatrice, uno spirito positivo e una fonte di conoscenza. \u00c8 diventata rapidamente la dolce met\u00e0 del circuito delle convention e continua a rimanere molto richiesta in tutto il Paese come insegnante che vuole fare la differenza. Attualmente \u00e8 docente ed \u00e8 in tourn\u00e9e con JUMP \u2013 la convention di danza.<\/p>","protected":false},"featured_media":4188,"comment_status":"closed","ping_status":"closed","template":"","meta":{"_acf_changed":false,"site-sidebar-layout":"default","site-content-layout":"default","ast-site-content-layout":"default","site-content-style":"default","site-sidebar-style":"default","ast-global-header-display":"","ast-banner-title-visibility":"","ast-main-header-display":"","ast-hfb-above-header-display":"","ast-hfb-below-header-display":"","ast-hfb-mobile-header-display":"","site-post-title":"","ast-breadcrumbs-content":"","ast-featured-img":"","footer-sml-layout":"","ast-disable-related-posts":"","theme-transparent-header-meta":"default","adv-header-id-meta":"","stick-header-meta":"default","header-above-stick-meta":"","header-main-stick-meta":"","header-below-stick-meta":"","astra-migrate-meta-layouts":"default","ast-page-background-enabled":"default","ast-page-background-meta":{"desktop":{"background-color":"","background-image":"","background-repeat":"repeat","background-position":"center center","background-size":"auto","background-attachment":"scroll","background-type":"","background-media":"","overlay-type":"","overlay-color":"","overlay-opacity":"","overlay-gradient":""},"tablet":{"background-color":"","background-image":"","background-repeat":"repeat","background-position":"center center","background-size":"auto","background-attachment":"scroll","background-type":"","background-media":"","overlay-type":"","overlay-color":"","overlay-opacity":"","overlay-gradient":""},"mobile":{"background-color":"","background-image":"","background-repeat":"repeat","background-position":"center center","background-size":"auto","background-attachment":"scroll","background-type":"","background-media":"","overlay-type":"","overlay-color":"","overlay-opacity":"","overlay-gradient":""}},"ast-content-background-meta":{"desktop":{"background-color":"var(--ast-global-color-5)","background-image":"","background-repeat":"repeat","background-position":"center center","background-size":"auto","background-attachment":"scroll","background-type":"","background-media":"","overlay-type":"","overlay-color":"","overlay-opacity":"","overlay-gradient":""},"tablet":{"background-color":"var(--ast-global-color-5)","background-image":"","background-repeat":"repeat","background-position":"center center","background-size":"auto","background-attachment":"scroll","background-type":"","background-media":"","overlay-type":"","overlay-color":"","overlay-opacity":"","overlay-gradient":""},"mobile":{"background-color":"var(--ast-global-color-5)","background-image":"","background-repeat":"repeat","background-position":"center center","background-size":"auto","background-attachment":"scroll","background-type":"","background-media":"","overlay-type":"","overlay-color":"","overlay-opacity":"","overlay-gradient":""}}},"product_brand":[],"product_cat":[32,58,34,36],"product_tag":[],"wpstream_actors":[],"wpstream_category":[],"wpstream_movie_rating":[],"class_list":{"0":"post-4148","1":"product","2":"type-product","3":"status-publish","4":"has-post-thumbnail","6":"product_cat-choreography","7":"product_cat-dance-videos","8":"product_cat-lifts-partnering","9":"product_cat-technique","10":"desktop-align-left","11":"tablet-align-left","12":"mobile-align-left","14":"first","15":"instock","16":"sale","17":"shipping-taxable","18":"purchasable","19":"product-type-simple"},"acf":[],"jetpack_sharing_enabled":true,"_links":{"self":[{"href":"https:\/\/worlddancemovement.com\/it_it\/wp-json\/wp\/v2\/product\/4148","targetHints":{"allow":["GET"]}}],"collection":[{"href":"https:\/\/worlddancemovement.com\/it_it\/wp-json\/wp\/v2\/product"}],"about":[{"href":"https:\/\/worlddancemovement.com\/it_it\/wp-json\/wp\/v2\/types\/product"}],"replies":[{"embeddable":true,"href":"https:\/\/worlddancemovement.com\/it_it\/wp-json\/wp\/v2\/comments?post=4148"}],"wp:featuredmedia":[{"embeddable":true,"href":"https:\/\/worlddancemovement.com\/it_it\/wp-json\/wp\/v2\/media\/4188"}],"wp:attachment":[{"href":"https:\/\/worlddancemovement.com\/it_it\/wp-json\/wp\/v2\/media?parent=4148"}],"wp:term":[{"taxonomy":"product_brand","embeddable":true,"href":"https:\/\/worlddancemovement.com\/it_it\/wp-json\/wp\/v2\/product_brand?post=4148"},{"taxonomy":"product_cat","embeddable":true,"href":"https:\/\/worlddancemovement.com\/it_it\/wp-json\/wp\/v2\/product_cat?post=4148"},{"taxonomy":"product_tag","embeddable":true,"href":"https:\/\/worlddancemovement.com\/it_it\/wp-json\/wp\/v2\/product_tag?post=4148"},{"taxonomy":"wpstream_actors","embeddable":true,"href":"https:\/\/worlddancemovement.com\/it_it\/wp-json\/wp\/v2\/wpstream_actors?post=4148"},{"taxonomy":"wpstream_category","embeddable":true,"href":"https:\/\/worlddancemovement.com\/it_it\/wp-json\/wp\/v2\/wpstream_category?post=4148"},{"taxonomy":"wpstream_movie_rating","embeddable":true,"href":"https:\/\/worlddancemovement.com\/it_it\/wp-json\/wp\/v2\/wpstream_movie_rating?post=4148"}],"curies":[{"name":"parola chiave","href":"https:\/\/api.w.org\/{rel}","templated":true}]}}