{"id":4149,"date":"2021-09-13T12:17:32","date_gmt":"2021-09-13T12:17:32","guid":{"rendered":"https:\/\/migrate.worlddancemovement.com\/?post_type=product&#038;p=4149"},"modified":"2022-11-16T16:28:14","modified_gmt":"2022-11-16T16:28:14","slug":"turns-turn-combos-dvd-with-michele-assaf","status":"publish","type":"product","link":"https:\/\/worlddancemovement.com\/it_it\/prodotto\/turns-turn-combos-dvd-with-michele-assaf\/","title":{"rendered":"DVD Turns &amp; Turn Combo con Mich\u00e8le Assaf"},"content":{"rendered":"","protected":false},"excerpt":{"rendered":"<p>Unisciti alla regista, coreografa e insegnante di fama internazionale Mich\u00e8le Assaf mentre presenta uno sguardo approfondito sulle tecniche fondamentali di &quot;Turns&quot;. Questo &quot;dizionario&quot; essenziale \u00e8 perfetto per gli studenti di danza, dal principiante all&#039;avanzato. Gli insegnanti di danza troveranno questa guida un must, poich\u00e9 le abilit\u00e0 uniche di Mich\u00e8le mettono insieme le curve individuali in combinazioni belle e ponderate che enfatizzano i cambi di direzione cos\u00ec come un&#039;ampia variet\u00e0 di preparazioni e transizioni dentro e fuori le curve. Le svolte possono essere utilizzate per lezioni di tecnica cos\u00ec come in coreografia. Ogni turno \u00e8 suddiviso in tre livelli, dallo stato base alla progressione per lo studente pi\u00f9 avanzato. Ascoltare Mich\u00e8le offrire correzioni al suo gruppo eterogeneo di ballerini e guardare alcuni movimenti analizzati al rallentatore aumenta gli enormi vantaggi offerti in questo video di 60 minuti.<\/p>\n<p><b>Michele Assaf\u00a0<\/b>ha lavorato a progetti teatrali di Broadway, Off-Broadway, regionali e internazionali. Mich\u00e8le ha diretto e coreografato il Mariah Carey Charmbracelet World Tour, il Mick Jagger Solo Tour, il Michael Bolton 2002-6 Tour, Matchbox Twenty, le opere multimediali acclamate a livello internazionale per la Houston Grand Opera; Carmen, Pagliacci e Madame Butterfly, e il Gala del 50\u00b0 anniversario della HGO, nonch\u00e9 Aida, Sansone e Dalila, Candide, Opera Odyssey 2001 della Opera Pacific. Altri progetti teatrali includono: Starmites (Tony Nomination), Bring In The Morning, Scenes From an Execution, Nove armeni, \u00e8 un uccello... \u00e8 un aereo... \u00e8 Superman, Sweet Charity, Jesus Christ Superstar, Mata Hari, Bring In The Morning, Can Can, Jeanne La Pucelle, Strides, Topper e Annie. Ha diretto il musical legato a Broadway, The Alchemist. \u00c8 la fondatrice del World Dance Movement \u2013 The International Workshop and Competition\u00a0<a href=\"https:\/\/worlddancemovement.com\/it_it\/\" target=\"_blank\" rel=\"noopener\">www.worlddancemovement.com<\/a>. Il suo background di insegnamento \u00e8 ampio, poich\u00e9 ha formato ballerini\/insegnanti e rinomati coreografi da New York a Los Angeles e a livello internazionale negli ultimi 30 anni.<\/p>","protected":false},"featured_media":4189,"comment_status":"closed","ping_status":"closed","template":"","meta":{"_acf_changed":false,"site-sidebar-layout":"default","site-content-layout":"default","ast-site-content-layout":"default","site-content-style":"default","site-sidebar-style":"default","ast-global-header-display":"","ast-banner-title-visibility":"","ast-main-header-display":"","ast-hfb-above-header-display":"","ast-hfb-below-header-display":"","ast-hfb-mobile-header-display":"","site-post-title":"","ast-breadcrumbs-content":"","ast-featured-img":"","footer-sml-layout":"","ast-disable-related-posts":"","theme-transparent-header-meta":"default","adv-header-id-meta":"","stick-header-meta":"default","header-above-stick-meta":"","header-main-stick-meta":"","header-below-stick-meta":"","astra-migrate-meta-layouts":"default","ast-page-background-enabled":"default","ast-page-background-meta":{"desktop":{"background-color":"","background-image":"","background-repeat":"repeat","background-position":"center center","background-size":"auto","background-attachment":"scroll","background-type":"","background-media":"","overlay-type":"","overlay-color":"","overlay-opacity":"","overlay-gradient":""},"tablet":{"background-color":"","background-image":"","background-repeat":"repeat","background-position":"center center","background-size":"auto","background-attachment":"scroll","background-type":"","background-media":"","overlay-type":"","overlay-color":"","overlay-opacity":"","overlay-gradient":""},"mobile":{"background-color":"","background-image":"","background-repeat":"repeat","background-position":"center center","background-size":"auto","background-attachment":"scroll","background-type":"","background-media":"","overlay-type":"","overlay-color":"","overlay-opacity":"","overlay-gradient":""}},"ast-content-background-meta":{"desktop":{"background-color":"var(--ast-global-color-5)","background-image":"","background-repeat":"repeat","background-position":"center center","background-size":"auto","background-attachment":"scroll","background-type":"","background-media":"","overlay-type":"","overlay-color":"","overlay-opacity":"","overlay-gradient":""},"tablet":{"background-color":"var(--ast-global-color-5)","background-image":"","background-repeat":"repeat","background-position":"center center","background-size":"auto","background-attachment":"scroll","background-type":"","background-media":"","overlay-type":"","overlay-color":"","overlay-opacity":"","overlay-gradient":""},"mobile":{"background-color":"var(--ast-global-color-5)","background-image":"","background-repeat":"repeat","background-position":"center center","background-size":"auto","background-attachment":"scroll","background-type":"","background-media":"","overlay-type":"","overlay-color":"","overlay-opacity":"","overlay-gradient":""}}},"product_brand":[],"product_cat":[32,58,36,29],"product_tag":[],"wpstream_actors":[],"wpstream_category":[],"wpstream_movie_rating":[],"class_list":{"0":"post-4149","1":"product","2":"type-product","3":"status-publish","4":"has-post-thumbnail","6":"product_cat-choreography","7":"product_cat-dance-videos","8":"product_cat-technique","9":"product_cat-warm-up","10":"desktop-align-left","11":"tablet-align-left","12":"mobile-align-left","14":"first","15":"instock","16":"sale","17":"shipping-taxable","18":"purchasable","19":"product-type-simple"},"acf":[],"jetpack_sharing_enabled":true,"_links":{"self":[{"href":"https:\/\/worlddancemovement.com\/it_it\/wp-json\/wp\/v2\/product\/4149","targetHints":{"allow":["GET"]}}],"collection":[{"href":"https:\/\/worlddancemovement.com\/it_it\/wp-json\/wp\/v2\/product"}],"about":[{"href":"https:\/\/worlddancemovement.com\/it_it\/wp-json\/wp\/v2\/types\/product"}],"replies":[{"embeddable":true,"href":"https:\/\/worlddancemovement.com\/it_it\/wp-json\/wp\/v2\/comments?post=4149"}],"wp:featuredmedia":[{"embeddable":true,"href":"https:\/\/worlddancemovement.com\/it_it\/wp-json\/wp\/v2\/media\/4189"}],"wp:attachment":[{"href":"https:\/\/worlddancemovement.com\/it_it\/wp-json\/wp\/v2\/media?parent=4149"}],"wp:term":[{"taxonomy":"product_brand","embeddable":true,"href":"https:\/\/worlddancemovement.com\/it_it\/wp-json\/wp\/v2\/product_brand?post=4149"},{"taxonomy":"product_cat","embeddable":true,"href":"https:\/\/worlddancemovement.com\/it_it\/wp-json\/wp\/v2\/product_cat?post=4149"},{"taxonomy":"product_tag","embeddable":true,"href":"https:\/\/worlddancemovement.com\/it_it\/wp-json\/wp\/v2\/product_tag?post=4149"},{"taxonomy":"wpstream_actors","embeddable":true,"href":"https:\/\/worlddancemovement.com\/it_it\/wp-json\/wp\/v2\/wpstream_actors?post=4149"},{"taxonomy":"wpstream_category","embeddable":true,"href":"https:\/\/worlddancemovement.com\/it_it\/wp-json\/wp\/v2\/wpstream_category?post=4149"},{"taxonomy":"wpstream_movie_rating","embeddable":true,"href":"https:\/\/worlddancemovement.com\/it_it\/wp-json\/wp\/v2\/wpstream_movie_rating?post=4149"}],"curies":[{"name":"parola chiave","href":"https:\/\/api.w.org\/{rel}","templated":true}]}}