{"id":4176,"date":"2021-09-13T12:17:54","date_gmt":"2021-09-13T12:17:54","guid":{"rendered":"https:\/\/migrate.worlddancemovement.com\/?post_type=product&#038;p=4176"},"modified":"2022-01-31T23:57:20","modified_gmt":"2022-01-31T23:57:20","slug":"street-jazz-dvd-with-rhapsody-vhs-pal","status":"publish","type":"product","link":"https:\/\/worlddancemovement.com\/it_it\/prodotto\/street-jazz-dvd-with-rhapsody-vhs-pal\/","title":{"rendered":"DVD di Street Jazz con Rhapsody \u2013 VHS\/PAL"},"content":{"rendered":"","protected":false},"excerpt":{"rendered":"<h3>Questa \u00e8 la versione VHS\/PAL, NON IL DVD!<\/h3>\n<h3>Se vuoi essere aggiornato sugli ultimi stili di danza hip hop e diventare un ballerino e artista hip-hop pi\u00f9 forte, questo video \u00e8 per TE! Rhapsody e la sua compagnia di danza ti porteranno a fare un giro mentre impari i passi di danza che stanno investendo la nazione. Street Jazz fonde hip-hop e jazz ed \u00e8 lo stile distintivo di Rhapsody e della sua compagnia. In questo DVD di Street Jazz imparerai tre hot routine per ballerini principianti, intermedi e avanzati. Rhapsody incorpora l&#039;uso della meccanica del corpo, della musicalit\u00e0 e di tecniche di performance distintive per aiutarti a diventare un ballerino hip-hop migliore. Se ti piace il duro lavoro, la dedizione e il divertimento, allora questo video \u00e8 fatto su misura per te!<\/h3>\n<p>Esibirsi era una grande passione di Rhapsody, ma presto si rese conto che per essere una grande coreografa, avrebbe dovuto prima essere una grande insegnante. Rhapsody ha iniziato a insegnare al Broadway Dance Center, dove le sue lezioni sono fiorite, rendendola una delle insegnanti di hip-hop commerciale pi\u00f9 calde e popolari oggi. Rhapsody fa anche parte della stimata facolt\u00e0 della Monsters of Hip-Hop Dance Convention. La disciplina e un ambiente di apprendimento sano sono ci\u00f2 che promuove nella sua classe, oltre al divertimento. Los Angeles, Miami, Giappone, Londra, Finlandia, Svizzera, Germania e Australia sono solo alcuni dei luoghi in cui Rhapsody ha insegnato.<\/p>\n<p>Ora coreografo professionista nel mondo della musica, i crediti di Rhapsody includono Beyonce, The Jonas Brothers, The Pussycat Dolls, The Spice Girls, Cassie, Jay Sean, Donnie Klang, il lungometraggio &quot;Step Up 2: The Streets&quot;, &quot;Making The Band 4&quot;, \u201d cos\u00ec come spot pubblicitari per la lotteria di New York, Citeron Car Company e ESPN. Oltre ad essere un&#039;insegnante e coreografa di fama mondiale, Rhapsody \u00e8 anche la direttrice artistica\/coreografa della sua compagnia di danza chiamata nientemeno che Rhapsody: The Company. Rhapsody: La compagnia si dedica a confondere i confini tra hip-hop, moderno e jazz con il loro stile fusion contemporaneo unico di &quot;street jazz&quot; che esprime una visione eclettica di bellezza e crudezza. Attraverso coreografie dinamiche che mostrano una visione di complessit\u00e0 e drammaticit\u00e0, questa compagnia ti catturer\u00e0 con un&#039;energia positiva che eccita e calma la tua anima.<\/p>\n<p>Rapsodia sulla copertina di Dance Teacher Magazine! Per saperne di pi\u00f9: https:\/\/www.dance-teacher.com\/content\/rhapsody-rhythm<\/p>","protected":false},"featured_media":4136,"comment_status":"closed","ping_status":"closed","template":"","meta":{"_acf_changed":false,"site-sidebar-layout":"default","site-content-layout":"default","ast-site-content-layout":"default","site-content-style":"default","site-sidebar-style":"default","ast-global-header-display":"","ast-banner-title-visibility":"","ast-main-header-display":"","ast-hfb-above-header-display":"","ast-hfb-below-header-display":"","ast-hfb-mobile-header-display":"","site-post-title":"","ast-breadcrumbs-content":"","ast-featured-img":"","footer-sml-layout":"","ast-disable-related-posts":"","theme-transparent-header-meta":"default","adv-header-id-meta":"","stick-header-meta":"default","header-above-stick-meta":"","header-main-stick-meta":"","header-below-stick-meta":"","astra-migrate-meta-layouts":"default","ast-page-background-enabled":"default","ast-page-background-meta":{"desktop":{"background-color":"","background-image":"","background-repeat":"repeat","background-position":"center center","background-size":"auto","background-attachment":"scroll","background-type":"","background-media":"","overlay-type":"","overlay-color":"","overlay-opacity":"","overlay-gradient":""},"tablet":{"background-color":"","background-image":"","background-repeat":"repeat","background-position":"center center","background-size":"auto","background-attachment":"scroll","background-type":"","background-media":"","overlay-type":"","overlay-color":"","overlay-opacity":"","overlay-gradient":""},"mobile":{"background-color":"","background-image":"","background-repeat":"repeat","background-position":"center center","background-size":"auto","background-attachment":"scroll","background-type":"","background-media":"","overlay-type":"","overlay-color":"","overlay-opacity":"","overlay-gradient":""}},"ast-content-background-meta":{"desktop":{"background-color":"var(--ast-global-color-5)","background-image":"","background-repeat":"repeat","background-position":"center center","background-size":"auto","background-attachment":"scroll","background-type":"","background-media":"","overlay-type":"","overlay-color":"","overlay-opacity":"","overlay-gradient":""},"tablet":{"background-color":"var(--ast-global-color-5)","background-image":"","background-repeat":"repeat","background-position":"center center","background-size":"auto","background-attachment":"scroll","background-type":"","background-media":"","overlay-type":"","overlay-color":"","overlay-opacity":"","overlay-gradient":""},"mobile":{"background-color":"var(--ast-global-color-5)","background-image":"","background-repeat":"repeat","background-position":"center center","background-size":"auto","background-attachment":"scroll","background-type":"","background-media":"","overlay-type":"","overlay-color":"","overlay-opacity":"","overlay-gradient":""}}},"product_brand":[],"product_cat":[39],"product_tag":[],"wpstream_actors":[],"wpstream_category":[],"wpstream_movie_rating":[],"class_list":{"0":"post-4176","1":"product","2":"type-product","3":"status-publish","4":"has-post-thumbnail","6":"product_cat-pal-eur-systems","7":"desktop-align-left","8":"tablet-align-left","9":"mobile-align-left","11":"first","12":"instock","13":"sale","14":"shipping-taxable","15":"purchasable","16":"product-type-simple"},"acf":[],"jetpack_sharing_enabled":true,"_links":{"self":[{"href":"https:\/\/worlddancemovement.com\/it_it\/wp-json\/wp\/v2\/product\/4176","targetHints":{"allow":["GET"]}}],"collection":[{"href":"https:\/\/worlddancemovement.com\/it_it\/wp-json\/wp\/v2\/product"}],"about":[{"href":"https:\/\/worlddancemovement.com\/it_it\/wp-json\/wp\/v2\/types\/product"}],"replies":[{"embeddable":true,"href":"https:\/\/worlddancemovement.com\/it_it\/wp-json\/wp\/v2\/comments?post=4176"}],"wp:featuredmedia":[{"embeddable":true,"href":"https:\/\/worlddancemovement.com\/it_it\/wp-json\/wp\/v2\/media\/4136"}],"wp:attachment":[{"href":"https:\/\/worlddancemovement.com\/it_it\/wp-json\/wp\/v2\/media?parent=4176"}],"wp:term":[{"taxonomy":"product_brand","embeddable":true,"href":"https:\/\/worlddancemovement.com\/it_it\/wp-json\/wp\/v2\/product_brand?post=4176"},{"taxonomy":"product_cat","embeddable":true,"href":"https:\/\/worlddancemovement.com\/it_it\/wp-json\/wp\/v2\/product_cat?post=4176"},{"taxonomy":"product_tag","embeddable":true,"href":"https:\/\/worlddancemovement.com\/it_it\/wp-json\/wp\/v2\/product_tag?post=4176"},{"taxonomy":"wpstream_actors","embeddable":true,"href":"https:\/\/worlddancemovement.com\/it_it\/wp-json\/wp\/v2\/wpstream_actors?post=4176"},{"taxonomy":"wpstream_category","embeddable":true,"href":"https:\/\/worlddancemovement.com\/it_it\/wp-json\/wp\/v2\/wpstream_category?post=4176"},{"taxonomy":"wpstream_movie_rating","embeddable":true,"href":"https:\/\/worlddancemovement.com\/it_it\/wp-json\/wp\/v2\/wpstream_movie_rating?post=4176"}],"curies":[{"name":"parola chiave","href":"https:\/\/api.w.org\/{rel}","templated":true}]}}