{"id":4177,"date":"2021-09-13T12:17:54","date_gmt":"2021-09-13T12:17:54","guid":{"rendered":"https:\/\/migrate.worlddancemovement.com\/?post_type=product&#038;p=4177"},"modified":"2022-01-31T23:57:34","modified_gmt":"2022-01-31T23:57:34","slug":"active-isolated-flexibility-program-vhs-pal","status":"publish","type":"product","link":"https:\/\/worlddancemovement.com\/it_it\/prodotto\/active-isolated-flexibility-program-vhs-pal\/","title":{"rendered":"Programma di flessibilit\u00e0 con isolamento attivo \u2013 VHS\/PAL"},"content":{"rendered":"","protected":false},"excerpt":{"rendered":"<h3>Nota: questa \u00e8 la versione VHS\/PAL, non il DVD.<\/h3>\n<h3>La flessibilit\u00e0 attiva-isolata \u00e8 una tecnica di stretching in cui individuiamo, isoliamo e allunghiamo ogni singolo muscolo utilizzato per raggiungere il massimo potenziale. Unisciti alla regista, coreografa e insegnante di fama internazionale, Mich\u00e8le Assaf, mentre ti guida attraverso una serie di allungamenti che ridurranno il tuo carico di lavoro rimuovendo la tensione in modo da poter oscillare gli arti pi\u00f9 liberamente. Questi allungamenti trasportano l&#039;ossigeno ai muscoli doloranti e rimuovono rapidamente le tossine dai muscoli, quindi il recupero \u00e8 pi\u00f9 veloce. AI Flexibility funziona come una tecnica di massaggio profondo poich\u00e9 attiva le fibre muscolari durante lo stretching.<\/h3>\n<p>Il video presenta immagini in primo piano e descrizioni di tutti gli esercizi; come viene utilizzata la corda e quale muscolo si contrae per rilassare il muscolo interessato in preparazione al suo allungamento. Quindi Mich\u00e8le, con l&#039;aiuto di Jim e Phil Wharton, ti guider\u00e0 attraverso una lezione completa di flessibilit\u00e0 attiva-isolata. In questo corso migliorerai le tue prestazioni, aumenterai la flessibilit\u00e0 e previeni gli infortuni... i tuoi strumenti per la longevit\u00e0.<\/p>\n<p>La flessibilit\u00e0 attiva-isolata \u00e8 la tecnica innovativa sviluppata da ricercatori, allenatori e formatori e introdotta da Jim e Phil Wharton.<\/p>\n<p>Jim Wharton, un fisiologo dell&#039;esercizio fisico noto come &quot;il meccanico&quot; per la sua capacit\u00e0 di mettere a punto gli atleti, e suo figlio, Phil Wharton, terapista dello sport e maratoneta competitivo, sono presidente e vicepresidente di Wharton Performance, Inc. nella citt\u00e0 di New York. I Wharton hanno formato e riabilitato luminari dell&#039;atletica, dai giocatori di football professionisti ai ballerini sul palco di Broadway, stelle dell&#039;atletica leggera e medaglie d&#039;oro olimpiche. La loro rivoluzionaria flessibilit\u00e0 attiva-isolata \u00e8 praticata nei centri fitness di tutto il mondo.<\/p>","protected":false},"featured_media":4190,"comment_status":"closed","ping_status":"closed","template":"","meta":{"_acf_changed":false,"site-sidebar-layout":"default","site-content-layout":"default","ast-site-content-layout":"default","site-content-style":"default","site-sidebar-style":"default","ast-global-header-display":"","ast-banner-title-visibility":"","ast-main-header-display":"","ast-hfb-above-header-display":"","ast-hfb-below-header-display":"","ast-hfb-mobile-header-display":"","site-post-title":"","ast-breadcrumbs-content":"","ast-featured-img":"","footer-sml-layout":"","ast-disable-related-posts":"","theme-transparent-header-meta":"default","adv-header-id-meta":"","stick-header-meta":"default","header-above-stick-meta":"","header-main-stick-meta":"","header-below-stick-meta":"","astra-migrate-meta-layouts":"default","ast-page-background-enabled":"default","ast-page-background-meta":{"desktop":{"background-color":"","background-image":"","background-repeat":"repeat","background-position":"center center","background-size":"auto","background-attachment":"scroll","background-type":"","background-media":"","overlay-type":"","overlay-color":"","overlay-opacity":"","overlay-gradient":""},"tablet":{"background-color":"","background-image":"","background-repeat":"repeat","background-position":"center center","background-size":"auto","background-attachment":"scroll","background-type":"","background-media":"","overlay-type":"","overlay-color":"","overlay-opacity":"","overlay-gradient":""},"mobile":{"background-color":"","background-image":"","background-repeat":"repeat","background-position":"center center","background-size":"auto","background-attachment":"scroll","background-type":"","background-media":"","overlay-type":"","overlay-color":"","overlay-opacity":"","overlay-gradient":""}},"ast-content-background-meta":{"desktop":{"background-color":"var(--ast-global-color-5)","background-image":"","background-repeat":"repeat","background-position":"center center","background-size":"auto","background-attachment":"scroll","background-type":"","background-media":"","overlay-type":"","overlay-color":"","overlay-opacity":"","overlay-gradient":""},"tablet":{"background-color":"var(--ast-global-color-5)","background-image":"","background-repeat":"repeat","background-position":"center center","background-size":"auto","background-attachment":"scroll","background-type":"","background-media":"","overlay-type":"","overlay-color":"","overlay-opacity":"","overlay-gradient":""},"mobile":{"background-color":"var(--ast-global-color-5)","background-image":"","background-repeat":"repeat","background-position":"center center","background-size":"auto","background-attachment":"scroll","background-type":"","background-media":"","overlay-type":"","overlay-color":"","overlay-opacity":"","overlay-gradient":""}}},"product_brand":[],"product_cat":[39],"product_tag":[],"wpstream_actors":[],"wpstream_category":[],"wpstream_movie_rating":[],"class_list":{"0":"post-4177","1":"product","2":"type-product","3":"status-publish","4":"has-post-thumbnail","6":"product_cat-pal-eur-systems","7":"desktop-align-left","8":"tablet-align-left","9":"mobile-align-left","11":"first","12":"instock","13":"sale","14":"shipping-taxable","15":"purchasable","16":"product-type-simple"},"acf":[],"jetpack_sharing_enabled":true,"_links":{"self":[{"href":"https:\/\/worlddancemovement.com\/it_it\/wp-json\/wp\/v2\/product\/4177","targetHints":{"allow":["GET"]}}],"collection":[{"href":"https:\/\/worlddancemovement.com\/it_it\/wp-json\/wp\/v2\/product"}],"about":[{"href":"https:\/\/worlddancemovement.com\/it_it\/wp-json\/wp\/v2\/types\/product"}],"replies":[{"embeddable":true,"href":"https:\/\/worlddancemovement.com\/it_it\/wp-json\/wp\/v2\/comments?post=4177"}],"wp:featuredmedia":[{"embeddable":true,"href":"https:\/\/worlddancemovement.com\/it_it\/wp-json\/wp\/v2\/media\/4190"}],"wp:attachment":[{"href":"https:\/\/worlddancemovement.com\/it_it\/wp-json\/wp\/v2\/media?parent=4177"}],"wp:term":[{"taxonomy":"product_brand","embeddable":true,"href":"https:\/\/worlddancemovement.com\/it_it\/wp-json\/wp\/v2\/product_brand?post=4177"},{"taxonomy":"product_cat","embeddable":true,"href":"https:\/\/worlddancemovement.com\/it_it\/wp-json\/wp\/v2\/product_cat?post=4177"},{"taxonomy":"product_tag","embeddable":true,"href":"https:\/\/worlddancemovement.com\/it_it\/wp-json\/wp\/v2\/product_tag?post=4177"},{"taxonomy":"wpstream_actors","embeddable":true,"href":"https:\/\/worlddancemovement.com\/it_it\/wp-json\/wp\/v2\/wpstream_actors?post=4177"},{"taxonomy":"wpstream_category","embeddable":true,"href":"https:\/\/worlddancemovement.com\/it_it\/wp-json\/wp\/v2\/wpstream_category?post=4177"},{"taxonomy":"wpstream_movie_rating","embeddable":true,"href":"https:\/\/worlddancemovement.com\/it_it\/wp-json\/wp\/v2\/wpstream_movie_rating?post=4177"}],"curies":[{"name":"parola chiave","href":"https:\/\/api.w.org\/{rel}","templated":true}]}}