{"id":4182,"date":"2021-09-13T12:17:54","date_gmt":"2021-09-13T12:17:54","guid":{"rendered":"https:\/\/migrate.worlddancemovement.com\/?post_type=product&#038;p=4182"},"modified":"2022-02-03T04:03:33","modified_gmt":"2022-02-03T04:03:33","slug":"hip-hop-with-dana-foglia-beginner-dvd-series","status":"publish","type":"product","link":"https:\/\/worlddancemovement.com\/it_it\/prodotto\/hip-hop-with-dana-foglia-beginner-dvd-series\/","title":{"rendered":"HIP HOP con Dana Foglia Serie DVD per principianti"},"content":{"rendered":"","protected":false},"excerpt":{"rendered":"<p><strong>Ottieni tutti e 3 i DVD HIP HOP per principianti con Dana Foglia e <span style=\"color: #ff0000;\">RISPARMIA 40%!<\/span><\/strong><\/p>\n<p>Dana e i suoi ballerini ti insegnano passi innovativi di danza di strada creati per ballerini principianti di qualsiasi et\u00e0. Man mano che dimostrano i diversi groove necessari per questo stile funky di danza hip hop, aggiungerai nuovi passi al tuo repertorio. Vedrai la coreografia da angolazioni che rispecchiano l&#039;ambiente di una classe, cos\u00ec ti sentirai come se fossi proprio l\u00ec con Dana e i suoi ballerini.<\/p>\n<p>Tutti possono ballare! \u00c8 divertente ed emozionante, quindi preparati a muoverti come i professionisti!<\/p>\n<h3>PREZZO AL DETTAGLIO: $47.85 \u2013 PREZZO SCONTATO: <span style=\"color: #ff0000;\">$28.71 \u2013 SALVA 40%.<\/span><\/h3>\n<p>Dana Foglia ha insegnato danza in tutti gli Stati Uniti e a livello internazionale. Si \u00e8 formata ampiamente in danza classica e moderna con la Seiskaya Ballet Academy e in seguito ha ottenuto una borsa di studio completa alla Ailey School. Parallelamente studia anche Hip-Hop, punta, jazz, tip tap e africano.<\/p>\n<p>Dana \u00e8 stata onorata quando solo pochi eletti sono stati scelti per esibirsi con la Ailey Company in Memoria. \u00c8 stata in tourn\u00e9e e si \u00e8 esibita con i migliori artisti tra cui Beyonce, Janet Jackson, Rihanna, Kelis, New Kids on the Block, Fantasia e la sensazione latina Thalia e altri. Dana ha lavorato con Beyonc\u00e9 per il suo \u201cI Am\u20262009 Tour\u201d come assistente coreografa, addestrando e preparando personalmente Beyonc\u00e9 per questo tour. Dana ha lavorato con i migliori coreografi tra cui Frank Gaston, Brian Friedman, Gil Duldalao, Tony Michaels, Rosaro e altri.<\/p>\n<p>Si \u00e8 esibita in numerosi programmi TV e premi tra cui So You Think You Can Dance, Queer Eye for the Straight Guy, MTV VMA Awards, Teen Choice Awards, AMA Awards, World Music Awards, Billboard Awards, All My Children, Regis e Kelly, Il Rockin New Year&#039;s Eve di Dick Clark, il Today Show, Good Morning America, BET 106 &amp; Park, il Concerto del Premio Noble per la Pace, gli spettacoli di Jimmy Kimmel, Carson Daly e Jay Leno. Potresti averla vista ballare fianco a fianco con Beyonce in &quot;Single Ladies&quot; ai World Music Awards. Dana \u00e8 apparsa in numerosi spot pubblicitari tra cui Haagen Daaz come ballerina principale e Acura. Dana \u00e8 anche presente in un video didattico sull&#039;hip-hop prodotto in parte dal Broadway Dance Center.<br \/>\nDana porta sempre la sua conoscenza, esperienza e passione per la danza ai suoi studenti. Tieniti aggiornato su tutte le novit\u00e0 di Dana controllando il suo sito web all&#039;indirizzo\u00a0<a href=\"https:\/\/www.danafoglia.com\/\" target=\"_blank\" rel=\"noopener\">www.danafoglia.com<\/a><\/p>","protected":false},"featured_media":4220,"comment_status":"closed","ping_status":"closed","template":"","meta":{"_acf_changed":false,"site-sidebar-layout":"default","site-content-layout":"default","ast-site-content-layout":"default","site-content-style":"default","site-sidebar-style":"default","ast-global-header-display":"","ast-banner-title-visibility":"","ast-main-header-display":"","ast-hfb-above-header-display":"","ast-hfb-below-header-display":"","ast-hfb-mobile-header-display":"","site-post-title":"","ast-breadcrumbs-content":"","ast-featured-img":"","footer-sml-layout":"","ast-disable-related-posts":"","theme-transparent-header-meta":"default","adv-header-id-meta":"","stick-header-meta":"default","header-above-stick-meta":"","header-main-stick-meta":"","header-below-stick-meta":"","astra-migrate-meta-layouts":"default","ast-page-background-enabled":"default","ast-page-background-meta":{"desktop":{"background-color":"","background-image":"","background-repeat":"repeat","background-position":"center center","background-size":"auto","background-attachment":"scroll","background-type":"","background-media":"","overlay-type":"","overlay-color":"","overlay-opacity":"","overlay-gradient":""},"tablet":{"background-color":"","background-image":"","background-repeat":"repeat","background-position":"center center","background-size":"auto","background-attachment":"scroll","background-type":"","background-media":"","overlay-type":"","overlay-color":"","overlay-opacity":"","overlay-gradient":""},"mobile":{"background-color":"","background-image":"","background-repeat":"repeat","background-position":"center center","background-size":"auto","background-attachment":"scroll","background-type":"","background-media":"","overlay-type":"","overlay-color":"","overlay-opacity":"","overlay-gradient":""}},"ast-content-background-meta":{"desktop":{"background-color":"var(--ast-global-color-5)","background-image":"","background-repeat":"repeat","background-position":"center center","background-size":"auto","background-attachment":"scroll","background-type":"","background-media":"","overlay-type":"","overlay-color":"","overlay-opacity":"","overlay-gradient":""},"tablet":{"background-color":"var(--ast-global-color-5)","background-image":"","background-repeat":"repeat","background-position":"center center","background-size":"auto","background-attachment":"scroll","background-type":"","background-media":"","overlay-type":"","overlay-color":"","overlay-opacity":"","overlay-gradient":""},"mobile":{"background-color":"var(--ast-global-color-5)","background-image":"","background-repeat":"repeat","background-position":"center center","background-size":"auto","background-attachment":"scroll","background-type":"","background-media":"","overlay-type":"","overlay-color":"","overlay-opacity":"","overlay-gradient":""}}},"product_brand":[],"product_cat":[40],"product_tag":[],"wpstream_actors":[],"wpstream_category":[],"wpstream_movie_rating":[],"class_list":{"0":"post-4182","1":"product","2":"type-product","3":"status-publish","4":"has-post-thumbnail","6":"product_cat-special-collections","7":"desktop-align-left","8":"tablet-align-left","9":"mobile-align-left","11":"first","12":"instock","13":"sale","14":"shipping-taxable","15":"purchasable","16":"product-type-simple"},"acf":[],"jetpack_sharing_enabled":true,"_links":{"self":[{"href":"https:\/\/worlddancemovement.com\/it_it\/wp-json\/wp\/v2\/product\/4182","targetHints":{"allow":["GET"]}}],"collection":[{"href":"https:\/\/worlddancemovement.com\/it_it\/wp-json\/wp\/v2\/product"}],"about":[{"href":"https:\/\/worlddancemovement.com\/it_it\/wp-json\/wp\/v2\/types\/product"}],"replies":[{"embeddable":true,"href":"https:\/\/worlddancemovement.com\/it_it\/wp-json\/wp\/v2\/comments?post=4182"}],"wp:featuredmedia":[{"embeddable":true,"href":"https:\/\/worlddancemovement.com\/it_it\/wp-json\/wp\/v2\/media\/4220"}],"wp:attachment":[{"href":"https:\/\/worlddancemovement.com\/it_it\/wp-json\/wp\/v2\/media?parent=4182"}],"wp:term":[{"taxonomy":"product_brand","embeddable":true,"href":"https:\/\/worlddancemovement.com\/it_it\/wp-json\/wp\/v2\/product_brand?post=4182"},{"taxonomy":"product_cat","embeddable":true,"href":"https:\/\/worlddancemovement.com\/it_it\/wp-json\/wp\/v2\/product_cat?post=4182"},{"taxonomy":"product_tag","embeddable":true,"href":"https:\/\/worlddancemovement.com\/it_it\/wp-json\/wp\/v2\/product_tag?post=4182"},{"taxonomy":"wpstream_actors","embeddable":true,"href":"https:\/\/worlddancemovement.com\/it_it\/wp-json\/wp\/v2\/wpstream_actors?post=4182"},{"taxonomy":"wpstream_category","embeddable":true,"href":"https:\/\/worlddancemovement.com\/it_it\/wp-json\/wp\/v2\/wpstream_category?post=4182"},{"taxonomy":"wpstream_movie_rating","embeddable":true,"href":"https:\/\/worlddancemovement.com\/it_it\/wp-json\/wp\/v2\/wpstream_movie_rating?post=4182"}],"curies":[{"name":"parola chiave","href":"https:\/\/api.w.org\/{rel}","templated":true}]}}